{"id":467,"date":"2020-04-06T14:36:32","date_gmt":"2020-04-06T12:36:32","guid":{"rendered":"https:\/\/www.os4x.com\/?page_id=467"},"modified":"2020-04-06T14:48:09","modified_gmt":"2020-04-06T12:48:09","slug":"why-os4x-2","status":"publish","type":"page","link":"https:\/\/www.os4x.com\/en\/why-os4x-2\/","title":{"rendered":"Why OS4X?"},"content":{"rendered":"<section   class=\"fw-main-row  auto  fw-section-position-back\"    >\n\t\t\t<div class=\"fw-container\" >\n\t\t<div class=\"fw-row\">\n\t<div id=\"column-69f724dcd3d41\" class=\"fw-col-sm-12 tf-sh-2da1c7ee17544137f9fbf7cfd4b428e3  fw-animated-element\" data-animation-type=\"fadeInUp\" data-animation-delay=\"200\">\n\t<div class=\"fw-wrap-col-inner clearfix\"   >\n\t\t\t\t<div class=\"fw-col-inner\">\n\t\t\t<div class=\"fw-heading fw-heading-left  tf-sh-70fb5c9717dbae04fcc2ab7bc1826944\" >\n\t\t\t<h1 class=\"fw-special-title\">Why OS4X?<\/h1>\n\t\n\t\n\t<\/div><div class=\"fw-text-box tf-sh-c0a885dc85d2dfba1f6e463712c556d3\" >\n\t<div class=\"fw-text-inner\">\n\t\t<p class=\"bodytext\"><img loading=\"lazy\" decoding=\"async\" class=\"size-full wp-image-81 alignright\" src=\"https:\/\/www.os4x.com\/wp-content\/uploads\/2020\/03\/os4x_logo_official.png\" alt=\"\" width=\"300\" height=\"188\" \/>OS4X is one of the two first OFTP2 systems in the world which has been certified in Odette's OFTP2 interoperability tests (\"one has to be tested against\"). We are an active member of the OFTP2 expert working group at Odette. There are several other reasons why you should choose OS4X:<\/p>\n\t<\/div>\n<\/div><div class=\"fw-list list-default  tf-sh-aa7d007ca36154e136ffb5d9fe793aeb\" >\n\t<ul>\n\t\t\n\t\t\t\n\t\t\t\t<li>\n\t\t\t\t\tIt simply works: You can expect a working OFTP2 solution. Against everything you may have experienced before with other solutions: OS4X does the job.\n\t\t\t\t\t\t\t\t\t<\/li>\n\n\t\t\t\n\t\t\t\t<li>\n\t\t\t\t\tReliable: OS4X is designed to run in the background for years. Once started, it doesn\\'t allocate more resources than needed, it doesn\\'t grow over time. All mechanisms run the same, once smoothly configured.\n\t\t\t\t\t\t\t\t\t<\/li>\n\n\t\t\t\n\t\t\t\t<li>\n\t\t\t\t\tEasy installation: We offer an installation wizard which lets you install OS4X within a minute (depending on your computer performance). You can also install the system by manually extracting the archive with the help of the online documentation.\n\t\t\t\t\t\t\t\t\t<\/li>\n\n\t\t\t\n\t\t\t\t<li>\n\t\t\t\t\tEasy updates: Same as the installation process, you can use the automatic software update mechanism which offers a functionality to installation updates automatically, semi-automatically or manually. You can also enlist yourself on the official update server and configure automatic periodically update checks.\n\t\t\t\t\t\t\t\t\t<\/li>\n\n\t\t\t\n\t\t\t\t<li>\n\t\t\t\t\tFast release cycles: Because the amount of software updates is unlimited, we deliver new versions very fast. You won\\'t have to wait long for new functionality, bugfixes or security fixes.\n\t\t\t\t\t\t\t\t\t<\/li>\n\n\t\t\t\t\t\t<\/ul>\n<\/div>\t\t<\/div>\n\t<\/div>\n<\/div><\/div>\n\n<div class=\"fw-row\">\n\t<div id=\"column-69f724dcd41a3\" class=\"fw-col-sm-12 tf-sh-99c44609e9e945e283aa11953710ee29  fw-animated-element\" data-animation-type=\"fadeInUp\" data-animation-delay=\"200\">\n\t<div class=\"fw-wrap-col-inner clearfix\"   >\n\t\t\t\t<div class=\"fw-col-inner\">\n\t\t\t<div class=\"fw-heading fw-heading-left  tf-sh-2b90e263ce21bbf26d0d675277d13f45\" >\n\t\t\t<h1 class=\"fw-special-title\">Power for you<\/h1>\n\t\n\t\n\t<\/div><div class=\"fw-list list-default  tf-sh-3b68563226fb153e9ed9733f88395c3a  fw-animated-element\"  data-animation-type=\"fadeInUp\" data-animation-delay=\"200\">\n\t<ul>\n\t\t\n\t\t\t\n\t\t\t\t<li>\n\t\t\t\t\tGrowing functionality based on your demands: If you have an idea for a feature request, we're open minded to hear from you. We will implement new features as fast as possible (sometimes within one business day, depending on the impact of the change). Automatic updates help you to achieve a fast availability of all these features.\n\t\t\t\t\t\t\t\t\t<\/li>\n\n\t\t\t\n\t\t\t\t<li>\n\t\t\t\t\tEasily self-maintainable: No fees for editing entities (like other software products request; you won't believe that this really exists).\n\t\t\t\t\t\t\t\t\t<\/li>\n\n\t\t\t\n\t\t\t\t<li>\n\t\t\t\t\tVirtualization support: OS4X can run smoothly on any virtualization environment you want. Support for VMware environments is explicitly given, for any other the independent OVA (\"Open Virtualization Archive\") is available, too. Tested environments are all VMware products, Citrix XenServer, Oracle VirtualBox, all Parallels products and Microsoft Hyper-V.\n\t\t\t\t\t\t\t\t\t<\/li>\n\n\t\t\t\n\t\t\t\t<li>\n\t\t\t\t\tInstant startup: Using our pre-configured, ready-to-run free virtualized image, you can start using OS4X within minutes. We offer a free emergency license for testing purposes online.\n\t\t\t\t\t\t\t\t\t<\/li>\n\n\t\t\t\t\t\t<\/ul>\n<\/div>\t\t<\/div>\n\t<\/div>\n<\/div><\/div>\n\n<div class=\"fw-row\">\n\t<div id=\"column-69f724dcd449d\" class=\"fw-col-sm-12 tf-sh-92f6c1a2f6342cb1b0e48771d5c1656e  fw-animated-element\" data-animation-type=\"fadeInUp\" data-animation-delay=\"200\">\n\t<div class=\"fw-wrap-col-inner clearfix\"   >\n\t\t\t\t<div class=\"fw-col-inner\">\n\t\t\t<div class=\"fw-heading fw-heading-left  tf-sh-a506f0622100f74be921eae3a0d05e08\" >\n\t\t\t<h1 class=\"fw-special-title\">Many free features and services<\/h1>\n\t\n\t\n\t<\/div><div class=\"fw-list list-default  tf-sh-36b6f155d538bf91e93da2ce3b17dea7\" >\n\t<ul>\n\t\t\n\t\t\t\n\t\t\t\t<li>\n\t\t\t\t\tFree OFTP2 certificate: Every OS4X customer can obtain one free OFTP2 certificate, issued by our certified OFTP2 CA. This CA is included in Odette's list of trusted certificates, so you won't have any trouble using it.\n\t\t\t\t\t\t\t\t\t<\/li>\n\n\t\t\t\n\t\t\t\t<li>\n\t\t\t\t\tFree data migration: OS4X offers a free partner data migration from external systems, like DaxWare, Eurex-C, WinElke and SWAN. Partner and job data migration is available for DDX systems, too.\n\t\t\t\t\t\t\t\t\t<\/li>\n\n\t\t\t\n\t\t\t\t<li>\n\t\t\t\t\tFree initial setup support: We will help you until your system is fully working.\n\t\t\t\t\t\t\t\t\t<\/li>\n\n\t\t\t\n\t\t\t\t<li>\n\t\t\t\t\tCost-free license migration: You can switch your installation from one system to another. If you need a new license for your new target machine, you get it without any cost. Even better: you can switch your license instantly online!\n\t\t\t\t\t\t\t\t\t<\/li>\n\n\t\t\t\n\t\t\t\t<li>\n\t\t\t\t\tUnlimited bandwidth and amount of channels: OS4X doesn't limit your data transfer channels, neither in bandwidth nor in amount of used channels. The only limit is your external bandwidth.\n\t\t\t\t\t\t\t\t\t<\/li>\n\n\t\t\t\n\t\t\t\t<li>\n\t\t\t\t\tNo file size and file count limitation: OS4X doesn't limit your transferred file size or amount of files. You can transport as many files as you want.\n\t\t\t\t\t\t\t\t\t<\/li>\n\n\t\t\t\t\t\t<\/ul>\n<\/div>\t\t<\/div>\n\t<\/div>\n<\/div><\/div>\n\n<div class=\"fw-row\">\n\t<div id=\"column-69f724dcd474e\" class=\"fw-col-sm-12 tf-sh-f2dc8d17509a82fa1dad95b6c78d8d46  fw-animated-element\" data-animation-type=\"fadeInUp\" data-animation-delay=\"200\">\n\t<div class=\"fw-wrap-col-inner clearfix\"   >\n\t\t\t\t<div class=\"fw-col-inner\">\n\t\t\t<div class=\"fw-heading fw-heading-left  tf-sh-057d1dfd6d173bf4bf93cf0f15f57e6e\" >\n\t\t\t<h1 class=\"fw-special-title\">Technical aspects<\/h1>\n\t\n\t\n\t<\/div><div class=\"fw-list list-default  tf-sh-6b5982255e9781b19ca225930b39fb70\" >\n\t<ul>\n\t\t\n\t\t\t\n\t\t\t\t<li>\n\t\t\t\t\tFull OFTP2 and OFTP1.x support: As one of the first Odette certified OFTP2 system in the world, OS4X supports the full functionality of OFTP2. For backward compatibility reasons, OFTP1.x is fully supported, too, so you can seamlessly communicate with OFTP1.x and OFTP2 partners from one system.\n\t\t\t\t\t\t\t\t\t<\/li>\n\n\t\t\t\n\t\t\t\t<li>\n\t\t\t\t\tAesthetic web interface: OS4X offers an easy-to-use HTML5 web interface, providing desktop application-like behavior. Using newest web technologies, you can use the web interface on any device which can contact your OS4X webserver.\n\t\t\t\t\t\t\t\t\t<\/li>\n\n\t\t\t\n\t\t\t\t<li>\n\t\t\t\t\tHuman-readable logs and messages: Because you don't want to interpret error numbers, we also provide the human-interpretable error message in all logs.\n\t\t\t\t\t\t\t\t\t<\/li>\n\n\t\t\t\n\t\t\t\t<li>\n\t\t\t\t\tComplete logging: OS4X saves all logs in the database, making it easily searchable, sortable and manageable. Everything and every situation is contained within these logs. OS4X also gives advice what to change in defective situations. This makes troubleshooting even easier.\n\t\t\t\t\t\t\t\t\t<\/li>\n\n\t\t\t\n\t\t\t\t<li>\n\t\t\t\t\tAlways up-to-date online documentation: The always updated online documentation, also reachable and linked from the web interface, contains everything you will need for understanding the system.\n\t\t\t\t\t\t\t\t\t<\/li>\n\n\t\t\t\n\t\t\t\t<li>\n\t\t\t\t\tGreat support for in-house 3rd-party systems: OS4X is highly configurable, so you can adopt it to other systems in a very comfortable way.\n\t\t\t\t\t\t\t\t\t<\/li>\n\n\t\t\t\n\t\t\t\t<li>\n\t\t\t\t\tFree statistics: Traffic statistics are included in OS4X, so you can get all the information about transfer speeds and history within seconds.\n\t\t\t\t\t\t\t\t\t<\/li>\n\n\t\t\t\t\t\t<\/ul>\n<\/div>\t\t<\/div>\n\t<\/div>\n<\/div><\/div>\n\n<div class=\"fw-row\">\n\t<div id=\"column-69f724dcd49cf\" class=\"fw-col-sm-12 tf-sh-25f37dafbf8c2653d2bf94f2c79da66b  fw-animated-element\" data-animation-type=\"fadeInUp\" data-animation-delay=\"200\">\n\t<div class=\"fw-wrap-col-inner clearfix\"   >\n\t\t\t\t<div class=\"fw-col-inner\">\n\t\t\t<div class=\"fw-heading fw-heading-left  tf-sh-e78e1a6cbf4bafe25508d4921c718b79\" >\n\t\t\t<h1 class=\"fw-special-title\">OS4X Enterprise for high demands<\/h1>\n\t\n\t\n\t<\/div><div class=\"fw-list list-default  tf-sh-9f8d16b185b8f34ffa94987e5fe6e327\" >\n\t<ul>\n\t\t\n\t\t\t\n\t\t\t\t<li>\n\t\t\t\t\tOther send protocol support: Not only OFTP2 is supported for sending files, but also other protocols like FTP, WebDAV, SFTP etc. You can even implement your own protocol definition on your own.\n\t\t\t\t\t\t\t\t\t<\/li>\n\n\t\t\t\n\t\t\t\t<li>\n\t\t\t\t\tOptional local decompression: OS4X Webaccess offers the functionality to  decompress known file archives (like ZIP, TAR, RAR and others) locally. Users can enable or disable this feature for future file transactions.\n\t\t\t\t\t\t\t\t\t<\/li>\n\n\t\t\t\n\t\t\t\t<li>\n\t\t\t\t\tUnlimited file upload: OS4X Webaccess supports latest HTML5 technology for unlimited file size uploads. No more hassle with 2GB limits as other systems, OS4X dynamically uses this functionality wherever available.\n\t\t\t\t\t\t\t\t\t<\/li>\n\n\t\t\t\t\t\t<\/ul>\n<\/div>\t\t<\/div>\n\t<\/div>\n<\/div><\/div>\n\n<div class=\"fw-row\">\n\t<div id=\"column-69f724dcd4c91\" class=\"fw-col-sm-12 tf-sh-74aa3d24afc391c7e89cfef95034f158  fw-animated-element\" data-animation-type=\"fadeInUp\" data-animation-delay=\"200\">\n\t<div class=\"fw-wrap-col-inner clearfix\"   >\n\t\t\t\t<div class=\"fw-col-inner\">\n\t\t\t<div class=\"fw-heading fw-heading-left  tf-sh-a60cef7cb9e8cf9ad6508414794cd74c\" >\n\t\t\t<h1 class=\"fw-special-title\">Which OS4X?<\/h1>\n\t\n\t\n\t<\/div><div class=\"fw-text-box tf-sh-5936a8b2c53a7e464abb1091d2e3552f\" >\n\t<div class=\"fw-text-inner\">\n\t\t<p class=\"bodytext\"><b>OS4X<\/b>\u00a0comes in several editions with different levels of solutions. Starting from reliable OFTP2 managed file transfers including basic automated tasks, other features may extend the functionality of your installation. Find out which\u00a0<b>OS4X<\/b>edition is the perfect one for you, updating is possible anytime!<\/p>\n<p>&nbsp;<\/p>\n<p><a title=\"Products\" href=\"https:\/\/www.os4x.com\/en\/products-2\/\">Read more...<\/a><\/p>\n\t<\/div>\n<\/div>\t\t<\/div>\n\t<\/div>\n<\/div><\/div>\n\n\t<\/div>\n\t<\/section>","protected":false},"excerpt":{"rendered":"<p>Warum OS4X? OS4X ist eines der ersten beiden weltweit durch Odette zertifizierten OFTP2-Systeme (schlie\u00dflich mussten wir als erste gegen jemand anderen testen). Wir sind aktives Mitglied der OFTP2 Experts Arbeitsgruppe. Es gibt zahlreiche Gr\u00fcnde, warum Sie OS4X als Ihr OFTP2-System w\u00e4hlen sollten: Es funktioniert einfach: Sie k\u00f6nnen ein lauff\u00e4higes OFTP2-System erwarten. Entgegen aller Erfahrungen die [&hellip;]<\/p>\n","protected":false},"author":1,"featured_media":0,"parent":0,"menu_order":0,"comment_status":"closed","ping_status":"closed","template":"visual-builder-template.php","meta":{"footnotes":""},"class_list":["post-467","page","type-page","status-publish","hentry"],"aioseo_notices":[],"post_mailing_queue_ids":[],"_links":{"self":[{"href":"https:\/\/www.os4x.com\/en\/wp-json\/wp\/v2\/pages\/467","targetHints":{"allow":["GET"]}}],"collection":[{"href":"https:\/\/www.os4x.com\/en\/wp-json\/wp\/v2\/pages"}],"about":[{"href":"https:\/\/www.os4x.com\/en\/wp-json\/wp\/v2\/types\/page"}],"author":[{"embeddable":true,"href":"https:\/\/www.os4x.com\/en\/wp-json\/wp\/v2\/users\/1"}],"replies":[{"embeddable":true,"href":"https:\/\/www.os4x.com\/en\/wp-json\/wp\/v2\/comments?post=467"}],"version-history":[{"count":5,"href":"https:\/\/www.os4x.com\/en\/wp-json\/wp\/v2\/pages\/467\/revisions"}],"predecessor-version":[{"id":474,"href":"https:\/\/www.os4x.com\/en\/wp-json\/wp\/v2\/pages\/467\/revisions\/474"}],"wp:attachment":[{"href":"https:\/\/www.os4x.com\/en\/wp-json\/wp\/v2\/media?parent=467"}],"curies":[{"name":"wp","href":"https:\/\/api.w.org\/{rel}","templated":true}]}}