{"id":33,"date":"2020-03-20T14:49:58","date_gmt":"2020-03-20T13:49:58","guid":{"rendered":"https:\/\/www.os4x.com\/?page_id=33"},"modified":"2024-04-04T21:06:21","modified_gmt":"2024-04-04T19:06:21","slug":"imprint-2","status":"publish","type":"page","link":"https:\/\/www.os4x.com\/en\/imprint-2\/","title":{"rendered":"Legal notice"},"content":{"rendered":"<section   class=\"fw-main-row  auto  fw-section-position-back\"    >\n\t\t\t<div class=\"fw-container\" >\n\t\t<div class=\"fw-row\">\n\t<div id=\"column-69f446fc9a7cc\" class=\"fw-col-sm-12 tf-sh-d11db70dd1765967c9cd16e6f80cac1f\" >\n\t<div class=\"fw-wrap-col-inner clearfix\"   >\n\t\t\t\t<div class=\"fw-col-inner\">\n\t\t\t<div class=\"fw-heading fw-heading-left  tf-sh-19fb10049b9bf5b9aa5e9d51a1e3f9c6\" >\n\t\t\t<h3 class=\"fw-special-title\">Legal notice<\/h3>\n\t\n\t\n\t<\/div><div class=\"fw-text-box tf-sh-089cf79b6baec959780aa741792a2434\" >\n\t<div class=\"fw-text-inner\">\n\t\t<h3>Information pursuant to Sect. 5 German Telemedia Act (TMG)<\/h3>\n<p>c-works GmbH<br \/>Otto-Lilienthal-Str. 36<br \/>71034 B\u00f6blingen<\/p>\n<p>Commercial Register: HRB725882<br \/>Registration court: Amtsgericht Stuttgart<\/p>\n<p>DUNS: 340247257<br \/>Odette-ID: O01770000000000X09G000000<\/p>\n<p><strong>Represented by:<\/strong><br \/>Harald Koch<\/p>\n<h3>Contact<\/h3>\n<p>Phone: <a href=\"tel:+49309203833374\">+49 30 920 383 3374<\/a><br \/>Email: contact@c-works.de<\/p>\n<h3>VAT ID<\/h3>\n<p>Sales tax identification number according to \u00a7 27 a sales tax law:<br \/>DE258875064<\/p>\n<h3>Information on professional liability insurance<\/h3>\n<p><strong>Name and registered office of the insurer:<\/strong><br \/>Allianz Versicherungs-Aktiengesellschaft<br \/>10900 Berlin<\/p>\n<p><strong>Scope of insurance:<\/strong><br \/>Worldwide<\/p>\n<h3>Responsible for the content according to \u00a7 55. 2 RStV<\/h3>\n<p>Harald Koch<br \/>Otto-Lilienthal-Str. 36<br \/>71034 B\u00f6blingen<\/p>\n<h3>EU dispute settlement<\/h3>\n<p>The European Commission provides a platform for online dispute resolution (OS):\u00a0<a href=\"https:\/\/ec.europa.eu\/consumers\/odr\" target=\"_blank\" rel=\"noopener noreferrer\">https:\/\/ec.europa.eu\/consumers\/odr<\/a>.<br \/>You can find our email address in the imprint above.<\/p>\n<h3>Consumer dispute settlement \/ universal arbitration board<\/h3>\n<p>We are not willing or obliged to participate in dispute resolution proceedings before a consumer arbitration board.<\/p>\n\t<\/div>\n<\/div>\t\t<\/div>\n\t<\/div>\n<\/div><\/div>\n\n<div class=\"fw-row\">\n\t<div id=\"column-69f446fc9a9be\" class=\"fw-col-sm-12 tf-sh-d73c04449198a385012c1a5a1c97c193\" >\n\t<div class=\"fw-wrap-col-inner clearfix\"   >\n\t\t\t\t<div class=\"fw-col-inner\">\n\t\t\t<div class=\"fw-heading fw-heading-left  tf-sh-4a9cb91f611015417be2f089073b1ddb\" >\n\t\t\t<h2 class=\"fw-special-title\">Picture credits<\/h2>\n\t\n\t\n\t<\/div><div class=\"fw-text-box tf-sh-849cd7331cdd32e345dbcaef2ce3dcc5\" >\n\t<div class=\"fw-text-inner\">\n\t\t<p>\u00a9 Nataliya Hora - Fotolia.com<br \/>\u00a9 Nonwarit - Fotolia.com<br \/>\u00a9 Goran Bogicevic - Fotolia.com<br \/>\u00a9 lassedesignen - Fotolia.com<br \/>\u00a9 .shock - Fotolia.com<br \/>\u00a9 Vtls - Fotolia.com<\/p>\n\t<\/div>\n<\/div>\t\t<\/div>\n\t<\/div>\n<\/div><\/div>\n\n<div class=\"fw-row\">\n\t<div id=\"column-69f446fc9aac4\" class=\"fw-col-sm-12 tf-sh-db802e1972036094d5363c785c1c13e1\" >\n\t<div class=\"fw-wrap-col-inner clearfix\"   >\n\t\t\t\t<div class=\"fw-col-inner\">\n\t\t\t<div class=\"fw-heading fw-heading-left  tf-sh-ad18432fc137c804eb72c2f42cc67c3b\" >\n\t\t\t<h2 class=\"fw-special-title\">Disclaimer<\/h2>\n\t\n\t\n\t<\/div><div class=\"fw-text-box tf-sh-fd39a2b624bcd1c2a630be7fe1ce5d93\" >\n\t<div class=\"fw-text-inner\">\n\t\t<p>1. Content<\/p>\n<p>The author reserves the right not to be responsible for the topicality, correctness, completeness or quality of the information provided. Liability claims regarding damage caused by the use of any information provided, including any kind of information which is incomplete or incorrect,will therefore be rejected.<\/p>\n<p>All offers are not-binding and without obligation. Parts of the pages or the complete publication including all offers and information might be extended, changed or partly or completely deleted by the author without separate announcement.<\/p>\n<p>2. Referrals and links<\/p>\n<p>The author is not responsible for any contents linked or referred to from his pages - unless he has full knowledge of illegal contents and would be able to prevent the visitors of his site fromviewing those pages. If any damage occurs by the use of information presented there, only the author of the respective pages might be liable, not the one who has linked to these pages. Furthermore the author is not liable for any postings or messages published by users of discussion boards, guestbooks or mailinglists provided on his page.<\/p>\n<p>Der Autor erkl\u00e4rt hiermit ausdr\u00fccklich, dass zum Zeitpunkt der Linksetzung keine illegalen Inhalte auf den zu verlinkenden Seiten erkennbar waren. Auf die aktuelle und zuk\u00fcnftige Gestaltung, die Inhalte oder die Urheberschaft der verlinkten\/verkn\u00fcpften Seiten hat der Autor keinerlei Einfluss. Deshalb distanziert er sich hiermit ausdr\u00fccklich von allen Inhalten aller verlinkten \/verkn\u00fcpften Seiten, die nach der Linksetzung ver\u00e4ndert wurden. Diese Feststellung gilt f\u00fcr alle innerhalb des eigenen Internetangebotes gesetzten Links und Verweise sowie f\u00fcr Fremdeintr\u00e4ge in vom Autor eingerichteten G\u00e4steb\u00fcchern, Diskussionsforen, Linkverzeichnissen, Mailinglisten und in allen anderen Formen von Datenbanken, auf deren Inhalt externe Schreibzugriffe m\u00f6glich sind. F\u00fcr illegale, fehlerhafte oder unvollst\u00e4ndige Inhalte und insbesondere f\u00fcr Sch\u00e4den, die aus der Nutzung oder Nichtnutzung solcherart dargebotener Informationen entstehen, haftet allein der Anbieter der Seite, auf welche verwiesen wurde, nicht derjenige, der \u00fcber Links auf die jeweilige Ver\u00f6ffentlichung lediglich verweist.<\/p>\n<p>3. Copyright<\/p>\n<p>The author intended not to use any copyrighted material for the publication or, if not possible, to indicate the copyright of the respective object.<\/p>\n<p>The copyright for any material created by the author is reserved. Any duplication or use of objects such as images, diagrams, sounds or texts in other electronic or printed publications is not permitted without the author's agreement.<\/p>\n<p>Das Copyright f\u00fcr ver\u00f6ffentlichte, vom Autor selbst erstellte Objekte bleibt allein beim Autor der Seiten. Eine Vervielf\u00e4ltigung oder Verwendung solcher Grafiken, Tondokumente, Videosequenzen und Texte in anderen elektronischen oder gedruckten Publikationen ist ohne ausdr\u00fcckliche Zustimmung des Autors nicht gestattet.<\/p>\n<p>4. Privacy policy<\/p>\n<p>If the opportunity for the input of personal or business data (email addresses, name, addresses) is given, the input of these data takes place voluntarily. The use and payment of all offered services are permitted - if and so far technically possible and reasonable - without specification of any personal data or under specification of anonymized data or an alias. The use of published postal addresses, telephone or fax numbers and email addresses for marketing purposes is prohibited, offenders sending unwanted spam messages will be punished.<\/p>\n<p>5. Legal validity of this disclaimer<\/p>\n<p>This disclaimer is to be regarded as part of the internet publication which you were referred from. If sections or individual terms of this statement are not legal or correct, the content or validity of the other parts remain uninfluenced by this fact.<\/p>\n\t<\/div>\n<\/div>\t\t<\/div>\n\t<\/div>\n<\/div><\/div>\n\n\t<\/div>\n\t<\/section>","protected":false},"excerpt":{"rendered":"<p>Impressum Angaben gem\u00e4\u00df \u00a7 5 TMG c-works GmbHOtto-Lilienthal-Str. 3671034 B\u00f6blingen Handelsregister: HRB725882Registergericht: Amtsgericht Stuttgart DUNS: 340247257Odette-ID: O01770000000000X09G000000 Vertreten durch:Harald Koch Kontakt Telefon: +49 30 920 383 3374E-Mail: kontakt@c-works.de Umsatzsteuer-ID Umsatzsteuer-Identifikationsnummer gem\u00e4\u00df \u00a7 27 a Umsatzsteuergesetz:DE258875064 Angaben zur Berufshaftpflichtversicherung Name und Sitz des Versicherers:Allianz Versicherungs-Aktiengesellschaft10900 Berlin Geltungsraum der Versicherung:Weltweit Verantwortlich f\u00fcr den Inhalt nach \u00a7 55 [&hellip;]<\/p>\n","protected":false},"author":1,"featured_media":0,"parent":0,"menu_order":0,"comment_status":"closed","ping_status":"closed","template":"visual-builder-template.php","meta":{"footnotes":""},"class_list":["post-33","page","type-page","status-publish","hentry"],"aioseo_notices":[],"post_mailing_queue_ids":[],"_links":{"self":[{"href":"https:\/\/www.os4x.com\/en\/wp-json\/wp\/v2\/pages\/33","targetHints":{"allow":["GET"]}}],"collection":[{"href":"https:\/\/www.os4x.com\/en\/wp-json\/wp\/v2\/pages"}],"about":[{"href":"https:\/\/www.os4x.com\/en\/wp-json\/wp\/v2\/types\/page"}],"author":[{"embeddable":true,"href":"https:\/\/www.os4x.com\/en\/wp-json\/wp\/v2\/users\/1"}],"replies":[{"embeddable":true,"href":"https:\/\/www.os4x.com\/en\/wp-json\/wp\/v2\/comments?post=33"}],"version-history":[{"count":8,"href":"https:\/\/www.os4x.com\/en\/wp-json\/wp\/v2\/pages\/33\/revisions"}],"predecessor-version":[{"id":1219,"href":"https:\/\/www.os4x.com\/en\/wp-json\/wp\/v2\/pages\/33\/revisions\/1219"}],"wp:attachment":[{"href":"https:\/\/www.os4x.com\/en\/wp-json\/wp\/v2\/media?parent=33"}],"curies":[{"name":"wp","href":"https:\/\/api.w.org\/{rel}","templated":true}]}}