{"id":27,"date":"2020-03-20T14:49:04","date_gmt":"2020-03-20T13:49:04","guid":{"rendered":"https:\/\/www.os4x.com\/?page_id=27"},"modified":"2020-04-06T13:18:01","modified_gmt":"2020-04-06T11:18:01","slug":"support","status":"publish","type":"page","link":"https:\/\/www.os4x.com\/en\/support\/","title":{"rendered":"Support"},"content":{"rendered":"<section   class=\"fw-main-row  auto  fw-section-position-back\"    >\n\t\t\t<div class=\"fw-container\" >\n\t\t<div class=\"fw-row\">\n\t<div id=\"column-6a0834264467f\" class=\"fw-col-sm-12 tf-sh-0652799ed1cb6c7adc9874d8ded2fcf0\" >\n\t<div class=\"fw-wrap-col-inner clearfix\"   >\n\t\t\t\t<div class=\"fw-col-inner\">\n\t\t\t<div class=\"fw-heading fw-heading-left  tf-sh-91f582dd4361451ac6e9dd418ab1a6a4\" >\n\t\t\t<h1 class=\"fw-special-title\">Support<\/h1>\n\t\n\t\n\t<\/div><div class=\"fw-text-box tf-sh-69444e81fe94dbecd8bfa6976f3d7dce\" >\n\t<div class=\"fw-text-inner\">\n\t\t<p>In these sections, you can access all support options we offer for our products. These are:<\/p>\n\t<\/div>\n<\/div>\t\t<\/div>\n\t<\/div>\n<\/div><\/div>\n\n<div class=\"fw-row\">\n\t<div id=\"column-6a0834264488b\" class=\"fw-col-sm-12 tf-sh-6fdc6275e927ec2d88a95e98b5fe3be6  fw-animated-element\" data-animation-type=\"fadeInUp\" data-animation-delay=\"200\">\n\t<div class=\"fw-wrap-col-inner clearfix\"   >\n\t\t\t\t<div class=\"fw-col-inner\">\n\t\t\t<div class=\"fw-text-box tf-sh-ae92ba21f997673c7199614e794b64d9\" >\n\t<div class=\"fw-text-inner\">\n\t\t<p><a title=\"Emergency license\" href=\"https:\/\/www.os4x.com\/en\/support\/emergency-license-2\/\">Emergency license<\/a>: We are proud to offer you a service to instantly retrieve a OS4X license, valid for 14 days. This license will be sent to your given email address, so you can start instantly with OS4X!<\/p>\n\t<\/div>\n<\/div>\t\t<\/div>\n\t<\/div>\n<\/div><\/div>\n\n<div class=\"fw-row\">\n\t<div id=\"column-6a08342644995\" class=\"fw-col-sm-12 tf-sh-a59cc01d93569f05d3077d8a60fa9b20  fw-animated-element\" data-animation-type=\"fadeInUp\" data-animation-delay=\"200\">\n\t<div class=\"fw-wrap-col-inner clearfix\"   >\n\t\t\t\t<div class=\"fw-col-inner\">\n\t\t\t<div class=\"fw-text-box tf-sh-3bce18e78cddf733b933447da767b06a\" >\n\t<div class=\"fw-text-inner\">\n\t\t<p><a title=\"Support order\" href=\"https:\/\/www.os4x.com\/en\/support\/supportorder-2\/\">Support order<\/a>: In case of emergency, you can order our premium support with different levels of reaction time. We will help you as fast as possible.<\/p>\n\t<\/div>\n<\/div>\t\t<\/div>\n\t<\/div>\n<\/div><\/div>\n\n<div class=\"fw-row\">\n\t<div id=\"column-6a08342644a7b\" class=\"fw-col-sm-12 tf-sh-27497e69b176e52bb1afdd34d2c284b3  fw-animated-element\" data-animation-type=\"fadeInUp\" data-animation-delay=\"200\">\n\t<div class=\"fw-wrap-col-inner clearfix\"   >\n\t\t\t\t<div class=\"fw-col-inner\">\n\t\t\t<div class=\"fw-text-box tf-sh-e458fc62677965f84e00e31a8e9045b0\" >\n\t<div class=\"fw-text-inner\">\n\t\t<p><a title=\"OS update\" href=\"https:\/\/www.os4x.com\/en\/support\/operating-system-update-2\/\">OS update<\/a>: In addition to our own product support, we assist you in operating system upgrade, update and configuration tasks.<\/p>\n\t<\/div>\n<\/div>\t\t<\/div>\n\t<\/div>\n<\/div><\/div>\n\n<div class=\"fw-row\">\n\t<div id=\"column-6a08342644b65\" class=\"fw-col-sm-12 tf-sh-f3a8d33dfa9581f5a11dd13fcffc8389  fw-animated-element\" data-animation-type=\"fadeInUp\" data-animation-delay=\"200\">\n\t<div class=\"fw-wrap-col-inner clearfix\"   >\n\t\t\t\t<div class=\"fw-col-inner\">\n\t\t\t<div class=\"fw-text-box tf-sh-48a09cc14c898fbe99567b133e11f685\" >\n\t<div class=\"fw-text-inner\">\n\t\t<p><a href=\"https:\/\/www.os4x.com\/en\/support\/ticket-system.html\/\" target=\"_blank\" rel=\"noopener\">Ticket system<\/a>: Our ticket system is available for your service to initiate a new ticket and keep track of the progress of existing tickets.<\/p>\n\t<\/div>\n<\/div>\t\t<\/div>\n\t<\/div>\n<\/div><\/div>\n\n<div class=\"fw-row\">\n\t<div id=\"column-6a08342644e0b\" class=\"fw-col-sm-12 tf-sh-b49c123c57a4589bad89c565241a71b1  fw-animated-element\" data-animation-type=\"fadeInUp\" data-animation-delay=\"200\">\n\t<div class=\"fw-wrap-col-inner clearfix\"   >\n\t\t\t\t<div class=\"fw-col-inner\">\n\t\t\t<div class=\"fw-text-box tf-sh-a67a2a96104753ba65c0077b9b718760\" >\n\t<div class=\"fw-text-inner\">\n\t\t<p><a href=\"https:\/\/wiki.os4x.com\/\" target=\"_blank\" rel=\"noopener\">Documentation<\/a>: Our extensive and always up-to-date online documentation contains all information you need to configure and manage your OS4X installation.<\/p>\n\t<\/div>\n<\/div>\t\t<\/div>\n\t<\/div>\n<\/div><\/div>\n\n\t<\/div>\n\t<\/section>","protected":false},"excerpt":{"rendered":"<p>Support Auf den folgenden Seiten erhalten Sie Zugriff auf alle Supportoptionen unserer Produkte. Diese sind: Notfall-Lizenz:\u00a0Wir sind stolz Ihnen eine M\u00f6glichkeit bieten zu k\u00f6nnen, mit der Sie sofort eine OS4X-Lizenz (g\u00fcltig f\u00fcr 14 Tage) erhalten k\u00f6nnen. Mit dieser Lizenz sind Sie sofort startbereit und k\u00f6nnen mit OS4X produktiv arbeiten! Supportbestellung:\u00a0Im Fall eines Fehlers k\u00f6nnen Sie [&hellip;]<\/p>\n","protected":false},"author":1,"featured_media":0,"parent":0,"menu_order":0,"comment_status":"closed","ping_status":"closed","template":"visual-builder-template.php","meta":{"footnotes":""},"class_list":["post-27","page","type-page","status-publish","hentry"],"aioseo_notices":[],"post_mailing_queue_ids":[],"_links":{"self":[{"href":"https:\/\/www.os4x.com\/en\/wp-json\/wp\/v2\/pages\/27","targetHints":{"allow":["GET"]}}],"collection":[{"href":"https:\/\/www.os4x.com\/en\/wp-json\/wp\/v2\/pages"}],"about":[{"href":"https:\/\/www.os4x.com\/en\/wp-json\/wp\/v2\/types\/page"}],"author":[{"embeddable":true,"href":"https:\/\/www.os4x.com\/en\/wp-json\/wp\/v2\/users\/1"}],"replies":[{"embeddable":true,"href":"https:\/\/www.os4x.com\/en\/wp-json\/wp\/v2\/comments?post=27"}],"version-history":[{"count":9,"href":"https:\/\/www.os4x.com\/en\/wp-json\/wp\/v2\/pages\/27\/revisions"}],"predecessor-version":[{"id":452,"href":"https:\/\/www.os4x.com\/en\/wp-json\/wp\/v2\/pages\/27\/revisions\/452"}],"wp:attachment":[{"href":"https:\/\/www.os4x.com\/en\/wp-json\/wp\/v2\/media?parent=27"}],"curies":[{"name":"wp","href":"https:\/\/api.w.org\/{rel}","templated":true}]}}