{"id":2,"date":"2020-01-28T12:35:30","date_gmt":"2020-01-28T11:35:30","guid":{"rendered":"https:\/\/www.os4x.com\/?page_id=2"},"modified":"2020-04-06T15:32:20","modified_gmt":"2020-04-06T13:32:20","slug":"beispiel-seite","status":"publish","type":"page","link":"https:\/\/www.os4x.com\/en\/","title":{"rendered":"Home"},"content":{"rendered":"<p><section   class=\"fw-main-row-custom fw-main-row-top fw-section-no-padding  auto  fw-section-position-back tf-sh-f247ec8df85b40539f06d9baded3e3d5\"    >\n\t\t\t<div class=\"fw-container-fluid\" >\n\t\t<div class=\"fw-row\">\n\t<div id=\"column-69dfde2c73dad\" class=\"fw-col-sm-12 tf-sh-9e1cb663bbee012fb1116f6fdc44350f  fw-col-no-padding\" >\n\t<div class=\"fw-wrap-col-inner clearfix\"   >\n\t\t\t\t<div class=\"fw-col-inner\">\n\t\t\t\t<div class=\"fw-wrap-fade-slider tf-sh-b776263242496202e525ed250c29f602 tf-sh-b776263242496202e525ed250c29f60232\">\n\t\t<!-- Loading Spinner -->\n\t\t<div class=\"spinner\">\n\t\t\t<div class=\"wBall\" id=\"wBall_1\">\n\t\t\t\t<div class=\"wInnerBall\">\n\t\t\t\t<\/div>\n\t\t\t<\/div>\n\t\t\t<div class=\"wBall\" id=\"wBall_2\">\n\t\t\t\t<div class=\"wInnerBall\">\n\t\t\t\t<\/div>\n\t\t\t<\/div>\n\t\t\t<div class=\"wBall\" id=\"wBall_3\">\n\t\t\t\t<div class=\"wInnerBall\">\n\t\t\t\t<\/div>\n\t\t\t<\/div>\n\t\t\t<div class=\"wBall\" id=\"wBall_4\">\n\t\t\t\t<div class=\"wInnerBall\">\n\t\t\t\t<\/div>\n\t\t\t<\/div>\n\t\t\t<div class=\"wBall\" id=\"wBall_5\">\n\t\t\t\t<div class=\"wInnerBall\">\n\t\t\t\t<\/div>\n\t\t\t<\/div>\n\t\t<\/div>\n\t\t<!--\/ Loading Spinner -->\n\n\t\t<div class=\"fw-fade-slider main-carousel fade-effect invisible default tf-sh-b776263242496202e525ed250c29f60232\">\n\t\t\t<div id=\"tf-sh-b776263242496202e525ed250c29f60232\" class=\"myCarousel carousel slide\" data-slides-interval=\"7500\">\n\t\t\t\t<div class=\"carousel-inner\">\n\t\t\t\t\t\t\t\t\t\t\t\t\t\t\t\t\t<div class=\"item lazyload active fw-fade-slider-content-align-center\"  style=\"background-image: url(data:image\/gif;base64,R0lGODlhAQABAAAAACH5BAEKAAEALAAAAAABAAEAAAICTAEAOw==);\" data-bgset=\"https:\/\/www.os4x.com\/wp-content\/uploads\/2020\/03\/header-old-01.jpg\" >\n\t\t\t\t\t\t\t\t\t\t\t\t\t\t<div class=\"fw-container\">\n\t\t\t\t\t\t\t\t<div class=\"fw-itable\">\n\t\t\t\t\t\t\t\t\t<div class=\"fw-icell\">\n\t\t\t\t\t\t\t\t\t\t<div class=\"fw-fade-slide-text-wrap\">\n\t\t\t\t\t\t\t\t\t\t\t\t\t\t\t\t\t\t\t\t\t\t\t<div data-animate-in=\"fadeInDown\" data-animate-out=\"fadeOutUp\" class=\"invisible\">\n\t\t\t\t\t\t\t\t\t\t\t\t\t<div class=\"fw-fade-slider-title\"><span>OS4X<\/span><\/div>\n\t\t\t\t\t\t\t\t\t\t\t\t<\/div>\n\t\t\t\t\t\t\t\t\t\t\t\t\t\t\t\t\t\t\t\t\t\t\t\t\t\t\t\t\t\t\t\t\t\t<div data-animate-in=\"fadeInUp\" data-animate-out=\"fadeOutDown\" class=\"invisible\">\n\t\t\t\t\t\t\t\t\t\t\t\t\t<div class=\"fw-fade-slider-title-after\"><span>The best OFTP2 system<\/span><\/div>\n\t\t\t\t\t\t\t\t\t\t\t\t<\/div>\n\t\t\t\t\t\t\t\t\t\t\t\t\t\t\t\t\t\t\t\t\t\t\t\t\t\t\t\t\t\t\t\t<\/div>\n\t\t\t\t\t\t\t\t\t<\/div>\n\t\t\t\t\t\t\t\t<\/div>\n\t\t\t\t\t\t\t<\/div>\n\t\t\t\t\t\t<\/div>\n\t\t\t\t\t\t\t\t\t\t\t\t\t\t\t\t\t\t\t\t\t\t\t\t\t\t\t\t\t<div class=\"item lazyload  fw-fade-slider-content-align-center\"  style=\"background-image: url(data:image\/gif;base64,R0lGODlhAQABAAAAACH5BAEKAAEALAAAAAABAAEAAAICTAEAOw==);\" data-bgset=\"https:\/\/www.os4x.com\/wp-content\/uploads\/2020\/03\/header-old-02.jpg\" >\n\t\t\t\t\t\t\t\t\t\t\t\t\t\t<div class=\"fw-container\">\n\t\t\t\t\t\t\t\t<div class=\"fw-itable\">\n\t\t\t\t\t\t\t\t\t<div class=\"fw-icell\">\n\t\t\t\t\t\t\t\t\t\t<div class=\"fw-fade-slide-text-wrap\">\n\t\t\t\t\t\t\t\t\t\t\t\t\t\t\t\t\t\t\t\t\t\t\t<div data-animate-in=\"fadeInDown\" data-animate-out=\"fadeOutUp\" class=\"invisible\">\n\t\t\t\t\t\t\t\t\t\t\t\t\t<div class=\"fw-fade-slider-title\"><span>Supports your company<\/span><\/div>\n\t\t\t\t\t\t\t\t\t\t\t\t<\/div>\n\t\t\t\t\t\t\t\t\t\t\t\t\t\t\t\t\t\t\t\t\t\t\t\t\t\t\t\t\t\t\t\t\t\t<div data-animate-in=\"fadeInUp\" data-animate-out=\"fadeOutDown\" class=\"invisible\">\n\t\t\t\t\t\t\t\t\t\t\t\t\t<div class=\"fw-fade-slider-title-after\"><span>the way you expect it.<\/span><\/div>\n\t\t\t\t\t\t\t\t\t\t\t\t<\/div>\n\t\t\t\t\t\t\t\t\t\t\t\t\t\t\t\t\t\t\t\t\t\t\t\t\t\t\t\t\t\t\t\t<\/div>\n\t\t\t\t\t\t\t\t\t<\/div>\n\t\t\t\t\t\t\t\t<\/div>\n\t\t\t\t\t\t\t<\/div>\n\t\t\t\t\t\t<\/div>\n\t\t\t\t\t\t\t\t\t\t\t\t\t\t\t\t\t\t\t\t\t\t\t\t\t\t\t\t\t<div class=\"item lazyload  fw-fade-slider-content-align-center\"  style=\"background-image: url(data:image\/gif;base64,R0lGODlhAQABAAAAACH5BAEKAAEALAAAAAABAAEAAAICTAEAOw==);\" data-bgset=\"https:\/\/www.os4x.com\/wp-content\/uploads\/2020\/03\/header-old-03.jpg\" >\n\t\t\t\t\t\t\t\t\t\t\t\t\t\t<div class=\"fw-container\">\n\t\t\t\t\t\t\t\t<div class=\"fw-itable\">\n\t\t\t\t\t\t\t\t\t<div class=\"fw-icell\">\n\t\t\t\t\t\t\t\t\t\t<div class=\"fw-fade-slide-text-wrap\">\n\t\t\t\t\t\t\t\t\t\t\t\t\t\t\t\t\t\t\t\t\t\t\t<div data-animate-in=\"fadeInDown\" data-animate-out=\"fadeOutUp\" class=\"invisible\">\n\t\t\t\t\t\t\t\t\t\t\t\t\t<div class=\"fw-fade-slider-title\"><span>Optimiert Prozesse<\/span><\/div>\n\t\t\t\t\t\t\t\t\t\t\t\t<\/div>\n\t\t\t\t\t\t\t\t\t\t\t\t\t\t\t\t\t\t\t\t\t\t\t\t\t\t\t\t\t\t\t\t\t\t<div data-animate-in=\"fadeInUp\" data-animate-out=\"fadeOutDown\" class=\"invisible\">\n\t\t\t\t\t\t\t\t\t\t\t\t\t<div class=\"fw-fade-slider-title-after\"><span>auf zuverl\u00e4ssige Art und Weise<\/span><\/div>\n\t\t\t\t\t\t\t\t\t\t\t\t<\/div>\n\t\t\t\t\t\t\t\t\t\t\t\t\t\t\t\t\t\t\t\t\t\t\t\t\t\t\t\t\t\t\t\t<\/div>\n\t\t\t\t\t\t\t\t\t<\/div>\n\t\t\t\t\t\t\t\t<\/div>\n\t\t\t\t\t\t\t<\/div>\n\t\t\t\t\t\t<\/div>\n\t\t\t\t\t\t\t\t\t\t\t\t\t\t\t\t\t\t\t\t\t\t\t\t\t\t\t\t\t<div class=\"item lazyload  fw-fade-slider-content-align-center\"  style=\"background-image: url(data:image\/gif;base64,R0lGODlhAQABAAAAACH5BAEKAAEALAAAAAABAAEAAAICTAEAOw==);\" data-bgset=\"https:\/\/www.os4x.com\/wp-content\/uploads\/2020\/03\/header-old-04.jpg\" >\n\t\t\t\t\t\t\t\t\t\t\t\t\t\t<div class=\"fw-container\">\n\t\t\t\t\t\t\t\t<div class=\"fw-itable\">\n\t\t\t\t\t\t\t\t\t<div class=\"fw-icell\">\n\t\t\t\t\t\t\t\t\t\t<div class=\"fw-fade-slide-text-wrap\">\n\t\t\t\t\t\t\t\t\t\t\t\t\t\t\t\t\t\t\t\t\t\t\t<div data-animate-in=\"fadeInDown\" data-animate-out=\"fadeOutUp\" class=\"invisible\">\n\t\t\t\t\t\t\t\t\t\t\t\t\t<div class=\"fw-fade-slider-title\"><span>Spart IT-Ressourcen<\/span><\/div>\n\t\t\t\t\t\t\t\t\t\t\t\t<\/div>\n\t\t\t\t\t\t\t\t\t\t\t\t\t\t\t\t\t\t\t\t\t\t\t\t\t\t\t\t\t\t\t\t\t\t<div data-animate-in=\"fadeInUp\" data-animate-out=\"fadeOutDown\" class=\"invisible\">\n\t\t\t\t\t\t\t\t\t\t\t\t\t<div class=\"fw-fade-slider-title-after\"><span>und bietet wertvolle Features<\/span><\/div>\n\t\t\t\t\t\t\t\t\t\t\t\t<\/div>\n\t\t\t\t\t\t\t\t\t\t\t\t\t\t\t\t\t\t\t\t\t\t\t\t\t\t\t\t\t\t\t\t<\/div>\n\t\t\t\t\t\t\t\t\t<\/div>\n\t\t\t\t\t\t\t\t<\/div>\n\t\t\t\t\t\t\t<\/div>\n\t\t\t\t\t\t<\/div>\n\t\t\t\t\t\t\t\t\t\t\t\t\t\t\t\t\t\t\t\t\t\t\t\t\t\t\t\t\t<div class=\"item lazyload  fw-fade-slider-content-align-left\"  style=\"background-image: url(data:image\/gif;base64,R0lGODlhAQABAAAAACH5BAEKAAEALAAAAAABAAEAAAICTAEAOw==);\" data-bgset=\"https:\/\/www.os4x.com\/wp-content\/uploads\/2020\/03\/header-old-05.jpg\" >\n\t\t\t\t\t\t\t\t\t\t\t\t\t\t<div class=\"fw-container\">\n\t\t\t\t\t\t\t\t<div class=\"fw-itable\">\n\t\t\t\t\t\t\t\t\t<div class=\"fw-icell\">\n\t\t\t\t\t\t\t\t\t\t<div class=\"fw-fade-slide-text-wrap\">\n\t\t\t\t\t\t\t\t\t\t\t\t\t\t\t\t\t\t\t\t\t\t\t<div data-animate-in=\"fadeInDown\" data-animate-out=\"fadeOutUp\" class=\"invisible\">\n\t\t\t\t\t\t\t\t\t\t\t\t\t<div class=\"fw-fade-slider-title\"><span>Erschwinglich und seinen Preis wert<\/span><\/div>\n\t\t\t\t\t\t\t\t\t\t\t\t<\/div>\n\t\t\t\t\t\t\t\t\t\t\t\t\t\t\t\t\t\t\t\t\t\t\t\t\t\t\t\t\t\t\t\t\t\t<div data-animate-in=\"fadeInUp\" data-animate-out=\"fadeOutDown\" class=\"invisible\">\n\t\t\t\t\t\t\t\t\t\t\t\t\t<div class=\"fw-fade-slider-title-after\"><span>mit einem gro\u00dfen ROI<\/span><\/div>\n\t\t\t\t\t\t\t\t\t\t\t\t<\/div>\n\t\t\t\t\t\t\t\t\t\t\t\t\t\t\t\t\t\t\t\t\t\t\t\t\t\t\t\t\t\t\t\t<\/div>\n\t\t\t\t\t\t\t\t\t<\/div>\n\t\t\t\t\t\t\t\t<\/div>\n\t\t\t\t\t\t\t<\/div>\n\t\t\t\t\t\t<\/div>\n\t\t\t\t\t\t\t\t\t\t\t\t\t\t\t\t\t\t\t\t\t<\/div>\n\t\t\t\t<!--Slider Navigation-->\n\t\t\t\t<!-- Carousel indicators -->\n\t\t\t\t<ol class=\"carousel-indicators\">\n\t\t\t\t\t<li data-target=\"#tf-sh-b776263242496202e525ed250c29f60232\" data-slide-to=\"0\" class=\"active fw-fade-slider-content-align-center\"><\/li>\n<li data-target=\"#tf-sh-b776263242496202e525ed250c29f60232\" data-slide-to=\"1\" class=\"fw-fade-slider-content-align-center\"><\/li>\n<li data-target=\"#tf-sh-b776263242496202e525ed250c29f60232\" data-slide-to=\"2\" class=\"fw-fade-slider-content-align-center\"><\/li>\n<li data-target=\"#tf-sh-b776263242496202e525ed250c29f60232\" data-slide-to=\"3\" class=\"fw-fade-slider-content-align-center\"><\/li>\n<li data-target=\"#tf-sh-b776263242496202e525ed250c29f60232\" data-slide-to=\"4\" class=\"fw-fade-slider-content-align-left\"><\/li>\n\t\t\t\t<\/ol>\n\t\t\t\t<div class=\"fw-first-slider-image\" data-image=\"\/\/www.os4x.com\/wp-content\/uploads\/2020\/03\/header-old-01.jpg\"><\/div>\n\t\t\t<\/div>\n\t\t<\/div>\n\t<\/div>\n\t\t<\/div>\n\t<\/div>\n<\/div><\/div>\n\n\t<\/div>\n\t<\/section><section   class=\"fw-main-row-custom  fw_theme_bg_color_5 auto fw-content-vertical-align-middle fw-section-position-back tf-sh-83defa4db927b9a3e92a8de033da4800\"    >\n\t\t\t<div class=\"fw-container fw_theme_bg_color_5\" >\n\t\t<div class=\"fw-row\">\n\t<div id=\"column-69dfde2c760ea\" class=\"fw-col-sm-12 tf-sh-f23ead9d35be3af0add0d8ce00bd758e\" >\n\t<div class=\"fw-wrap-col-inner clearfix\"   >\n\t\t\t\t<div class=\"fw-col-inner\">\n\t\t\t<div class=\"fw-heading fw-heading-left  fw-animated-element tf-sh-7fc24ca7d6c3814916df154158d05b4c\"  data-animation-type=\"fadeInUp\" data-animation-delay=\"200\">\n\t\t\t<h1 class=\"fw-special-title\">OS4X - the OFTP system for Unix<\/h1>\n\t\n\t\n\t<\/div><div class=\"fw-text-box tf-sh-5391822f20fe43dc317075168c9dc7e8  fw-animated-element\"  data-animation-type=\"fadeInUp\" data-animation-delay=\"200\">\n\t<div class=\"fw-text-inner\">\n\t\t<h4>Industry leading OFTP2 solution, with undisputed performance, outstanding stability and functionality, extremely fast tech support for an affordable price to the masses.<\/h4>\n\t<\/div>\n<\/div><div class=\"fw-divider-space space-sm  clearfix\"  ><\/div><div class=\"text-left\">\t<a href=\"\/en\/products-2\/\" target=\"_self\" class=\"fw-btn tf-sh-8738fd4a2adf4a4e8ea647384f8cd284  fw-btn-md   fw-animated-element fw-btn-1\"  data-animation-type=\"fadeInUp\" data-animation-delay=\"200\" style=\"\">\n\t\t<span >\n\t\t\tMore information\t\t<\/span>\n\t<\/a>\n<\/div>\t\t<\/div>\n\t<\/div>\n<\/div><\/div>\n\n\t<\/div>\n\t<\/section><section data-parallax-background-speed=\"5\"  class=\"fw-main-row-custom  fw_theme_bg_fw-custom fw-section-image auto fw-content-vertical-align-middle parallax-section fw-section-position-back tf-sh-f2117cc1f5e813ae0848ff42aff89d6f\"  style=\" background-image:url(https:\/\/www.os4x.com\/wp-content\/uploads\/2020\/03\/os4x-home-background.png); background-repeat: no-repeat; background-position: center center; background-size: auto;\"  >\n\t\t\t<div class=\"fw-container\" >\n\t\t<div class=\"fw-row\">\n\t<div id=\"column-69dfde2c76703\" class=\"fw-col-sm-12 tf-sh-8b0e9709e22b72ec8a5bb1f0ff6078b0  fw-animated-element\" data-animation-type=\"fadeInUp\" data-animation-delay=\"200\">\n\t<div class=\"fw-wrap-col-inner clearfix\"   >\n\t\t\t\t<div class=\"fw-col-inner\">\n\t\t\t<div class=\"fw-heading fw-heading-left  tf-sh-680a971b47bcc1a57991111ef9b211f8\" >\n\t\t\t<h2 class=\"fw-special-title\">Why OFTP?<\/h2>\n\t\n\t\n\t<\/div>\t\t<\/div>\n\t<\/div>\n<\/div><\/div>\n\n<div class=\"fw-row\">\n\t<div id=\"column-69dfde2c7693e\" class=\"fw-col-sm-4 tf-sh-ee53747aa01c208a76f31043f943c1d6  fw-animated-element\" data-animation-type=\"fadeInLeft\" data-animation-delay=\"200\">\n\t<div class=\"fw-wrap-col-inner clearfix\"   >\n\t\t\t\t<div class=\"fw-col-inner\">\n\t\t\t\n\t\n\t\t<div class=\"fw-block-image-parent\"  style=\"width: 100%; \">\n\t\t\t<span class=\"fw-block-image-child fw-noratio fw-ratio-container\">\n\t\t\t\t<noscript itemscope itemtype=\"https:\/\/schema.org\/ImageObject\" itemprop=\"image\"><img decoding=\"async\" src=\"https:\/\/www.os4x.com\/wp-content\/uploads\/2020\/03\/oftp_logo_official.png\"  alt=\"oftp_logo_official\" data-maxdpr=\"1.7\" class=\"lazyload\" \/><meta itemprop=\"url\" content=\"https:\/\/www.os4x.com\/wp-content\/uploads\/2020\/03\/oftp_logo_official.png\"><meta itemprop=\"width\" content=\"300\"><meta itemprop=\"height\" content=\"109\"><\/noscript><img decoding=\"async\" src=\"data:image\/gif;base64,R0lGODlhAQABAIAAAAAAAP\/\/\/yH5BAEAAAAALAAAAAABAAEAAAIBRAA7\" data-sizes=\"auto\" data-srcset=\"https:\/\/www.os4x.com\/wp-content\/uploads\/2020\/03\/oftp_logo_official.png\"   alt=\"oftp_logo_official\" data-maxdpr=\"1.7\" class=\"lazyload\" \/><span class=\"fw-after-no-ratio\" style=\"padding-bottom: 36.333333333333%\"><\/span>\t\t\t\t\t\t\t<\/span>\n\t\t<\/div>\n\n\t\n\t\t<\/div>\n\t<\/div>\n<\/div><div id=\"column-69dfde2c77264\" class=\"fw-col-sm-8 tf-sh-4313553d1e008b1721a2c8bdfc981f0c  fw-animated-element\" data-animation-type=\"fadeInRight\" data-animation-delay=\"200\">\n\t<div class=\"fw-wrap-col-inner clearfix\"   >\n\t\t\t\t<div class=\"fw-col-inner\">\n\t\t\t<div class=\"fw-text-box tf-sh-f67fa1e25ea0ba1c433e1c4b94f1eba6\" >\n\t<div class=\"fw-text-inner\">\n\t\t<p><b>OFTP2<\/b> as an industry standard for secure data transmission offers a lot of features other transmission protocols don't provide. Security and data awareness are the main concepts behind <b>OFTP2<\/b>. Read about the benefits of <b>OFTP2<\/b> and why you should implement it in your company.<\/p>\n\t<\/div>\n<\/div><div class=\"fw-divider-space space-sm  clearfix\"  ><\/div>\t<a href=\"\/en\/why-oftp2-2\/\" target=\"_self\" class=\"fw-btn tf-sh-b529ef926f09a57f6363d1f41bcf2725  fw-btn-md   fw-btn-side-by-side fw-btn-1\"  style=\"\">\n\t\t<span >\n\t\t\tRead more...\t\t<\/span>\n\t<\/a>\n\t\t<\/div>\n\t<\/div>\n<\/div><\/div>\n\n<div class=\"fw-row\">\n\t<div id=\"column-69dfde2c77512\" class=\"fw-col-sm-12 tf-sh-96c5dd3d5b2ecd974c21cc88fa66ce90\" >\n\t<div class=\"fw-wrap-col-inner clearfix\"   >\n\t\t\t\t<div class=\"fw-col-inner\">\n\t\t\t<div class=\"fw-divider-space space-lg  clearfix\"  ><\/div>\t\t<\/div>\n\t<\/div>\n<\/div><\/div>\n\n<div class=\"fw-row\">\n\t<div id=\"column-69dfde2c77651\" class=\"fw-col-sm-12 tf-sh-874433090645beb91c7bcfdc4f73c8cf  fw-animated-element\" data-animation-type=\"fadeInUp\" data-animation-delay=\"200\">\n\t<div class=\"fw-wrap-col-inner clearfix\"   >\n\t\t\t\t<div class=\"fw-col-inner\">\n\t\t\t<div class=\"fw-heading fw-heading-left  tf-sh-3803a6f9bd1570141f8b6eb1543cbc7d\" >\n\t\t\t<h2 class=\"fw-special-title\">Why OS4X?<\/h2>\n\t\n\t\n\t<\/div>\t\t<\/div>\n\t<\/div>\n<\/div><\/div>\n\n<div class=\"fw-row\">\n\t<div id=\"column-69dfde2c77add\" class=\"fw-col-sm-8 tf-sh-2115320682c3cef38ed6e097ea39ffe1  fw-animated-element\" data-animation-type=\"fadeInLeft\" data-animation-delay=\"200\">\n\t<div class=\"fw-wrap-col-inner clearfix\"   >\n\t\t\t\t<div class=\"fw-col-inner\">\n\t\t\t<div class=\"fw-text-box tf-sh-e2abcda5345038f2dadca4d6e2c6b728\" >\n\t<div class=\"fw-text-inner\">\n\t\t<p>Our premium OFTP2 product <b>OS4X<\/b> offers a rich set of unique features. <b>OS4X<\/b> is highly configurable and customizable. Benefit from our superiour technology, based on finest programming and design skills, organized in an extremely agile company offering the support you need. Find out why <b>OS4X<\/b> is the perfect solution for you!<\/p>\n\t<\/div>\n<\/div><div class=\"fw-divider-space space-sm  clearfix\"  ><\/div>\t<a href=\"\/en\/why-os4x-2\/\" target=\"_self\" class=\"fw-btn tf-sh-702a674f01312e49349c351977b8da86  fw-btn-md   fw-btn-side-by-side fw-btn-1\"  style=\"\">\n\t\t<span >\n\t\t\tRead more...\t\t<\/span>\n\t<\/a>\n\t\t<\/div>\n\t<\/div>\n<\/div><div id=\"column-69dfde2c77c86\" class=\"fw-col-sm-4 tf-sh-10ac07753de6d24e7843159ceb7583f7  fw-animated-element\" data-animation-type=\"fadeInRight\" data-animation-delay=\"200\">\n\t<div class=\"fw-wrap-col-inner clearfix\"   >\n\t\t\t\t<div class=\"fw-col-inner\">\n\t\t\t\n\t\n\t\t<div class=\"fw-block-image-parent\"  style=\"width: 100%; \">\n\t\t\t<span class=\"fw-block-image-child fw-ratio-16-10 fw-ratio-container\">\n\t\t\t\t<noscript itemscope itemtype=\"https:\/\/schema.org\/ImageObject\" itemprop=\"image\"><img decoding=\"async\" src=\"https:\/\/www.os4x.com\/wp-content\/uploads\/2020\/03\/os4x_logo_official.png\"  alt=\"os4x_logo_official\" data-maxdpr=\"1.7\" class=\"lazyload\" \/><meta itemprop=\"url\" content=\"https:\/\/www.os4x.com\/wp-content\/uploads\/2020\/03\/os4x_logo_official.png\"><meta itemprop=\"width\" content=\"300\"><meta itemprop=\"height\" content=\"188\"><\/noscript><img decoding=\"async\" src=\"data:image\/gif;base64,R0lGODlhAQABAIAAAAAAAP\/\/\/yH5BAEAAAAALAAAAAABAAEAAAIBRAA7\" data-sizes=\"auto\" data-srcset=\"https:\/\/www.os4x.com\/wp-content\/uploads\/2020\/03\/os4x_logo_official.png 300w\"   alt=\"os4x_logo_official\" data-maxdpr=\"1.7\" class=\"lazyload\" \/>\t\t\t\t\t\t\t<\/span>\n\t\t<\/div>\n\n\t\n\t\t<\/div>\n\t<\/div>\n<\/div><\/div>\n\n\t<\/div>\n\t<\/section><\/p>","protected":false},"excerpt":{"rendered":"<p>OS4X Das beste OFTP-System Unterst\u00fctzt Ihr Unternehmen so wie Sie es sich vorstellen. Optimiert Prozesse auf zuverl\u00e4ssige Art und Weise Spart IT-Ressourcen und bietet wertvolle Features Erschwinglich und seinen Preis wert mit einem gro\u00dfen ROI OS4X &#8211; Das OFTP-System f\u00fcr Unix Branchenf\u00fchrende OFTP2-L\u00f6sung, mit unbestrittener Leistung, herausragender Stabilit\u00e4t und Funktionalit\u00e4t, extrem schnellen technischen Support zu [&hellip;]<\/p>\n","protected":false},"author":1,"featured_media":0,"parent":0,"menu_order":0,"comment_status":"closed","ping_status":"open","template":"visual-builder-template.php","meta":{"footnotes":""},"class_list":["post-2","page","type-page","status-publish","hentry"],"aioseo_notices":[],"post_mailing_queue_ids":[],"_links":{"self":[{"href":"https:\/\/www.os4x.com\/en\/wp-json\/wp\/v2\/pages\/2","targetHints":{"allow":["GET"]}}],"collection":[{"href":"https:\/\/www.os4x.com\/en\/wp-json\/wp\/v2\/pages"}],"about":[{"href":"https:\/\/www.os4x.com\/en\/wp-json\/wp\/v2\/types\/page"}],"author":[{"embeddable":true,"href":"https:\/\/www.os4x.com\/en\/wp-json\/wp\/v2\/users\/1"}],"replies":[{"embeddable":true,"href":"https:\/\/www.os4x.com\/en\/wp-json\/wp\/v2\/comments?post=2"}],"version-history":[{"count":33,"href":"https:\/\/www.os4x.com\/en\/wp-json\/wp\/v2\/pages\/2\/revisions"}],"predecessor-version":[{"id":486,"href":"https:\/\/www.os4x.com\/en\/wp-json\/wp\/v2\/pages\/2\/revisions\/486"}],"wp:attachment":[{"href":"https:\/\/www.os4x.com\/en\/wp-json\/wp\/v2\/media?parent=2"}],"curies":[{"name":"wp","href":"https:\/\/api.w.org\/{rel}","templated":true}]}}