{"id":194,"date":"2020-03-26T14:16:36","date_gmt":"2020-03-26T13:16:36","guid":{"rendered":"https:\/\/www.os4x.com\/?page_id=194"},"modified":"2020-04-07T08:58:09","modified_gmt":"2020-04-07T06:58:09","slug":"os4x-portal","status":"publish","type":"page","link":"https:\/\/www.os4x.com\/en\/products-2\/os4x-portal\/","title":{"rendered":"OS4X Portal"},"content":{"rendered":"<section   class=\"fw-main-row  auto  fw-section-position-back\"    >\n\t\t\t<div class=\"fw-container\" >\n\t\t<div class=\"fw-row\">\n\t<div id=\"column-69dbc35d863ce\" class=\"fw-col-sm-12 tf-sh-1517dbfa40a7524bdd1a8043daa6bc20\" >\n\t<div class=\"fw-wrap-col-inner clearfix\"   >\n\t\t\t\t<div class=\"fw-col-inner\">\n\t\t\t<div class=\"fw-heading fw-heading-left  tf-sh-010cb9d8c48a68b6da9af2b94c062e68\" >\n\t\t\t<h1 class=\"fw-special-title\">OS4X Portal<\/h1>\n\t\n\t\n\t<\/div><div class=\"fw-heading fw-heading-left  tf-sh-5818ecd9c276b47373b0ec23fc2095b7\" >\n\t\t\t<h2 class=\"fw-special-title\">Unlimited managed file transmission without the need of OFTP2.<\/h2>\n\t\n\t\n\t<\/div><div class=\"fw-text-box tf-sh-9be6ecf98948055e0b2bd7b39f76128a\" >\n\t<div class=\"fw-text-inner\">\n\t\t<p><img loading=\"lazy\" decoding=\"async\" class=\"alignleft size-medium wp-image-100\" src=\"https:\/\/www.os4x.com\/wp-content\/uploads\/2020\/03\/OS4X_Portal-300x300.png\" alt=\"\" width=\"300\" height=\"300\" srcset=\"https:\/\/www.os4x.com\/wp-content\/uploads\/2020\/03\/OS4X_Portal-300x300.png 300w, https:\/\/www.os4x.com\/wp-content\/uploads\/2020\/03\/OS4X_Portal-150x150.png 150w, https:\/\/www.os4x.com\/wp-content\/uploads\/2020\/03\/OS4X_Portal-768x768.png 768w, https:\/\/www.os4x.com\/wp-content\/uploads\/2020\/03\/OS4X_Portal-800x800.png 800w, https:\/\/www.os4x.com\/wp-content\/uploads\/2020\/03\/OS4X_Portal.png 1024w\" sizes=\"auto, (max-width: 300px) 100vw, 300px\" \/>With OS4X Portal, you can manage data transmission in a secure way between network zones, offering the capability to handle internal and external users.<\/p>\n<p>OS4X Portal offers a wide range of functionalities:<\/p>\n\t<\/div>\n<\/div><div class=\"fw-list list-default  tf-sh-ef2f6bc502fb8ce150f0c4b350440ddf\" >\n\t<ul>\n\t\t\n\t\t\t\n\t\t\t\t<li>\n\t\t\t\t\tAutomated processes for best practice integration into existing environments.\n\t\t\t\t\t\t\t\t\t<\/li>\n\n\t\t\t\n\t\t\t\t<li>\n\t\t\t\t\tAutomatisms based on events, such as user creation, reminders, fetched jobs etc.\n\t\t\t\t\t\t\t\t\t<\/li>\n\n\t\t\t\n\t\t\t\t<li>\n\t\t\t\t\tNotifications, such as email, mobile device push notification, web requests or other.\n\t\t\t\t\t\t\t\t\t<\/li>\n\n\t\t\t\n\t\t\t\t<li>\n\t\t\t\t\tConfigurable reminders.\n\t\t\t\t\t\t\t\t\t<\/li>\n\n\t\t\t\n\t\t\t\t<li>\n\t\t\t\t\tAutomatic configuration synchronization.\n\t\t\t\t\t\t\t\t\t<\/li>\n\n\t\t\t\n\t\t\t\t<li>\n\t\t\t\t\tSupport for multiple portal instances, managed by one central server.\n\t\t\t\t\t\t\t\t\t<\/li>\n\n\t\t\t\n\t\t\t\t<li>\n\t\t\t\t\tEasy setup.\n\t\t\t\t\t\t\t\t\t<\/li>\n\n\t\t\t\n\t\t\t\t<li>\n\t\t\t\t\tUnlimited file size.\n\t\t\t\t\t\t\t\t\t<\/li>\n\n\t\t\t\n\t\t\t\t<li>\n\t\t\t\t\tInclusion of all OS4X Enterprise plugins.\n\t\t\t\t\t\t\t\t\t<\/li>\n\n\t\t\t\t\t\t<\/ul>\n<\/div>\t\t<\/div>\n\t<\/div>\n<\/div><\/div>\n\n<div class=\"fw-row\">\n\t<div id=\"column-69dbc35d867a8\" class=\"fw-col-sm-12 tf-sh-168dd8a456485548b90a29309e824cb7\" >\n\t<div class=\"fw-wrap-col-inner clearfix\"   >\n\t\t\t\t<div class=\"fw-col-inner\">\n\t\t\t<div class=\"fw-heading fw-heading-left  tf-sh-cb74dd53fd82b5866fcfc0ea09217e5d\" >\n\t\t\t<h2 class=\"fw-special-title\">Interested?<\/h2>\n\t\n\t\n\t<\/div><div class=\"fw-text-box tf-sh-576db2df548f85aee3f23f7bb3cbbae5\" >\n\t<div class=\"fw-text-inner\">\n\t\t<div id=\"contentWrapper\">\n<div id=\"content\">\n<div id=\"content_inner\">\n<div id=\"main\">\n<div id=\"c1238\" class=\"csc-default csc-space-before-30\">\n<p class=\"bodytext\"><a class=\"mail\" href=\"mailto:kontakt@c-works.de\">Contact us via email<\/a> for a detailled quotation.<\/p>\n<\/div>\n<\/div>\n<\/div>\n<\/div>\n<\/div>\n\t<\/div>\n<\/div>\t\t<\/div>\n\t<\/div>\n<\/div><\/div>\n\n\t<\/div>\n\t<\/section>","protected":false},"excerpt":{"rendered":"<p>OS4X Portal Unlimitierter verwalteter Dateitransfer ohne die Notwendigkeit anderer Protokolle. Mit OS4X Portal k\u00f6nnen Sie Datenaustausch automatisiert \u00fcber Netzwerkzonen hinweg durchf\u00fchren, mit der M\u00f6glichkeit interne und externe Benutzer zu definieren. OS4X Portal unterst\u00fctzt Sie hierbei mit vielen Features, wie z.B.: Automatisierte Prozesse f\u00fcr eine reibungslose Integration in Ihre Systemumgebung. Events, welche bei Ausf\u00fchrung definierte Prozesse [&hellip;]<\/p>\n","protected":false},"author":1,"featured_media":0,"parent":11,"menu_order":0,"comment_status":"closed","ping_status":"closed","template":"visual-builder-template.php","meta":{"footnotes":""},"class_list":["post-194","page","type-page","status-publish","hentry"],"aioseo_notices":[],"post_mailing_queue_ids":[],"_links":{"self":[{"href":"https:\/\/www.os4x.com\/en\/wp-json\/wp\/v2\/pages\/194","targetHints":{"allow":["GET"]}}],"collection":[{"href":"https:\/\/www.os4x.com\/en\/wp-json\/wp\/v2\/pages"}],"about":[{"href":"https:\/\/www.os4x.com\/en\/wp-json\/wp\/v2\/types\/page"}],"author":[{"embeddable":true,"href":"https:\/\/www.os4x.com\/en\/wp-json\/wp\/v2\/users\/1"}],"replies":[{"embeddable":true,"href":"https:\/\/www.os4x.com\/en\/wp-json\/wp\/v2\/comments?post=194"}],"version-history":[{"count":3,"href":"https:\/\/www.os4x.com\/en\/wp-json\/wp\/v2\/pages\/194\/revisions"}],"predecessor-version":[{"id":505,"href":"https:\/\/www.os4x.com\/en\/wp-json\/wp\/v2\/pages\/194\/revisions\/505"}],"up":[{"embeddable":true,"href":"https:\/\/www.os4x.com\/en\/wp-json\/wp\/v2\/pages\/11"}],"wp:attachment":[{"href":"https:\/\/www.os4x.com\/en\/wp-json\/wp\/v2\/media?parent=194"}],"curies":[{"name":"wp","href":"https:\/\/api.w.org\/{rel}","templated":true}]}}