{"id":190,"date":"2020-03-26T14:07:30","date_gmt":"2020-03-26T13:07:30","guid":{"rendered":"https:\/\/www.os4x.com\/?page_id=190"},"modified":"2020-04-07T08:59:25","modified_gmt":"2020-04-07T06:59:25","slug":"os4x-edi-konverter","status":"publish","type":"page","link":"https:\/\/www.os4x.com\/en\/products-2\/os4x-edi-konverter\/","title":{"rendered":"OS4X EDI converter"},"content":{"rendered":"<section   class=\"fw-main-row  auto  fw-section-position-back\"    >\n\t\t\t<div class=\"fw-container\" >\n\t\t<div class=\"fw-row\">\n\t<div id=\"column-69dbc1b9f2c36\" class=\"fw-col-sm-12 tf-sh-ec979ef8d75aa24a5d735ffddafcfac3\" >\n\t<div class=\"fw-wrap-col-inner clearfix\"   >\n\t\t\t\t<div class=\"fw-col-inner\">\n\t\t\t<div class=\"fw-heading fw-heading-left  tf-sh-72c7c58e347bfaaa69abc7c0e6154a46\" >\n\t\t\t<h1 class=\"fw-special-title\">OS4X EDI converter<\/h1>\n\t\n\t\n\t<\/div><div class=\"fw-heading fw-heading-left  tf-sh-345240b6a68b9188bd8e8b12e3cb9174\" >\n\t\t\t<h2 class=\"fw-special-title\">If you need to convert EDI files from one format to another, we have a solution: OS4X online EDI converter plugin.<\/h2>\n\t\n\t\n\t<\/div><div class=\"fw-text-box tf-sh-6f73856c1fdb4814eb674a49c411af75\" >\n\t<div class=\"fw-text-inner\">\n\t\t<p><img loading=\"lazy\" decoding=\"async\" class=\"alignleft size-medium wp-image-99\" src=\"https:\/\/www.os4x.com\/wp-content\/uploads\/2020\/03\/EDI-converter_new-300x300.png\" alt=\"\" width=\"300\" height=\"300\" srcset=\"https:\/\/www.os4x.com\/wp-content\/uploads\/2020\/03\/EDI-converter_new-300x300.png 300w, https:\/\/www.os4x.com\/wp-content\/uploads\/2020\/03\/EDI-converter_new-150x150.png 150w, https:\/\/www.os4x.com\/wp-content\/uploads\/2020\/03\/EDI-converter_new-768x768.png 768w, https:\/\/www.os4x.com\/wp-content\/uploads\/2020\/03\/EDI-converter_new-800x800.png 800w, https:\/\/www.os4x.com\/wp-content\/uploads\/2020\/03\/EDI-converter_new.png 1024w\" sizes=\"auto, (max-width: 300px) 100vw, 300px\" \/>For OS4X Enterprise, we offer a cost-effective solution for adapting an online EDI converter plugin which is capable to convert any to any format. Depending on your needs, the converter can translate your EDI formats from and to any required specification.<br \/>EDIFACT to VDA formats? ANSI X.12 to PDF? Excel to DELFOR? No matter which conversion you need, the OS4X online EDI converter plugin will solve it. Reliable, fast, stable, performant.<br \/>If you need changes to the converter, you are free to order changes without impacting existing other converters. There exist no dependencies against other converters or systems.<\/p>\n<p>Two modes are available:<\/p>\n\t<\/div>\n<\/div><div class=\"fw-list list-default  tf-sh-82abdb99285de637bab46d8da6eef178\" >\n\t<ul>\n\t\t\n\t\t\t\n\t\t\t\t<li>\n\t\t\t\t\tConvert from any to any given format, directly and without compromise.\n\t\t\t\t\t\t\t\t\t<\/li>\n\n\t\t\t\n\t\t\t\t<li>\n\t\t\t\t\tConvert from any format to a meta format; convert from meta format to any destination format. This mode may be interesting when conversion from various to various formats is required.\n\t\t\t\t\t\t\t\t\t<\/li>\n\n\t\t\t\t\t\t<\/ul>\n<\/div>\t\t<\/div>\n\t<\/div>\n<\/div><\/div>\n\n<div class=\"fw-row\">\n\t<div id=\"column-69dbc1b9f300c\" class=\"fw-col-sm-12 tf-sh-b250b8a140154ce1ba59ef1649c542ee\" >\n\t<div class=\"fw-wrap-col-inner clearfix\"   >\n\t\t\t\t<div class=\"fw-col-inner\">\n\t\t\t<div class=\"fw-heading fw-heading-left  tf-sh-ef791da614d1304cc5d331244d9e2d60\" >\n\t\t\t<h2 class=\"fw-special-title\">Main features<\/h2>\n\t\n\t\n\t<\/div><div class=\"fw-list list-default  tf-sh-1eb352a9043286fbe6e8ca9703f870cf\" >\n\t<ul>\n\t\t\n\t\t\t\n\t\t\t\t<li>\n\t\t\t\t\tSeamless integration as an OS4X Enterprise plugin.\n\t\t\t\t\t\t\t\t\t<\/li>\n\n\t\t\t\n\t\t\t\t<li>\n\t\t\t\t\tPowerful conversion capabilities according to your specification.\n\t\t\t\t\t\t\t\t\t<\/li>\n\n\t\t\t\n\t\t\t\t<li>\n\t\t\t\t\tCertified transmission protocols and service provision according to ISO\/IEC 27001.\n\t\t\t\t\t\t\t\t\t<\/li>\n\n\t\t\t\n\t\t\t\t<li>\n\t\t\t\t\tHigh-available solution.\n\t\t\t\t\t\t\t\t\t<\/li>\n\n\t\t\t\n\t\t\t\t<li>\n\t\t\t\t\tSecured communication via https with your existing OFTP2 certificate, both client and server protected.\n\t\t\t\t\t\t\t\t\t<\/li>\n\n\t\t\t\n\t\t\t\t<li>\n\t\t\t\t\tNo \"per-document\" payment.\n\t\t\t\t\t\t\t\t\t<\/li>\n\n\t\t\t\n\t\t\t\t<li>\n\t\t\t\t\tApproved by over 500 million document conversions per year.\n\t\t\t\t\t\t\t\t\t<\/li>\n\n\t\t\t\n\t\t\t\t<li>\n\t\t\t\t\tBenefit from special pricing for OS4X Enterprise customers, save up to 50% against competition!\n\t\t\t\t\t\t\t\t\t<\/li>\n\n\t\t\t\n\t\t\t\t<li>\n\t\t\t\t\tMuch cheaper than an in-house converter solution, due to missing license costs.\n\t\t\t\t\t\t\t\t\t<\/li>\n\n\t\t\t\t\t\t<\/ul>\n<\/div>\t\t<\/div>\n\t<\/div>\n<\/div><\/div>\n\n<div class=\"fw-row\">\n\t<div id=\"column-69dbc1b9f325e\" class=\"fw-col-sm-12 tf-sh-c7faa22ffca23dbe608183205a89333c\" >\n\t<div class=\"fw-wrap-col-inner clearfix\"   >\n\t\t\t\t<div class=\"fw-col-inner\">\n\t\t\t<div class=\"fw-heading fw-heading-left  tf-sh-e7a1b096fccf854c3b77feedec7f77aa\" >\n\t\t\t<h2 class=\"fw-special-title\">Interested?<\/h2>\n\t\n\t\n\t<\/div><div class=\"fw-text-box tf-sh-72dc8f6e479794d6644afe86f8d23641\" >\n\t<div class=\"fw-text-inner\">\n\t\t<div id=\"contentWrapper\">\n<div id=\"content\">\n<div id=\"content_inner\">\n<div id=\"main\">\n<div id=\"c1171\" class=\"csc-default\">\n<p class=\"bodytext\"><a href=\"mailto:kontakt@c-works.de\">Contact us via email<\/a>\u00a0for a detailled quotation.<\/p>\n<\/div>\n<\/div>\n<\/div>\n<\/div>\n<\/div>\n<div id=\"footer\">\n<div class=\"multibg\"><\/div>\n<\/div>\n\t<\/div>\n<\/div>\t\t<\/div>\n\t<\/div>\n<\/div><\/div>\n\n\t<\/div>\n\t<\/section>","protected":false},"excerpt":{"rendered":"<p>OS4X EDI-Konverter Sobald Sie EDI-Dateien von einem Format in ein anderes konvertieren m\u00fcssen, haben wir die L\u00f6sung f\u00fcr Sie: das OS4X online EDI-Konverter Plugin. F\u00fcr OS4X Enterprise bieten wir eine kosteneffektive L\u00f6sung zur Anbindung eines Online-EDI-Konverters an, die in der Lage ist jedes m\u00f6gliche Quellformat in jedes beliebige Zielformat zu konvertieren. Abh\u00e4ngig von Ihren Anforderungen [&hellip;]<\/p>\n","protected":false},"author":1,"featured_media":0,"parent":11,"menu_order":0,"comment_status":"closed","ping_status":"closed","template":"visual-builder-template.php","meta":{"footnotes":""},"class_list":["post-190","page","type-page","status-publish","hentry"],"aioseo_notices":[],"post_mailing_queue_ids":[],"_links":{"self":[{"href":"https:\/\/www.os4x.com\/en\/wp-json\/wp\/v2\/pages\/190","targetHints":{"allow":["GET"]}}],"collection":[{"href":"https:\/\/www.os4x.com\/en\/wp-json\/wp\/v2\/pages"}],"about":[{"href":"https:\/\/www.os4x.com\/en\/wp-json\/wp\/v2\/types\/page"}],"author":[{"embeddable":true,"href":"https:\/\/www.os4x.com\/en\/wp-json\/wp\/v2\/users\/1"}],"replies":[{"embeddable":true,"href":"https:\/\/www.os4x.com\/en\/wp-json\/wp\/v2\/comments?post=190"}],"version-history":[{"count":3,"href":"https:\/\/www.os4x.com\/en\/wp-json\/wp\/v2\/pages\/190\/revisions"}],"predecessor-version":[{"id":506,"href":"https:\/\/www.os4x.com\/en\/wp-json\/wp\/v2\/pages\/190\/revisions\/506"}],"up":[{"embeddable":true,"href":"https:\/\/www.os4x.com\/en\/wp-json\/wp\/v2\/pages\/11"}],"wp:attachment":[{"href":"https:\/\/www.os4x.com\/en\/wp-json\/wp\/v2\/media?parent=190"}],"curies":[{"name":"wp","href":"https:\/\/api.w.org\/{rel}","templated":true}]}}