{"id":174,"date":"2020-03-26T13:40:42","date_gmt":"2020-03-26T12:40:42","guid":{"rendered":"https:\/\/www.os4x.com\/?page_id=174"},"modified":"2020-03-26T13:47:09","modified_gmt":"2020-03-26T12:47:09","slug":"os4x-oftp2-smartproxy","status":"publish","type":"page","link":"https:\/\/www.os4x.com\/en\/products-2\/os4x-oftp2-smartproxy\/","title":{"rendered":"OS4X OFTP2 SmartProxy"},"content":{"rendered":"<section   class=\"fw-main-row  auto  fw-section-position-back\"    >\n\t\t\t<div class=\"fw-container\" >\n\t\t<div class=\"fw-row\">\n\t<div id=\"column-69dbc40831492\" class=\"fw-col-sm-12 tf-sh-a9b8d719979dbea7460365ebb679a283\" >\n\t<div class=\"fw-wrap-col-inner clearfix\"   >\n\t\t\t\t<div class=\"fw-col-inner\">\n\t\t\t<div class=\"fw-heading fw-heading-left  tf-sh-6133dca1b3a0a4b43d7690ba17b1ee34\" >\n\t\t\t<h1 class=\"fw-special-title\">OS4X OFTP2 SmartProxy<\/h1>\n\t\n\t\n\t<\/div><div class=\"fw-heading fw-heading-left  tf-sh-bd0fc26fa334994c2e508d57ba70d9d8\" >\n\t\t\t<h2 class=\"fw-special-title\">Implement OFTP2 via internet with ensuring security in your network zones.<\/h2>\n\t\n\t\n\t<\/div><div class=\"fw-text-box tf-sh-6d099830d1bba019a5000325da137766\" >\n\t<div class=\"fw-text-inner\">\n\t\t<p><img loading=\"lazy\" decoding=\"async\" class=\"alignleft size-medium wp-image-103\" src=\"https:\/\/www.os4x.com\/wp-content\/uploads\/2020\/03\/SmartProxy_new-300x300.png\" alt=\"\" width=\"300\" height=\"300\" srcset=\"https:\/\/www.os4x.com\/wp-content\/uploads\/2020\/03\/SmartProxy_new-300x300.png 300w, https:\/\/www.os4x.com\/wp-content\/uploads\/2020\/03\/SmartProxy_new-150x150.png 150w, https:\/\/www.os4x.com\/wp-content\/uploads\/2020\/03\/SmartProxy_new-768x768.png 768w, https:\/\/www.os4x.com\/wp-content\/uploads\/2020\/03\/SmartProxy_new-800x800.png 800w, https:\/\/www.os4x.com\/wp-content\/uploads\/2020\/03\/SmartProxy_new.png 1024w\" sizes=\"auto, (max-width: 300px) 100vw, 300px\" \/>In many network environments, servers are not directly connected to the (unsecure) internet due to security issues. In this case, establishing OFTP2 incoming and outgoing traffic must pass a secure OFTP2 proxy server, which is then installed in the DMZ (a special network zone connected to the internet where special firewall rules apply).<\/p>\n\t<\/div>\n<\/div>\t\t<\/div>\n\t<\/div>\n<\/div><\/div>\n\n<div class=\"fw-row\">\n\t<div id=\"column-69dbc40831686\" class=\"fw-col-sm-12 tf-sh-82fe4a2ac45538feb4750b507e1c1c65\" >\n\t<div class=\"fw-wrap-col-inner clearfix\"   >\n\t\t\t\t<div class=\"fw-col-inner\">\n\t\t\t<div class=\"fw-heading fw-heading-left  tf-sh-443c6793fb62f7fc514ec38cba33e2d5\" >\n\t\t\t<h2 class=\"fw-special-title\">Target audience<\/h2>\n\t\n\t\n\t<\/div><div class=\"fw-text-box tf-sh-e6e3ae10a8c8accfb74a39178408136c\" >\n\t<div class=\"fw-text-inner\">\n\t\t<p>Owner of professional network installations with a separated DMZ who are not able to operate the OFTP2 system directly in the internet.<\/p>\n\t<\/div>\n<\/div>\t\t<\/div>\n\t<\/div>\n<\/div><\/div>\n\n<div class=\"fw-row\">\n\t<div id=\"column-69dbc408317b6\" class=\"fw-col-sm-12 tf-sh-d43b943558d82d1c2f7161b39ac18701\" >\n\t<div class=\"fw-wrap-col-inner clearfix\"   >\n\t\t\t\t<div class=\"fw-col-inner\">\n\t\t\t<div class=\"fw-heading fw-heading-left  tf-sh-aaa4ff0f1bdc68276bbc5dbc7db7a1e5\" >\n\t\t\t<h2 class=\"fw-special-title\">Why use an OFTP2 proxy?<\/h2>\n\t\n\t\n\t<\/div><div class=\"fw-text-box tf-sh-196d6a08a2be4a103adb24025a9305ca\" >\n\t<div class=\"fw-text-inner\">\n\t\t<p class=\"bodytext\">There are many requirements when using an OFTP2 proxy is needed:<\/p>\n\t<\/div>\n<\/div><div class=\"fw-list list-default  tf-sh-b5d617c5956bec49f913fc82ce121a73\" >\n\t<ul>\n\t\t\n\t\t\t\n\t\t\t\t<li>\n\t\t\t\t\tEnsure network security.\n\t\t\t\t\t\t\t\t\t<\/li>\n\n\t\t\t\n\t\t\t\t<li>\n\t\t\t\t\tImplement different zones for internal and external network.\n\t\t\t\t\t\t\t\t\t<\/li>\n\n\t\t\t\n\t\t\t\t<li>\n\t\t\t\t\tNo direct incoming and outgoing connection is possible on a configured TCP\/IP port.\n\t\t\t\t\t\t\t\t\t<\/li>\n\n\t\t\t\n\t\t\t\t<li>\n\t\t\t\t\tExamine OFTP2 traffic and let only pass valid packages.\n\t\t\t\t\t\t\t\t\t<\/li>\n\n\t\t\t\n\t\t\t\t<li>\n\t\t\t\t\tCommunication partner validation upon session initialization.\n\t\t\t\t\t\t\t\t\t<\/li>\n\n\t\t\t\t\t\t<\/ul>\n<\/div>\t\t<\/div>\n\t<\/div>\n<\/div><\/div>\n\n<div class=\"fw-row\">\n\t<div id=\"column-69dbc40831a9f\" class=\"fw-col-sm-12 tf-sh-cbbff791a463d4d30750f7a0796e7aee\" >\n\t<div class=\"fw-wrap-col-inner clearfix\"   >\n\t\t\t\t<div class=\"fw-col-inner\">\n\t\t\t<div class=\"fw-heading fw-heading-left  tf-sh-3763fbb9b3e232e3c96dcff289fed380\" >\n\t\t\t<h2 class=\"fw-special-title\">Advantages of OS4X OFTP2 SmartProxy<\/h2>\n\t\n\t\n\t<\/div><div class=\"fw-text-box tf-sh-6df92c83871c98671db89ed55ad94353\" >\n\t<div class=\"fw-text-inner\">\n\t\t<p class=\"bodytext\">The OS4X OFTP2 SmartProxy implements every requirement needed for a secure environment of OFTP2 communication and offers the following features:<\/p>\n\t<\/div>\n<\/div><div class=\"fw-list list-default  tf-sh-6451f422c26a211300c61e29d5ac89ba\" >\n\t<ul>\n\t\t\n\t\t\t\n\t\t\t\t<li>\n\t\t\t\t\tPre-authentification of a communication partner based on common certificate attribute and IP address.\n\t\t\t\t\t\t\t\t\t<\/li>\n\n\t\t\t\n\t\t\t\t<li>\n\t\t\t\t\tTLS termination at the proxy for OFTP2 message verification.\n\t\t\t\t\t\t\t\t\t<\/li>\n\n\t\t\t\n\t\t\t\t<li>\n\t\t\t\t\tIncoming and outgoing OFTP2 session establishment at very high speed for optimal bandwidth usage.\n\t\t\t\t\t\t\t\t\t<\/li>\n\n\t\t\t\n\t\t\t\t<li>\n\t\t\t\t\tSeamlessly integrated in OS4X (configuration, management and logging).\n\t\t\t\t\t\t\t\t\t<\/li>\n\n\t\t\t\n\t\t\t\t<li>\n\t\t\t\t\tInternal communication secured via encryption and authentification token.\n\t\t\t\t\t\t\t\t\t<\/li>\n\n\t\t\t\t\t\t<\/ul>\n<\/div>\t\t<\/div>\n\t<\/div>\n<\/div><\/div>\n\n<div class=\"fw-row\">\n\t<div id=\"column-69dbc40831d09\" class=\"fw-col-sm-12 tf-sh-9fb14ebf7f36edda30b69e69f7a324f2\" >\n\t<div class=\"fw-wrap-col-inner clearfix\"   >\n\t\t\t\t<div class=\"fw-col-inner\">\n\t\t\t<div class=\"fw-heading fw-heading-left  tf-sh-a084ff50e062c247629d86de58f988aa\" >\n\t\t\t<h2 class=\"fw-special-title\">Main features<\/h2>\n\t\n\t\n\t<\/div><div class=\"fw-list list-default  tf-sh-b360d31024f4d0ea52b383ae08fc928d\" >\n\t<ul>\n\t\t\n\t\t\t\n\t\t\t\t<li>\n\t\t\t\t\tImplement a three-layer network connectivity.\n\t\t\t\t\t\t\t\t\t<\/li>\n\n\t\t\t\n\t\t\t\t<li>\n\t\t\t\t\tPre-authentification of incoming TLS sessions depending on certificate information.\n\t\t\t\t\t\t\t\t\t<\/li>\n\n\t\t\t\n\t\t\t\t<li>\n\t\t\t\t\tInternal communication optionally encrypted via TLS and HTTPS.\n\t\t\t\t\t\t\t\t\t<\/li>\n\n\t\t\t\n\t\t\t\t<li>\n\t\t\t\t\tNo secure data stored in DMZ.\n\t\t\t\t\t\t\t\t\t<\/li>\n\n\t\t\t\n\t\t\t\t<li>\n\t\t\t\t\tVerification of data stream information.\n\t\t\t\t\t\t\t\t\t<\/li>\n\n\t\t\t\n\t\t\t\t<li>\n\t\t\t\t\tConfigurable logging facility (within DMZ, throughout to OS4X's log facility itself).\n\t\t\t\t\t\t\t\t\t<\/li>\n\n\t\t\t\n\t\t\t\t<li>\n\t\t\t\t\tSupport incoming and outgoing connections.\n\t\t\t\t\t\t\t\t\t<\/li>\n\n\t\t\t\n\t\t\t\t<li>\n\t\t\t\t\tEasily configurable.\n\t\t\t\t\t\t\t\t\t<\/li>\n\n\t\t\t\n\t\t\t\t<li>\n\t\t\t\t\tSuppress logging mechanism for hacking attacks.\n\t\t\t\t\t\t\t\t\t<\/li>\n\n\t\t\t\n\t\t\t\t<li>\n\t\t\t\t\tConfigurably use a specific device\/IP address for internal and external communication.\n\t\t\t\t\t\t\t\t\t<\/li>\n\n\t\t\t\t\t\t<\/ul>\n<\/div>\t\t<\/div>\n\t<\/div>\n<\/div><\/div>\n\n\t<\/div>\n\t<\/section>","protected":false},"excerpt":{"rendered":"<p>OS4X OFTP2 SmartProxy Implementieren Sie OFTP2 via Internet unter Beibehaltung der Sicherheit Ihrer Netzwerkzonen. In vielen Netzwerkumgebungen sind Server aus Sicherheitsgr\u00fcnden nicht direkt mit dem Internet verbunden. In diesem Fall muss f\u00fcr den ein- sowie ausgehenden OFTP2-Datenverkehr ein OFTP2-Proxyserver bereitgestellt werden, der in der DMZ verf\u00fcgbar ist (eine spezielle Netzwerkzone, die \u00fcber Firewalls mit dem [&hellip;]<\/p>\n","protected":false},"author":1,"featured_media":0,"parent":11,"menu_order":0,"comment_status":"closed","ping_status":"closed","template":"visual-builder-template.php","meta":{"footnotes":""},"class_list":["post-174","page","type-page","status-publish","hentry"],"aioseo_notices":[],"post_mailing_queue_ids":[],"_links":{"self":[{"href":"https:\/\/www.os4x.com\/en\/wp-json\/wp\/v2\/pages\/174","targetHints":{"allow":["GET"]}}],"collection":[{"href":"https:\/\/www.os4x.com\/en\/wp-json\/wp\/v2\/pages"}],"about":[{"href":"https:\/\/www.os4x.com\/en\/wp-json\/wp\/v2\/types\/page"}],"author":[{"embeddable":true,"href":"https:\/\/www.os4x.com\/en\/wp-json\/wp\/v2\/users\/1"}],"replies":[{"embeddable":true,"href":"https:\/\/www.os4x.com\/en\/wp-json\/wp\/v2\/comments?post=174"}],"version-history":[{"count":4,"href":"https:\/\/www.os4x.com\/en\/wp-json\/wp\/v2\/pages\/174\/revisions"}],"predecessor-version":[{"id":179,"href":"https:\/\/www.os4x.com\/en\/wp-json\/wp\/v2\/pages\/174\/revisions\/179"}],"up":[{"embeddable":true,"href":"https:\/\/www.os4x.com\/en\/wp-json\/wp\/v2\/pages\/11"}],"wp:attachment":[{"href":"https:\/\/www.os4x.com\/en\/wp-json\/wp\/v2\/media?parent=174"}],"curies":[{"name":"wp","href":"https:\/\/api.w.org\/{rel}","templated":true}]}}