{"id":11,"date":"2020-03-20T14:46:38","date_gmt":"2020-03-20T13:46:38","guid":{"rendered":"https:\/\/www.os4x.com\/?page_id=11"},"modified":"2020-04-06T16:27:18","modified_gmt":"2020-04-06T14:27:18","slug":"products-2","status":"publish","type":"page","link":"https:\/\/www.os4x.com\/en\/products-2\/","title":{"rendered":"Products"},"content":{"rendered":"<section   class=\"fw-main-row  auto  fw-section-position-back\"    >\n\t\t\t<div class=\"fw-container\" >\n\t\t<div class=\"fw-row\">\n\t<div id=\"column-69dbc5df0027e\" class=\"fw-col-sm-12 tf-sh-47c2b60b4ca5375c9e3b1617230b0de9\" >\n\t<div class=\"fw-wrap-col-inner clearfix\"   >\n\t\t\t\t<div class=\"fw-col-inner\">\n\t\t\t<div class=\"fw-heading fw-heading-left  tf-sh-f144d513b321af6e1f8ed09ec673606e\" >\n\t\t\t<h2 class=\"fw-special-title\">Products<\/h2>\n\t\n\t\n\t<\/div><div class=\"fw-text-box tf-sh-0bfc48525c7edbcb2e3dfc38d1a62cb3\" >\n\t<div class=\"fw-text-inner\">\n\t\t<div id=\"c13\" class=\"csc-default\">\n<div class=\"csc-textpic-text\">\n<p class=\"bodytext\">OS4X consists of several parts and is individually configurable.<\/p>\n<\/div>\n<\/div>\n\t<\/div>\n<\/div>\t\t<\/div>\n\t<\/div>\n<\/div><\/div>\n\n<div class=\"fw-row\">\n\t<div id=\"column-69dbc5df00426\" class=\"fw-col-sm-12 tf-sh-621828a9578427082ce3e30db014ea7b  fw-animated-element\" data-animation-type=\"fadeInLeft\" data-animation-delay=\"200\">\n\t<div class=\"fw-wrap-col-inner clearfix\"   >\n\t\t\t\t<div class=\"fw-col-inner\">\n\t\t\t<div class=\"fw-heading fw-heading-left  tf-sh-58b8b6bf718040ee370081e2b47a8393\" >\n\t\t\t<h2 class=\"fw-special-title\">OS4X Core<\/h2>\n\t\n\t\n\t<\/div><div class=\"fw-text-box tf-sh-6e6144aa346d267c3dfa246e99947a33\" >\n\t<div class=\"fw-text-inner\">\n\t\t<div id=\"c240\" class=\"csc-default csc-space-after-30\">\n<div class=\"csc-textpic csc-textpic-intext-left-nowrap\">\n<div class=\"csc-textpic-text\">\n<p class=\"bodytext\"><a title=\"OS4X Core\" href=\"https:\/\/www.os4x.com\/en\/products-2\/os4x-core\/\"><img loading=\"lazy\" decoding=\"async\" class=\"alignleft size-medium wp-image-97\" src=\"https:\/\/www.os4x.com\/wp-content\/uploads\/2020\/03\/Core_new2-300x300.png\" alt=\"\" width=\"300\" height=\"300\" srcset=\"https:\/\/www.os4x.com\/wp-content\/uploads\/2020\/03\/Core_new2-300x300.png 300w, https:\/\/www.os4x.com\/wp-content\/uploads\/2020\/03\/Core_new2-150x150.png 150w, https:\/\/www.os4x.com\/wp-content\/uploads\/2020\/03\/Core_new2-768x768.png 768w, https:\/\/www.os4x.com\/wp-content\/uploads\/2020\/03\/Core_new2-800x800.png 800w, https:\/\/www.os4x.com\/wp-content\/uploads\/2020\/03\/Core_new2.png 1024w\" sizes=\"auto, (max-width: 300px) 100vw, 300px\" \/><\/a>As a solution for the automated file-based data transmission, <a title=\"OS4X Core\" href=\"https:\/\/www.os4x.com\/en\/products-2\/os4x-core\/\">OS4X Core<\/a> offers a rich set of functionality, such as the integrated certificate management, automation tasks such as the directory scanner, poll queue and other administratively interesting mechanisms. Administration is done via an HTML5 web interface with a desktop-like application feeling. Within this interface, you can setup all partners, investigate logs, configure automatism and many other things.<\/p>\n<\/div>\n<\/div>\n<\/div>\n\t<\/div>\n<\/div>\t\t<\/div>\n\t<\/div>\n<\/div><\/div>\n\n<div class=\"fw-row\">\n\t<div id=\"column-69dbc5df00554\" class=\"fw-col-sm-12 tf-sh-acdb05de7d52d739505986df67489043  fw-animated-element\" data-animation-type=\"fadeInRight\" data-animation-delay=\"200\">\n\t<div class=\"fw-wrap-col-inner clearfix\"   >\n\t\t\t\t<div class=\"fw-col-inner\">\n\t\t\t<div class=\"fw-heading fw-heading-right  tf-sh-a99829f2de68f670429d637285717463\" >\n\t\t\t<h2 class=\"fw-special-title\">OS4X Enterprise<\/h2>\n\t\n\t\n\t<\/div><div class=\"fw-text-box tf-sh-0159d20be605e53efc8f91b97a7892da\" >\n\t<div class=\"fw-text-inner\">\n\t\t<p><a title=\"OS4X Enterprise\" href=\"https:\/\/www.os4x.com\/en\/products-2\/os4x-enterprise\/\"><img loading=\"lazy\" decoding=\"async\" class=\"size-medium wp-image-98 alignright\" src=\"https:\/\/www.os4x.com\/wp-content\/uploads\/2020\/03\/Enterprise_new2-300x300.png\" alt=\"\" width=\"300\" height=\"300\" srcset=\"https:\/\/www.os4x.com\/wp-content\/uploads\/2020\/03\/Enterprise_new2-300x300.png 300w, https:\/\/www.os4x.com\/wp-content\/uploads\/2020\/03\/Enterprise_new2-150x150.png 150w, https:\/\/www.os4x.com\/wp-content\/uploads\/2020\/03\/Enterprise_new2-768x768.png 768w, https:\/\/www.os4x.com\/wp-content\/uploads\/2020\/03\/Enterprise_new2-800x800.png 800w, https:\/\/www.os4x.com\/wp-content\/uploads\/2020\/03\/Enterprise_new2.png 1024w\" sizes=\"auto, (max-width: 300px) 100vw, 300px\" \/><\/a><a title=\"OS4X Enterprise\" href=\"https:\/\/www.os4x.com\/en\/products-2\/os4x-enterprise\/\">OS4X Enterprise<\/a> offers a lot of more plugins for OS4X Enterprise, such as (de-)compression of ZIP, TAR, gzip and other formats. ComSecure, a security product for the communication with VW\/Audi, is completely integrated in OS4X. Mail notifications inform about processes, and in addition a transmission PDF plugin offers the configurable possibility to add such a transmission report to the sender's job (optionally sent via email). The list of plugins is not limited, so you are free to implement and add own plugins.<br \/><b>All features of OS4X Core are included!<\/b><\/p>\n\t<\/div>\n<\/div>\t\t<\/div>\n\t<\/div>\n<\/div><\/div>\n\n<div class=\"fw-row\">\n\t<div id=\"column-69dbc5df00657\" class=\"fw-col-sm-12 tf-sh-c28ab874e1d1df34d1b6020d870499ad  fw-animated-element\" data-animation-type=\"fadeInLeft\" data-animation-delay=\"200\">\n\t<div class=\"fw-wrap-col-inner clearfix\"   >\n\t\t\t\t<div class=\"fw-col-inner\">\n\t\t\t<div class=\"fw-heading fw-heading-left  tf-sh-bc6882417be27f366db7cdaf587a27b4\" >\n\t\t\t<h2 class=\"fw-special-title\">OS4X OFTP2 SmartProxy<\/h2>\n\t\n\t\n\t<\/div><div class=\"fw-text-box tf-sh-b5f0579e840544c4bf41cbf374e08bfd\" >\n\t<div class=\"fw-text-inner\">\n\t\t<p><a title=\"OS4X OFTP2 SmartProxy\" href=\"https:\/\/www.os4x.com\/en\/products-2\/os4x-oftp2-smartproxy\/\"><img loading=\"lazy\" decoding=\"async\" class=\"alignleft size-medium wp-image-103\" src=\"https:\/\/www.os4x.com\/wp-content\/uploads\/2020\/03\/SmartProxy_new-300x300.png\" alt=\"\" width=\"300\" height=\"300\" srcset=\"https:\/\/www.os4x.com\/wp-content\/uploads\/2020\/03\/SmartProxy_new-300x300.png 300w, https:\/\/www.os4x.com\/wp-content\/uploads\/2020\/03\/SmartProxy_new-150x150.png 150w, https:\/\/www.os4x.com\/wp-content\/uploads\/2020\/03\/SmartProxy_new-768x768.png 768w, https:\/\/www.os4x.com\/wp-content\/uploads\/2020\/03\/SmartProxy_new-800x800.png 800w, https:\/\/www.os4x.com\/wp-content\/uploads\/2020\/03\/SmartProxy_new.png 1024w\" sizes=\"auto, (max-width: 300px) 100vw, 300px\" \/><\/a>The <a title=\"OS4X OFTP2 SmartProxy\" href=\"https:\/\/www.os4x.com\/en\/products-2\/os4x-oftp2-smartproxy\/\">OS4X OFTP2 SmartProxy<\/a> allows you to communicate via OFTP2 in a professional network environment over a DMZ. Security options allow to open connections from inside (the application zone) to the outer zone, but not the other way. With the OS4X OFTP2 SmartProxy, you can receive incoming OFTP2 connections securely, allowing to verify the session parameter, even single OFTP2 packages are examined optionally. Client connection can be verified by partner station information, given in the connection client certificate. Support for OFTP1.x ist explicitely configurable, so you can use the proxy for both protocols.<\/p>\n\t<\/div>\n<\/div>\t\t<\/div>\n\t<\/div>\n<\/div><\/div>\n\n<div class=\"fw-row\">\n\t<div id=\"column-69dbc5df00751\" class=\"fw-col-sm-12 tf-sh-5fa91530732d615ad64b4d9c88084583  fw-animated-element\" data-animation-type=\"fadeInRight\" data-animation-delay=\"200\">\n\t<div class=\"fw-wrap-col-inner clearfix\"   >\n\t\t\t\t<div class=\"fw-col-inner\">\n\t\t\t<div class=\"fw-heading fw-heading-right  tf-sh-82c42661432f73409f9c944c47cf8bf2\" >\n\t\t\t<h2 class=\"fw-special-title\">OS4Xvirtual<\/h2>\n\t\n\t\n\t<\/div><div class=\"fw-text-box tf-sh-eb244369c6661f8d4fdf5f3f175a33d7\" >\n\t<div class=\"fw-text-inner\">\n\t\t<p><a title=\"OS4Xvirtual\" href=\"https:\/\/www.os4x.com\/en\/products-2\/os4xvirtual\/\"><img loading=\"lazy\" decoding=\"async\" class=\"size-medium wp-image-102 alignright\" src=\"https:\/\/www.os4x.com\/wp-content\/uploads\/2020\/03\/OS4Xvirtual_new-300x300.png\" alt=\"\" width=\"300\" height=\"300\" srcset=\"https:\/\/www.os4x.com\/wp-content\/uploads\/2020\/03\/OS4Xvirtual_new-300x300.png 300w, https:\/\/www.os4x.com\/wp-content\/uploads\/2020\/03\/OS4Xvirtual_new-150x150.png 150w, https:\/\/www.os4x.com\/wp-content\/uploads\/2020\/03\/OS4Xvirtual_new-768x768.png 768w, https:\/\/www.os4x.com\/wp-content\/uploads\/2020\/03\/OS4Xvirtual_new-800x800.png 800w, https:\/\/www.os4x.com\/wp-content\/uploads\/2020\/03\/OS4Xvirtual_new.png 1024w\" sizes=\"auto, (max-width: 300px) 100vw, 300px\" \/><\/a>With the\u00a0<b>free<\/b>\u00a0<a title=\"OS4Xvirtual\" href=\"https:\/\/www.os4x.com\/en\/products-2\/os4xvirtual\/\">OS4Xvirtual appliance<\/a> , you start instantly with OS4X! Download, import and run the virtual machine, which offers an updated OS4X installation! An installation wizard helps you to setup the machine, all interaction can be done interactively with web interfaces, so there is no need to know which configuration file has to be changed.<br \/>ISDN connectivity can be done with the usage of RemoteCAPI ISDN controllers.<\/p>\n\t<\/div>\n<\/div>\t\t<\/div>\n\t<\/div>\n<\/div><\/div>\n\n<div class=\"fw-row\">\n\t<div id=\"column-69dbc5df008bd\" class=\"fw-col-sm-12 tf-sh-bd1048ea2525651caabef9fc2a02803a  fw-animated-element\" data-animation-type=\"fadeInLeft\" data-animation-delay=\"200\">\n\t<div class=\"fw-wrap-col-inner clearfix\"   >\n\t\t\t\t<div class=\"fw-col-inner\">\n\t\t\t<div class=\"fw-heading fw-heading-left  tf-sh-254849aeecfd6d883f96c4aea0681061\" >\n\t\t\t<h2 class=\"fw-special-title\">EDI converter<\/h2>\n\t\n\t\n\t<\/div><div class=\"fw-text-box tf-sh-c1495d749ddfc0681bd2562dd01264c9\" >\n\t<div class=\"fw-text-inner\">\n\t\t<p><a title=\"OS4X EDI converter\" href=\"https:\/\/www.os4x.com\/en\/products-2\/os4x-edi-konverter\/\"><img loading=\"lazy\" decoding=\"async\" class=\"alignleft size-medium wp-image-99\" src=\"https:\/\/www.os4x.com\/wp-content\/uploads\/2020\/03\/EDI-converter_new-300x300.png\" alt=\"\" width=\"300\" height=\"300\" srcset=\"https:\/\/www.os4x.com\/wp-content\/uploads\/2020\/03\/EDI-converter_new-300x300.png 300w, https:\/\/www.os4x.com\/wp-content\/uploads\/2020\/03\/EDI-converter_new-150x150.png 150w, https:\/\/www.os4x.com\/wp-content\/uploads\/2020\/03\/EDI-converter_new-768x768.png 768w, https:\/\/www.os4x.com\/wp-content\/uploads\/2020\/03\/EDI-converter_new-800x800.png 800w, https:\/\/www.os4x.com\/wp-content\/uploads\/2020\/03\/EDI-converter_new.png 1024w\" sizes=\"auto, (max-width: 300px) 100vw, 300px\" \/><\/a>If you need an EDI converter which assist you in handling any EDI format, we have the right solution for you: the approved and robust EDI converter plugin for OS4X Enterprise: <a title=\"OS4X EDI converter\" href=\"https:\/\/www.os4x.com\/en\/products-2\/os4x-edi-konverter\/\">OS4X EDI-Converter<\/a>.<\/p>\n\t<\/div>\n<\/div>\t\t<\/div>\n\t<\/div>\n<\/div><\/div>\n\n<div class=\"fw-row\">\n\t<div id=\"column-69dbc5df00a1a\" class=\"fw-col-sm-12 tf-sh-b0224c495bec567d4a9ad18b8582616b  fw-animated-element\" data-animation-type=\"fadeInRight\" data-animation-delay=\"200\">\n\t<div class=\"fw-wrap-col-inner clearfix\"   >\n\t\t\t\t<div class=\"fw-col-inner\">\n\t\t\t<div class=\"fw-heading fw-heading-right  tf-sh-9c44d83bfb1af3637aee2cdbeea950ae\" >\n\t\t\t<h2 class=\"fw-special-title\">OS4X Portal<\/h2>\n\t\n\t\n\t<\/div><div class=\"fw-text-box tf-sh-3ccc46f8aadf9470efcf03cef41c2956\" >\n\t<div class=\"fw-text-inner\">\n\t\t<p><a title=\"OS4X Portal\" href=\"https:\/\/www.os4x.com\/en\/products-2\/os4x-portal\/\"><img loading=\"lazy\" decoding=\"async\" class=\"size-medium wp-image-100 alignright\" src=\"https:\/\/www.os4x.com\/wp-content\/uploads\/2020\/03\/OS4X_Portal-300x300.png\" alt=\"\" width=\"300\" height=\"300\" srcset=\"https:\/\/www.os4x.com\/wp-content\/uploads\/2020\/03\/OS4X_Portal-300x300.png 300w, https:\/\/www.os4x.com\/wp-content\/uploads\/2020\/03\/OS4X_Portal-150x150.png 150w, https:\/\/www.os4x.com\/wp-content\/uploads\/2020\/03\/OS4X_Portal-768x768.png 768w, https:\/\/www.os4x.com\/wp-content\/uploads\/2020\/03\/OS4X_Portal-800x800.png 800w, https:\/\/www.os4x.com\/wp-content\/uploads\/2020\/03\/OS4X_Portal.png 1024w\" sizes=\"auto, (max-width: 300px) 100vw, 300px\" \/><\/a>With <a title=\"OS4X Portal\" href=\"https:\/\/www.os4x.com\/en\/products-2\/os4x-portal\/\">OS4X Portal<\/a> , you have the ability to manage all file transfers with your communication contacts, all logged and fully documented, automated, designed to your business processes. OS4X Portal offers a wide range of functionality for secure data transmissions from and to external and internal networks.<\/p>\n\t<\/div>\n<\/div>\t\t<\/div>\n\t<\/div>\n<\/div><\/div>\n\n<div class=\"fw-row\">\n\t<div id=\"column-69dbc5df00c06\" class=\"fw-col-sm-12 tf-sh-26717472a68a4b5c132f6a8d452af62d  fw-animated-element\" data-animation-type=\"fadeInLeft\" data-animation-delay=\"200\">\n\t<div class=\"fw-wrap-col-inner clearfix\"   >\n\t\t\t\t<div class=\"fw-col-inner\">\n\t\t\t<div class=\"fw-heading fw-heading-left  tf-sh-2abf231b602b9e33252b1668713be3a6\" >\n\t\t\t<h2 class=\"fw-special-title\">OFTPi<\/h2>\n\t\n\t\n\t<\/div><div class=\"fw-text-box tf-sh-966f5018055b9c995ca79249f9cc67d4\" >\n\t<div class=\"fw-text-inner\">\n\t\t<p><a title=\"OFTPi\" href=\"https:\/\/www.os4x.com\/en\/products-2\/oftpi\/\"><img loading=\"lazy\" decoding=\"async\" class=\"alignleft size-medium wp-image-101\" src=\"https:\/\/www.os4x.com\/wp-content\/uploads\/2020\/03\/OS4Xpi-300x300.png\" alt=\"\" width=\"300\" height=\"300\" srcset=\"https:\/\/www.os4x.com\/wp-content\/uploads\/2020\/03\/OS4Xpi-300x300.png 300w, https:\/\/www.os4x.com\/wp-content\/uploads\/2020\/03\/OS4Xpi-150x150.png 150w, https:\/\/www.os4x.com\/wp-content\/uploads\/2020\/03\/OS4Xpi-768x768.png 768w, https:\/\/www.os4x.com\/wp-content\/uploads\/2020\/03\/OS4Xpi-800x800.png 800w, https:\/\/www.os4x.com\/wp-content\/uploads\/2020\/03\/OS4Xpi.png 1024w\" sizes=\"auto, (max-width: 300px) 100vw, 300px\" \/><\/a>With <a title=\"OFTPi\" href=\"https:\/\/www.os4x.com\/en\/products-2\/oftpi\/\">OFTPi<\/a> , you can run OS4X on a Raspberry Pi in full functionality, best flexibility, low cost and acceptable performance.<\/p>\n\t<\/div>\n<\/div>\t\t<\/div>\n\t<\/div>\n<\/div><\/div>\n\n<div class=\"fw-row\">\n\t<div id=\"column-69dbc5df00dc2\" class=\"fw-col-sm-12 tf-sh-4b747e8d905e8f68cc86d91970cff631  fw-animated-element\" data-animation-type=\"fadeInRight\" data-animation-delay=\"200\">\n\t<div class=\"fw-wrap-col-inner clearfix\"   >\n\t\t\t\t<div class=\"fw-col-inner\">\n\t\t\t<div class=\"fw-heading fw-heading-right  tf-sh-aebed647619f5e4c09b06fef9058d042\" >\n\t\t\t<h2 class=\"fw-special-title\">OS4X Docker<\/h2>\n\t\n\t\n\t<\/div><div class=\"fw-text-box tf-sh-b6e43956bc80fdf80a31836d6369926d\" >\n\t<div class=\"fw-text-inner\">\n\t\t<p><img loading=\"lazy\" decoding=\"async\" class=\"alignright wp-image-497 size-medium\" src=\"https:\/\/www.os4x.com\/wp-content\/uploads\/2020\/04\/OS4X_Docker-300x300.png\" alt=\"\" width=\"300\" height=\"300\" srcset=\"https:\/\/www.os4x.com\/wp-content\/uploads\/2020\/04\/OS4X_Docker-300x300.png 300w, https:\/\/www.os4x.com\/wp-content\/uploads\/2020\/04\/OS4X_Docker.png 1024w, https:\/\/www.os4x.com\/wp-content\/uploads\/2020\/04\/OS4X_Docker-150x150.png 150w, https:\/\/www.os4x.com\/wp-content\/uploads\/2020\/04\/OS4X_Docker-768x768.png 768w, https:\/\/www.os4x.com\/wp-content\/uploads\/2020\/04\/OS4X_Docker-800x800.png 800w\" sizes=\"auto, (max-width: 300px) 100vw, 300px\" \/>Docker offers a unique microservice infrastructure that serves as a resource-saving basis for a stable environment in which <a href=\"https:\/\/hub.docker.com\/r\/oftp2\/os4x\" target=\"_blank\" rel=\"noopener\">OS4X OFTP2 als Service<\/a> can be provided. Advantages such as reliability, dynamic allocation of resources, external data storage etc. make OS4X Docker an optimal solution for microservice-oriented customers.<\/p>\n\t<\/div>\n<\/div>\t\t<\/div>\n\t<\/div>\n<\/div><\/div>\n\n\t<\/div>\n\t<\/section>","protected":false},"excerpt":{"rendered":"<p>Produkte OS4X ist in mehreren Ausf\u00fchrungen verf\u00fcgbar und ist indidivuell konfigurierbar in Ihrem Umfeld einsetzbar. OS4X Core Als L\u00f6sung f\u00fcr den automatisierten dateibasierten Austausch bietet OS4X Core ein reichhaltiges Angebot, wie z.B die integrierte Zertifikatsverwaltung, Automatismen wie den Verzeichnis-Scanner, die Poll-Queue und andere administrativ interessante Mechanismen. Die Administration erfolgt \u00fcber ein ansprechendes dynamisches HTML5-Webinterface, das [&hellip;]<\/p>\n","protected":false},"author":1,"featured_media":0,"parent":0,"menu_order":0,"comment_status":"closed","ping_status":"closed","template":"visual-builder-template.php","meta":{"footnotes":""},"class_list":["post-11","page","type-page","status-publish","hentry"],"aioseo_notices":[],"post_mailing_queue_ids":[],"_links":{"self":[{"href":"https:\/\/www.os4x.com\/en\/wp-json\/wp\/v2\/pages\/11","targetHints":{"allow":["GET"]}}],"collection":[{"href":"https:\/\/www.os4x.com\/en\/wp-json\/wp\/v2\/pages"}],"about":[{"href":"https:\/\/www.os4x.com\/en\/wp-json\/wp\/v2\/types\/page"}],"author":[{"embeddable":true,"href":"https:\/\/www.os4x.com\/en\/wp-json\/wp\/v2\/users\/1"}],"replies":[{"embeddable":true,"href":"https:\/\/www.os4x.com\/en\/wp-json\/wp\/v2\/comments?post=11"}],"version-history":[{"count":34,"href":"https:\/\/www.os4x.com\/en\/wp-json\/wp\/v2\/pages\/11\/revisions"}],"predecessor-version":[{"id":501,"href":"https:\/\/www.os4x.com\/en\/wp-json\/wp\/v2\/pages\/11\/revisions\/501"}],"wp:attachment":[{"href":"https:\/\/www.os4x.com\/en\/wp-json\/wp\/v2\/media?parent=11"}],"curies":[{"name":"wp","href":"https:\/\/api.w.org\/{rel}","templated":true}]}}