{"id":850,"date":"2020-12-10T16:33:17","date_gmt":"2020-12-10T15:33:17","guid":{"rendered":"https:\/\/www.os4x.com\/?page_id=850"},"modified":"2021-01-19T15:45:36","modified_gmt":"2021-01-19T14:45:36","slug":"as2","status":"publish","type":"page","link":"https:\/\/www.os4x.com\/de\/produkte\/as2\/","title":{"rendered":"OS4X AS2"},"content":{"rendered":"<section   class=\"fw-main-row  auto  fw-section-position-back\"    >\n\t\t\t<div class=\"fw-container\" >\n\t\t<div class=\"fw-row\">\n\t<div id=\"column-69e085ee6896b\" class=\"fw-col-sm-12 tf-sh-32c3707e38f8b3cc0cc03c73bdcb56fb\" >\n\t<div class=\"fw-wrap-col-inner clearfix  \"   >\n\t\t\t\t<div class=\"fw-col-inner\">\n\t\t\t<div class=\"fw-heading fw-heading-left  tf-sh-0f2410ee51763560ae1c085557f44cfc\" >\n\t\t\t<h2 class=\"fw-special-title\">Was ist AS2?<\/h2>\n\t\n\t\n\t<\/div><div class=\"fw-text-box tf-sh-4b8ec2e7418382a53102926c42580a47 \" >\n\t<div class=\"fw-text-inner\">\n\t\t<p>AS2 ist ein in der Logistik-Branche weit verbreitetes \u00dcbertragungsprotokoll f\u00fcr EDI-Nachrichten. Da es via HTTP(S) kommuniziert l\u00e4sst sich dieses Protokoll meist problemlos in bestehende Systemumgebungen integrieren. AS2 unterst\u00fctzt somit den sicheren Austausch von Daten \u00fcber das Internet. Die Dateien k\u00f6nnen hierbei nochmals signiert und\/oder verschl\u00fcsselt sein.<\/p>\n\t<\/div>\n<\/div>\t\t<\/div>\n\t<\/div>\n<\/div><\/div>\n\n<div class=\"fw-row\">\n\t<div id=\"column-69e085ee68b19\" class=\"fw-col-sm-12 tf-sh-53442ca0c7ee8777744bf4edb7bc38f0\" >\n\t<div class=\"fw-wrap-col-inner clearfix  \"   >\n\t\t\t\t<div class=\"fw-col-inner\">\n\t\t\t<div class=\"fw-heading fw-heading-left  tf-sh-c9415e46abe29d29d854eef42b14b812\" >\n\t\t\t<h2 class=\"fw-special-title\">Unterst\u00fctzter Standard<\/h2>\n\t\n\t\n\t<\/div><div class=\"fw-text-box tf-sh-34a6cf31be60b8a8a180d1022d0f865e \" >\n\t<div class=\"fw-text-inner\">\n\t\t<p style=\"text-align: left;\">OS4X unterst\u00fctzt hierbei alle notwendigen Standards: http, https, Versand und Empfang von nativen Daten, signiert, verschl\u00fcsselt, optional komprimiert. Alle notwendigen Algorithmen werden hierbei unterst\u00fctzt, ebenso wie Anpassungen auf spezielle Situationen die andere (nicht-konforme) Systeme aufwerfen. Synchrone und asynchrone Empfangsbest\u00e4tigungen runden die volle Funktionalit\u00e4t ab.<\/p>\n\t<\/div>\n<\/div>\t\t<\/div>\n\t<\/div>\n<\/div><\/div>\n\n<div class=\"fw-row\">\n\t<div id=\"column-69e085ee68c9f\" class=\"fw-col-sm-12 tf-sh-14098c886d49893138e63b50b8c7da01\" >\n\t<div class=\"fw-wrap-col-inner clearfix  \"   >\n\t\t\t\t<div class=\"fw-col-inner\">\n\t\t\t<div class=\"fw-heading fw-heading-left  tf-sh-1682bc22f93306ce39adf04a74f60c53\" >\n\t\t\t<h2 class=\"fw-special-title\">Gewohnte Prozesse<\/h2>\n\t\n\t\n\t<\/div><div class=\"fw-text-box tf-sh-109c888b3749272248714577cfdba589 \" >\n\t<div class=\"fw-text-inner\">\n\t\t<p>OS4X bietet f\u00fcr alle Situationen eine Anbindung an wie Sie es gewohnt sind:<\/p>\n\t<\/div>\n<\/div><div class=\"fw-list list-default  tf-sh-a1a51304478354a11d4a04c8d3275caf \" >\n\t<ul>\n\t\t\n\t\t\t\n\t\t\t\t<li>\n\t\t\t\t\tExtrem hohe Stabilit\u00e4t\n\t\t\t\t\t\t\t\t\t<\/li>\n\n\t\t\t\n\t\t\t\t<li>\n\t\t\t\t\tautomatisierter Versand via Send Queue (mit Fehlerfall-Behandlung)\n\t\t\t\t\t\t\t\t\t<\/li>\n\n\t\t\t\n\t\t\t\t<li>\n\t\t\t\t\tEvents f\u00fcr alle Situationen\n\t\t\t\t\t\t\t\t\t<\/li>\n\n\t\t\t\n\t\t\t\t<li>\n\t\t\t\t\tEigener Daemon mit integriertem Webserver (keine Drittsoftware notwendig) mit minimalem Ressourcenverbrauch\n\t\t\t\t\t\t\t\t\t<\/li>\n\n\t\t\t\n\t\t\t\t<li>\n\t\t\t\t\tAnbindung an die integrierte Zertifikatsverwaltung (mit Ablauf-Erinnerung etc.)\n\t\t\t\t\t\t\t\t\t<\/li>\n\n\t\t\t\n\t\t\t\t<li>\n\t\t\t\t\tGewohnt hochwertiges Logging und Debugging\n\t\t\t\t\t\t\t\t\t<\/li>\n\n\t\t\t\t\t\t<\/ul>\n<\/div>\t<div class=\"fw-imagebox clearfix fw-imagebox-1 tf-sh-f7099cfd6068046ddbae2e7e195ae9a7 text-left   \"  style=\"\">\n\t\t\t\t\t\t\t\t\t\t<div class=\"fw-block-image-parent fw-block-image-center \" style=\"width: 749px;\">\n\t\t\t\t\t\t\t\t\t<div class=\"fw-block-image-child fw-noratio fw-ratio-container\">\n\t\t\t\t\t\t<noscript itemscope itemtype=\"https:\/\/schema.org\/ImageObject\" itemprop=\"image\"><img decoding=\"async\" src=\"https:\/\/www.os4x.com\/wp-content\/uploads\/2021\/01\/Bildschirmfoto-2021-01-18-um-14.40.03.png\"  alt=\"Bildschirmfoto 2021-01-18 um 14.40.03\" data-maxdpr=\"1.7\" width=\"749\" class=\"lazyload\" \/><meta itemprop=\"url\" content=\"https:\/\/www.os4x.com\/wp-content\/uploads\/2021\/01\/Bildschirmfoto-2021-01-18-um-14.40.03.png\"><meta itemprop=\"width\" content=\"749\"><meta itemprop=\"height\" content=\"882\"><\/noscript><img decoding=\"async\" src=\"data:image\/gif;base64,R0lGODlhAQABAIAAAAAAAP\/\/\/yH5BAEAAAAALAAAAAABAAEAAAIBRAA7\" data-sizes=\"auto\" data-srcset=\"https:\/\/www.os4x.com\/wp-content\/uploads\/2021\/01\/Bildschirmfoto-2021-01-18-um-14.40.03.png\"   alt=\"Bildschirmfoto 2021-01-18 um 14.40.03\" data-maxdpr=\"1.7\" width=\"749\" class=\"lazyload\" \/><span class=\"fw-after-no-ratio\" style=\"padding-bottom: 117.75700934579%\"><\/span>\t\t\t\t\t<\/div>\n\t\t\t\t\t\t\t<\/div>\n\t\t\n\t<div class=\"fw-imagebox-aside\" style=\"\">\n\t\t\n\t\t\n\t\t\t<\/div>\n\t<\/div>\n\t<div class=\"fw-imagebox clearfix fw-imagebox-1 tf-sh-7ce75f9cd867082bf72f327451b5c2ac text-left   \"  style=\"\">\n\t\t\t\t\t\t\t\t\t\t<div class=\"fw-block-image-parent  \" style=\"width: 100%;\">\n\t\t\t\t\t\t\t\t\t<div class=\"fw-block-image-child fw-noratio fw-ratio-container\">\n\t\t\t\t\t\t<noscript itemscope itemtype=\"https:\/\/schema.org\/ImageObject\" itemprop=\"image\"><img decoding=\"async\" src=\"https:\/\/www.os4x.com\/wp-content\/uploads\/2021\/01\/Bildschirmfoto-2021-01-19-um-15.43.10.png\"  alt=\"Bildschirmfoto 2021-01-19 um 15.43.10\" data-maxdpr=\"1.7\" class=\"lazyload\" \/><meta itemprop=\"url\" content=\"https:\/\/www.os4x.com\/wp-content\/uploads\/2021\/01\/Bildschirmfoto-2021-01-19-um-15.43.10.png\"><meta itemprop=\"width\" content=\"2110\"><meta itemprop=\"height\" content=\"948\"><\/noscript><img decoding=\"async\" src=\"data:image\/gif;base64,R0lGODlhAQABAIAAAAAAAP\/\/\/yH5BAEAAAAALAAAAAABAAEAAAIBRAA7\" data-sizes=\"auto\" data-srcset=\"https:\/\/www.os4x.com\/wp-content\/uploads\/2021\/01\/Bildschirmfoto-2021-01-19-um-15.43.10.png\"   alt=\"Bildschirmfoto 2021-01-19 um 15.43.10\" data-maxdpr=\"1.7\" class=\"lazyload\" \/><span class=\"fw-after-no-ratio\" style=\"padding-bottom: 44.928909952607%\"><\/span>\t\t\t\t\t<\/div>\n\t\t\t\t\t\t\t<\/div>\n\t\t\n\t<div class=\"fw-imagebox-aside\" style=\"\">\n\t\t\n\t\t\n\t\t\t<\/div>\n\t<\/div>\n\t\t<\/div>\n\t<\/div>\n<\/div><\/div>\n\n<div class=\"fw-row\">\n\t<div id=\"column-69e085ee69529\" class=\"fw-col-sm-12 tf-sh-b0cecf474e310c56008238395fcd3b9b\" >\n\t<div class=\"fw-wrap-col-inner clearfix  \"   >\n\t\t\t\t<div class=\"fw-col-inner\">\n\t\t\t<div class=\"fw-heading fw-heading-left  tf-sh-c2df988fc6b608f34b3bdd11c02ac376\" >\n\t\t\t<h2 class=\"fw-special-title\">Kontakt<\/h2>\n\t\n\t\n\t<\/div><div class=\"fw-text-box tf-sh-b20dab79c9c78338cf99acdffe6fc2fc \" >\n\t<div class=\"fw-text-inner\">\n\t\t<p>Haben wir Ihr Interesse geweckt? <a href=\"mailto:kontakt@c-works.de?subject=Interesse%20an%20AS2&amp;body=Hallo%2C%0D%0A%0D%0Awir%20haben%20Interesse%20an%20AS2%20in%20OS4X%2C%20bitte%20melden%20Sie%20sich%20bei%20mir.%0D%0A\">Dann senden Sie uns eine Email<\/a>, wir freuen uns Ihnen ein Angebot machen zu k\u00f6nnen.<\/p>\n<p>&nbsp;<\/p>\n\t<\/div>\n<\/div>\t\t<\/div>\n\t<\/div>\n<\/div><\/div>\n\n\t<\/div>\n\t<\/section>\n","protected":false},"excerpt":{"rendered":"<p>Was ist AS2? AS2 ist ein in der Logistik-Branche weit verbreitetes \u00dcbertragungsprotokoll f\u00fcr EDI-Nachrichten. Da es via HTTP(S) kommuniziert l\u00e4sst sich dieses Protokoll meist problemlos in bestehende Systemumgebungen integrieren. AS2 unterst\u00fctzt somit den sicheren Austausch von Daten \u00fcber das Internet. Die Dateien k\u00f6nnen hierbei nochmals signiert und\/oder verschl\u00fcsselt sein. Unterst\u00fctzter Standard OS4X unterst\u00fctzt hierbei alle [&hellip;]<\/p>\n","protected":false},"author":1,"featured_media":0,"parent":11,"menu_order":0,"comment_status":"closed","ping_status":"closed","template":"visual-builder-template.php","meta":{"footnotes":""},"class_list":["post-850","page","type-page","status-publish","hentry"],"aioseo_notices":[],"post_mailing_queue_ids":[],"_links":{"self":[{"href":"https:\/\/www.os4x.com\/de\/wp-json\/wp\/v2\/pages\/850","targetHints":{"allow":["GET"]}}],"collection":[{"href":"https:\/\/www.os4x.com\/de\/wp-json\/wp\/v2\/pages"}],"about":[{"href":"https:\/\/www.os4x.com\/de\/wp-json\/wp\/v2\/types\/page"}],"author":[{"embeddable":true,"href":"https:\/\/www.os4x.com\/de\/wp-json\/wp\/v2\/users\/1"}],"replies":[{"embeddable":true,"href":"https:\/\/www.os4x.com\/de\/wp-json\/wp\/v2\/comments?post=850"}],"version-history":[{"count":13,"href":"https:\/\/www.os4x.com\/de\/wp-json\/wp\/v2\/pages\/850\/revisions"}],"predecessor-version":[{"id":884,"href":"https:\/\/www.os4x.com\/de\/wp-json\/wp\/v2\/pages\/850\/revisions\/884"}],"up":[{"embeddable":true,"href":"https:\/\/www.os4x.com\/de\/wp-json\/wp\/v2\/pages\/11"}],"wp:attachment":[{"href":"https:\/\/www.os4x.com\/de\/wp-json\/wp\/v2\/media?parent=850"}],"curies":[{"name":"wp","href":"https:\/\/api.w.org\/{rel}","templated":true}]}}