{"id":801,"date":"2020-10-23T12:57:08","date_gmt":"2020-10-23T10:57:08","guid":{"rendered":"https:\/\/www.os4x.com\/?page_id=801"},"modified":"2020-10-23T13:34:14","modified_gmt":"2020-10-23T11:34:14","slug":"betriebs-modell","status":"publish","type":"page","link":"https:\/\/www.os4x.com\/de\/support\/betriebs-modell\/","title":{"rendered":"Betriebs-Modell"},"content":{"rendered":"<section   class=\"fw-main-row  auto  fw-section-position-back\"    >\n\t\t\t<div class=\"fw-container\" >\n\t\t<div class=\"fw-row\">\n\t<div id=\"column-69e6007ab7776\" class=\"fw-col-sm-12 tf-sh-f982140c69a43c24bc940bb2b9c88ab3  fw-animated-element\" data-animation-type=\"fadeInLeft\" data-animation-delay=\"200\">\n\t<div class=\"fw-wrap-col-inner clearfix  \"   >\n\t\t\t\t<div class=\"fw-col-inner\">\n\t\t\t<div class=\"fw-heading fw-heading-left  tf-sh-2e1ee09eb1b4e13982fa580ef085049d\" >\n\t\t\t<h1 class=\"fw-special-title\">Professioneller Support vom Hersteller<\/h1>\n\t\n\t\n\t<\/div><div class=\"fw-text-box tf-sh-b495ee8ac123f82ae65cfe839ce91d0c \" >\n\t<div class=\"fw-text-inner\">\n\t\t<p>Der Betrieb eines Datenaustauschsystems kann aufw\u00e4ndig und kompliziert sein. Wir bieten Ihnen deshalb unser Fachwissen als Dienstleistung an. Wir k\u00fcmmern uns hierbei um alles, was sich rund um das Thema OS4X dreht:<\/p>\n\t<\/div>\n<\/div><div class=\"fw-list list-default  tf-sh-af58085da9f1be41fb4e3b168bc9c9d8 \" >\n\t<ul>\n\t\t\n\t\t\t\n\t\t\t\t<li>\n\t\t\t\t\tPartner- und Zertifikatsverwaltung\n\t\t\t\t\t\t\t\t\t<\/li>\n\n\t\t\t\n\t\t\t\t<li>\n\t\t\t\t\tPermanente \u00dcberwachung des Systems inkl. automatischen und manuellen Eingriffen zum L\u00f6sen von Problemen\n\t\t\t\t\t\t\t\t\t<\/li>\n\n\t\t\t\n\t\t\t\t<li>\n\t\t\t\t\tProblemidentifikation und -L\u00f6sung noch vor Eskalation\n\t\t\t\t\t\t\t\t\t<\/li>\n\n\t\t\t\n\t\t\t\t<li>\n\t\t\t\t\tAktualisierung aller Komponenten (sowohl unserer Software als auch des Betriebssystems)\n\t\t\t\t\t\t\t\t\t<\/li>\n\n\t\t\t\n\t\t\t\t<li>\n\t\t\t\t\tKommunikation mit beteiligten Dienstleistern und Abteilungen (zust\u00e4ndig f\u00fcr z.B. Firewall, Storage, EDI-\/ERP-System etc.)\n\t\t\t\t\t\t\t\t\t<\/li>\n\n\t\t\t\n\t\t\t\t<li>\n\t\t\t\t\tUmsetzung Ihrer kundenspezifischen Anforderungen\n\t\t\t\t\t\t\t\t\t<\/li>\n\n\t\t\t\t\t\t<\/ul>\n<\/div>\t\t<\/div>\n\t<\/div>\n<\/div><\/div>\n\n<div class=\"fw-row\">\n\t<div id=\"column-69e6007ab7a56\" class=\"fw-col-sm-12 tf-sh-19412c6e699513d469f7a311f36791c0  fw-animated-element\" data-animation-type=\"fadeInRight\" data-animation-delay=\"200\">\n\t<div class=\"fw-wrap-col-inner clearfix  \"   >\n\t\t\t\t<div class=\"fw-col-inner\">\n\t\t\t<div class=\"fw-heading fw-heading-left  tf-sh-cda5199eb0e00a9f73d094dd46280f87\" >\n\t\t\t<h2 class=\"fw-special-title\">Ihre Vorteile<\/h2>\n\t\n\t\n\t<\/div><div class=\"fw-text-box tf-sh-8ecbea1c8f48fa97f3e6c20ced880170 \" >\n\t<div class=\"fw-text-inner\">\n\t\t<p>Sie k\u00f6nnen sich um Ihre Kernkompetenz k\u00fcmmern, w\u00e4hrend wir Ihre Datenkommunikations-L\u00f6sung stabil betreiben. Profitieren Sie von unserer monatlich k\u00fcndbaren Dienstleistung zu einem g\u00fcnstigen Preis, die Ihnen die Gewissheit gibt dass Ihr System optimal gewartet wird.<\/p>\n\t<\/div>\n<\/div>\t\t<\/div>\n\t<\/div>\n<\/div><\/div>\n\n<div class=\"fw-row\">\n\t<div id=\"column-69e6007ab7bce\" class=\"fw-col-sm-12 tf-sh-2ebba84c4b9c855edff294d7a750ee97  fw-animated-element\" data-animation-type=\"fadeInLeft\" data-animation-delay=\"200\">\n\t<div class=\"fw-wrap-col-inner clearfix  \"   >\n\t\t\t\t<div class=\"fw-col-inner\">\n\t\t\t<div class=\"fw-heading fw-heading-left  tf-sh-e293d3cb3eadfeaa1be7dc209eaaec75\" >\n\t\t\t<h2 class=\"fw-special-title\">Voraussetzungen<\/h2>\n\t\n\t\n\t<\/div><div class=\"fw-text-box tf-sh-bf0face6a4889e63b8c3fe8f08c27026 \" >\n\t<div class=\"fw-text-inner\">\n\t\t<p>Wir ben\u00f6tigen f\u00fcr das automatisierte Monitoring sowie zur Systemadministration Zugriff auf Ihr OS4X-System, welches wir per VPN umsetzen. Hierbei bieten wir den VPN-Server kostenfrei an, sodass f\u00fcr Sie nur eine ausgehende Netzwerkverbindung das Risiko minimiert: Sie sind von extern nicht angreifbar! Die Einrichtung der Verbindung \u00fcbernehmen wir nat\u00fcrlich kostenlos.<\/p>\n\t<\/div>\n<\/div>\t\t<\/div>\n\t<\/div>\n<\/div><\/div>\n\n<div class=\"fw-row\">\n\t<div id=\"column-69e6007ab7ccf\" class=\"fw-col-sm-12 tf-sh-c45539c851e1d042ae46f8e52ccfe06c  fw-animated-element\" data-animation-type=\"fadeInUp\" data-animation-delay=\"200\">\n\t<div class=\"fw-wrap-col-inner clearfix  \"   >\n\t\t\t\t<div class=\"fw-col-inner\">\n\t\t\t<div class=\"fw-heading fw-heading-left  tf-sh-7f0b05f9b18450531dce3399a3787a68\" >\n\t\t\t<h2 class=\"fw-special-title\">Interessiert?<\/h2>\n\t\n\t\n\t<\/div><div class=\"fw-text-box tf-sh-35496ac668942322346f3f731c01c835 \" >\n\t<div class=\"fw-text-inner\">\n\t\t<p>Bitte nehmen Sie <a href=\"mailto:kontakt@c-works.de?subject=Betreibermodell-Anfrage&amp;body=Sehr%20geehrte%20Damen%20und%20Herren%2C%0D%0A%0D%0Abitte%20senden%20Sie%20mir%20ein%20passendes%20Angebot%20zum%20Betreibermodell%20zu%20OS4X%20zu.\">Kontakt per Email<\/a> zu uns auf, um ein passendes Angebot zu erhalten.<\/p>\n\t<\/div>\n<\/div>\t\t<\/div>\n\t<\/div>\n<\/div><\/div>\n\n\t<\/div>\n\t<\/section>\n","protected":false},"excerpt":{"rendered":"<p>Professioneller Support vom Hersteller Der Betrieb eines Datenaustauschsystems kann aufw\u00e4ndig und kompliziert sein. Wir bieten Ihnen deshalb unser Fachwissen als Dienstleistung an. Wir k\u00fcmmern uns hierbei um alles, was sich rund um das Thema OS4X dreht: Partner- und Zertifikatsverwaltung Permanente \u00dcberwachung des Systems inkl. automatischen und manuellen Eingriffen zum L\u00f6sen von Problemen Problemidentifikation und -L\u00f6sung [&hellip;]<\/p>\n","protected":false},"author":1,"featured_media":0,"parent":27,"menu_order":0,"comment_status":"closed","ping_status":"closed","template":"visual-builder-template.php","meta":{"footnotes":""},"class_list":["post-801","page","type-page","status-publish","hentry"],"aioseo_notices":[],"post_mailing_queue_ids":[],"_links":{"self":[{"href":"https:\/\/www.os4x.com\/de\/wp-json\/wp\/v2\/pages\/801","targetHints":{"allow":["GET"]}}],"collection":[{"href":"https:\/\/www.os4x.com\/de\/wp-json\/wp\/v2\/pages"}],"about":[{"href":"https:\/\/www.os4x.com\/de\/wp-json\/wp\/v2\/types\/page"}],"author":[{"embeddable":true,"href":"https:\/\/www.os4x.com\/de\/wp-json\/wp\/v2\/users\/1"}],"replies":[{"embeddable":true,"href":"https:\/\/www.os4x.com\/de\/wp-json\/wp\/v2\/comments?post=801"}],"version-history":[{"count":13,"href":"https:\/\/www.os4x.com\/de\/wp-json\/wp\/v2\/pages\/801\/revisions"}],"predecessor-version":[{"id":815,"href":"https:\/\/www.os4x.com\/de\/wp-json\/wp\/v2\/pages\/801\/revisions\/815"}],"up":[{"embeddable":true,"href":"https:\/\/www.os4x.com\/de\/wp-json\/wp\/v2\/pages\/27"}],"wp:attachment":[{"href":"https:\/\/www.os4x.com\/de\/wp-json\/wp\/v2\/media?parent=801"}],"curies":[{"name":"wp","href":"https:\/\/api.w.org\/{rel}","templated":true}]}}