{"id":467,"date":"2020-04-06T14:36:32","date_gmt":"2020-04-06T12:36:32","guid":{"rendered":"https:\/\/www.os4x.com\/?page_id=467"},"modified":"2020-04-06T14:48:09","modified_gmt":"2020-04-06T12:48:09","slug":"warum-os4x","status":"publish","type":"page","link":"https:\/\/www.os4x.com\/de\/warum-os4x\/","title":{"rendered":"Warum OS4X?"},"content":{"rendered":"<section   class=\"fw-main-row  auto  fw-section-position-back\"    >\n\t\t\t<div class=\"fw-container\" >\n\t\t<div class=\"fw-row\">\n\t<div id=\"column-69e44cc384bd2\" class=\"fw-col-sm-12 tf-sh-2da1c7ee17544137f9fbf7cfd4b428e3  fw-animated-element\" data-animation-type=\"fadeInUp\" data-animation-delay=\"200\">\n\t<div class=\"fw-wrap-col-inner clearfix  \"   >\n\t\t\t\t<div class=\"fw-col-inner\">\n\t\t\t<div class=\"fw-heading fw-heading-left  tf-sh-70fb5c9717dbae04fcc2ab7bc1826944\" >\n\t\t\t<h1 class=\"fw-special-title\">Warum OS4X?<\/h1>\n\t\n\t\n\t<\/div><div class=\"fw-text-box tf-sh-c0a885dc85d2dfba1f6e463712c556d3 \" >\n\t<div class=\"fw-text-inner\">\n\t\t<p class=\"bodytext\"><img loading=\"lazy\" decoding=\"async\" class=\"size-full wp-image-81 alignright\" src=\"https:\/\/www.os4x.com\/wp-content\/uploads\/2020\/03\/os4x_logo_official.png\" alt=\"\" width=\"300\" height=\"188\" \/>OS4X ist eines der ersten beiden weltweit durch Odette zertifizierten OFTP2-Systeme (schlie\u00dflich mussten wir als erste gegen jemand anderen testen). Wir sind aktives Mitglied der OFTP2 Experts Arbeitsgruppe. Es gibt zahlreiche Gr\u00fcnde, warum Sie OS4X als Ihr OFTP2-System w\u00e4hlen sollten:<\/p>\n\t<\/div>\n<\/div><div class=\"fw-list list-default  tf-sh-aa7d007ca36154e136ffb5d9fe793aeb \" >\n\t<ul>\n\t\t\n\t\t\t\n\t\t\t\t<li>\n\t\t\t\t\tEs funktioniert einfach: Sie k\u00f6nnen ein lauff\u00e4higes OFTP2-System erwarten. Entgegen aller Erfahrungen die Sie mit anderen OFTP2-Systemen gemacht haben k\u00f6nnten: OS4X erledigt die Aufgabe einfach.\n\t\t\t\t\t\t\t\t\t<\/li>\n\n\t\t\t\n\t\t\t\t<li>\n\t\t\t\t\tVerl\u00e4sslichkeit: OS4X wurde entwickelt um st\u00e4ndig im Hintergrund zu arbeiten, und das \u00fcber Jahre hinweg! Einmal gestartet, nutzt es nicht mehr Ressourcen als notwendig, es w\u00e4chst nicht an. Alle Mechanismen arbeiten zuverl\u00e4ssig, nachdem sie einmal eingerichtet sind.\n\t\t\t\t\t\t\t\t\t<\/li>\n\n\t\t\t\n\t\t\t\t<li>\n\t\t\t\t\tEinfache Installation: Wir bieten einen Installation-Wizard an mit dessen Hilfe OS4X innerhalb einer Minute installiert ist (abh\u00e4ngig von Ihrer Computerleistung). Sie k\u00f6nnen aber auch das System manuell installieren indem Sie die Pakete von Hand entpacken, hierzu bieten wir eine umfassende Dokumentation an.\n\t\t\t\t\t\t\t\t\t<\/li>\n\n\t\t\t\n\t\t\t\t<li>\n\t\t\t\t\tEinfache Updates: So wie der Installationsprozess, ist auch der automatische Update-Prozess gestaltet. Sie k\u00f6nnen das System vollautomatisch aktualisieren lassen, halbautomatisch \"auf Zuruf\" oder manuell, je nachdem wie Sie es w\u00fcnschen. Sie k\u00f6nnen sich auch an unserem Update-Server eintragen lassen, um zyklisch auf automatische Updates zu pr\u00fcfen.\n\t\t\t\t\t\t\t\t\t<\/li>\n\n\t\t\t\n\t\t\t\t<li>\n\t\t\t\t\tSchnelle Release-Zyklen: Gerade weil das Update von OS4X so einfach ist, k\u00f6nnen wir st\u00e4ndig neue Features, Fehlerbehebungen und Sicherheitsupdates herausbringen. Die Anzahl der Updates pro Kunde ist unbegrenzt (im Gegensatz zur Konkurrenz), sodass Sie st\u00e4ndig aktuell am Ball bleiben.\n\t\t\t\t\t\t\t\t\t<\/li>\n\n\t\t\t\t\t\t<\/ul>\n<\/div>\t\t<\/div>\n\t<\/div>\n<\/div><\/div>\n\n<div class=\"fw-row\">\n\t<div id=\"column-69e44cc384f36\" class=\"fw-col-sm-12 tf-sh-99c44609e9e945e283aa11953710ee29  fw-animated-element\" data-animation-type=\"fadeInUp\" data-animation-delay=\"200\">\n\t<div class=\"fw-wrap-col-inner clearfix  \"   >\n\t\t\t\t<div class=\"fw-col-inner\">\n\t\t\t<div class=\"fw-heading fw-heading-left  tf-sh-2b90e263ce21bbf26d0d675277d13f45\" >\n\t\t\t<h1 class=\"fw-special-title\">Power f\u00fcr Sie<\/h1>\n\t\n\t\n\t<\/div><div class=\"fw-list list-default  tf-sh-3b68563226fb153e9ed9733f88395c3a  fw-animated-element\"  data-animation-type=\"fadeInUp\" data-animation-delay=\"200\">\n\t<ul>\n\t\t\n\t\t\t\n\t\t\t\t<li>\n\t\t\t\t\tWachsende Funktionalit\u00e4t, basierend auf Ihren Anforderungen: Falls Sie eine Idee f\u00fcr ein Feature haben, stehen wir Ihnen gerne zur Verf\u00fcgung. Wir sind neuen Anfragen gegen\u00fcber sehr offen, schlie\u00dflich soll das System Ihr Leben erleichtern. Wir implementieren neue Features so schnell wie m\u00f6glich, manchmal sogar noch am selben Tag (abh\u00e4ngig von der Tragweite der \u00c4nderung), sodass Sie durch ein automatisiertes Update sehr kurzzeitig von der neuen Funktion profitieren k\u00f6nnen.\n\t\t\t\t\t\t\t\t\t<\/li>\n\n\t\t\t\n\t\t\t\t<li>\n\t\t\t\t\tEinfach selbst-verwaltbar: Wir verlangen keine Geb\u00fchren f\u00fcr Einrichtungen zu Partnern, Anpassungen am System oder sonstiges. Denn: Sie k\u00f6nnen all diese Einrichtungen selbst vornehmen! Diese sind so einfach gestaltet wie m\u00f6glich, um Ihren Geldbeutel zu schonen. Im Zweifelsfall fragen Sie uns einfach, oder lesen Sie in der umfangreichen Dokumentation nach.\n\t\t\t\t\t\t\t\t\t<\/li>\n\n\t\t\t\n\t\t\t\t<li>\n\t\t\t\t\tVirtualisierungs-Unterst\u00fctzung: OS4X l\u00e4uft reibungslos in jeder virtualisierten Umgebung. Die Unterst\u00fctzung f\u00fcr VMware-Produkte ist explizit gegeben, f\u00fcr alle anderen bieten wir ein unabh\u00e4ngiges OVA(=\"Open Virtualization Archive\")-Image an. Getestete Umgebungen sind alle VMware-Produkte, Citrix XenServer, Oracles VirtualBox, alle Parallels-Produkte sowie Microsofts Hyper-V.\n\t\t\t\t\t\t\t\t\t<\/li>\n\n\t\t\t\n\t\t\t\t<li>\n\t\t\t\t\tSofortiger Start: Sie k\u00f6nnen unsere kostenlose vorkonfigurierte, sofort einsetzbare virtualisierte Maschine nutzen, um innerhalb von Minuten erfolgreich OS4X einzusetzen. Dar\u00fcber hinaus bieten wir kostenlose Testlizenzen an, die Sie sich jederzeit per Webformular via Email ohne Verz\u00f6gerung zusenden lassen k\u00f6nnen.\n\t\t\t\t\t\t\t\t\t<\/li>\n\n\t\t\t\t\t\t<\/ul>\n<\/div>\t\t<\/div>\n\t<\/div>\n<\/div><\/div>\n\n<div class=\"fw-row\">\n\t<div id=\"column-69e44cc385643\" class=\"fw-col-sm-12 tf-sh-92f6c1a2f6342cb1b0e48771d5c1656e  fw-animated-element\" data-animation-type=\"fadeInUp\" data-animation-delay=\"200\">\n\t<div class=\"fw-wrap-col-inner clearfix  \"   >\n\t\t\t\t<div class=\"fw-col-inner\">\n\t\t\t<div class=\"fw-heading fw-heading-left  tf-sh-a506f0622100f74be921eae3a0d05e08\" >\n\t\t\t<h1 class=\"fw-special-title\">Viele kostenlose Features und Leistungen<\/h1>\n\t\n\t\n\t<\/div><div class=\"fw-list list-default  tf-sh-36b6f155d538bf91e93da2ce3b17dea7 \" >\n\t<ul>\n\t\t\n\t\t\t\n\t\t\t\t<li>\n\t\t\t\t\tKostenloses OFTP2-Zertifikat: Jeder OS4X-Kunde erh\u00e4lt ein kostenloses OFTP2-Zertifikat, welches von unserer, von Odette zertifizierten, CA ausgestellt ist. Diese CA ist in der Odette-Liste von zertifizierten CAs enthalten, sodass Sie bei der Nutzung keine Probleme haben.\n\t\t\t\t\t\t\t\t\t<\/li>\n\n\t\t\t\n\t\t\t\t<li>\n\t\t\t\t\tKostenlose Migration: OS4X bietet eine kostenlose Daten\u00fcbernahme aus externen Systemen an, wie DaxWare, Eurex-C, WinElke und SWAN. Sowohl Partner- als auch Auftragsdaten sind aus DDX-Systemen m\u00f6glich zu \u00fcbernehmen.\n\t\t\t\t\t\t\t\t\t<\/li>\n\n\t\t\t\n\t\t\t\t<li>\n\t\t\t\t\tKostenlose Ersteinrichtung: Wir helfen Ihnen bei der Einrichtung des Systems, bis Sie startklar sind.\n\t\t\t\t\t\t\t\t\t<\/li>\n\n\t\t\t\n\t\t\t\t<li>\n\t\t\t\t\tKostenlose Lizenzmigration: Sie k\u00f6nnen Ihre Installation von einem System zum anderen umziehen: die kostenlose Lizenzumschreibung steht Ihnen zur Verf\u00fcgung. Besser noch: Sie k\u00f6nnen die Umschreibung selbst\u00e4ndig online und jederzeit durchf\u00fchren!\n\t\t\t\t\t\t\t\t\t<\/li>\n\n\t\t\t\n\t\t\t\t<li>\n\t\t\t\t\tUnlimitierte Bandbreite und Anzahl an Kan\u00e4len: OS4X limitiert niemals den Datendurchsatz, weder pro Kanal noch pro Partner. Sie k\u00f6nnen sogar soviele ISDN-Kan\u00e4le konfigurieren wie Sie wollen. Das einzige Limit ist Ihre eigene Bandbreite.\n\t\t\t\t\t\t\t\t\t<\/li>\n\n\t\t\t\n\t\t\t\t<li>\n\t\t\t\t\tKeine Dateigr\u00f6\u00dfen oder -Anzahl limitiert: OS4X limitiert keinesfalls die Anzahl der \u00fcbertragenen Dateien oder deren Gr\u00f6\u00dfe. Transferieren Sie soviel Sie wollen.\n\t\t\t\t\t\t\t\t\t<\/li>\n\n\t\t\t\t\t\t<\/ul>\n<\/div>\t\t<\/div>\n\t<\/div>\n<\/div><\/div>\n\n<div class=\"fw-row\">\n\t<div id=\"column-69e44cc38582c\" class=\"fw-col-sm-12 tf-sh-f2dc8d17509a82fa1dad95b6c78d8d46  fw-animated-element\" data-animation-type=\"fadeInUp\" data-animation-delay=\"200\">\n\t<div class=\"fw-wrap-col-inner clearfix  \"   >\n\t\t\t\t<div class=\"fw-col-inner\">\n\t\t\t<div class=\"fw-heading fw-heading-left  tf-sh-057d1dfd6d173bf4bf93cf0f15f57e6e\" >\n\t\t\t<h1 class=\"fw-special-title\">Technische Aspekte<\/h1>\n\t\n\t\n\t<\/div><div class=\"fw-list list-default  tf-sh-6b5982255e9781b19ca225930b39fb70 \" >\n\t<ul>\n\t\t\n\t\t\t\n\t\t\t\t<li>\n\t\t\t\t\tKomplette OFTP2- und OFTP1.x-Unterst\u00fctzung: Als eine der ersten von Odette zertifizierten L\u00f6sungen unterst\u00fctzt OS4X die komplette Funktionalit\u00e4t von OFTP2. Aus Abw\u00e4rtskompatibilit\u00e4tsgr\u00fcnden unterst\u00fctzt OS4X auch alle Versionen von OFTP1.x, sodass Sie alle Kommunikationspartner aus einem System heraus bedienen k\u00f6nnen.\n\t\t\t\t\t\t\t\t\t<\/li>\n\n\t\t\t\n\t\t\t\t<li>\n\t\t\t\t\t\u00c4sthetisches Webinterface: OS4X bietet ein einfach zu nutzendes HTML5-Webinterface an, das ein Desktop-Applikations-Erlebnis liefert. Durch Nutzung neuester Technologien k\u00f6nnen Sie von jedem Ger\u00e4t aus auf OS4X zugreifen.\n\t\t\t\t\t\t\t\t\t<\/li>\n\n\t\t\t\n\t\t\t\t<li>\n\t\t\t\t\tMenschenlesbare Protokolle und Meldungen: Da wir Sie nicht damit bel\u00e4stigen wollen komplizierte Codes zu recherchieren gibt OS4X in jeder Meldung eine menschenlesbare Variante aus. Dar\u00fcberhinaus stehen auch komplexe Darstellungen von Fehlersituationen codiert \u00fcber Zahlen und Werte zur Verf\u00fcgung.\n\t\t\t\t\t\t\t\t\t<\/li>\n\n\t\t\t\n\t\t\t\t<li>\n\t\t\t\t\tAllumfassende Protokollierung: OS4X speichert alle Protokolle in einer Datenbank, sodass Sie einfach und bequem auf die Informationen zugreifen k\u00f6nnen. Alles und jede Situation wird so erfasst und ist nachvollziehbar. OS4X gibt auch Hinweise zu L\u00f6sungen, wie im Fehlerfall am besten vorzugehen ist, was die Fehlerbehebung deutlich vereinfacht.\n\t\t\t\t\t\t\t\t\t<\/li>\n\n\t\t\t\n\t\t\t\t<li>\n\t\t\t\t\tImmer aktuelle Onlinedokumentation: Die st\u00e4ndig aktuell gehaltene Onlinedokumentation ist immer f\u00fcr Sie erreichbar. Sie ist in den Webinterfaces verlinkt, sodass Sie immer Zugriff zum richtigen Thema griffbereit haben. Sie enth\u00e4lt alles, was Sie f\u00fcr den Betrieb und zur Konfiguration ben\u00f6tigen.\n\t\t\t\t\t\t\t\t\t<\/li>\n\n\t\t\t\n\t\t\t\t<li>\n\t\t\t\t\tHervorragender Support f\u00fcr Drittsysteme: OS4X bietet eine Vielzahl von Konfigurationsm\u00f6glichkeiten und l\u00e4sst sich optimal an Ihre Anforderungen anpassen, so dass Sie Fremdsysteme leicht anbinden k\u00f6nnen.\n\t\t\t\t\t\t\t\t\t<\/li>\n\n\t\t\t\n\t\t\t\t<li>\n\t\t\t\t\tKostenlose Statistiken: Traffic-Statistiken sind kostenlos in OS4X enthalten, sodass Sie in einer ansprechenden \u00dcbersicht sehen, was tats\u00e4chlich wie schnell transferiert wird.\n\t\t\t\t\t\t\t\t\t<\/li>\n\n\t\t\t\t\t\t<\/ul>\n<\/div>\t\t<\/div>\n\t<\/div>\n<\/div><\/div>\n\n<div class=\"fw-row\">\n\t<div id=\"column-69e44cc3859ec\" class=\"fw-col-sm-12 tf-sh-25f37dafbf8c2653d2bf94f2c79da66b  fw-animated-element\" data-animation-type=\"fadeInUp\" data-animation-delay=\"200\">\n\t<div class=\"fw-wrap-col-inner clearfix  \"   >\n\t\t\t\t<div class=\"fw-col-inner\">\n\t\t\t<div class=\"fw-heading fw-heading-left  tf-sh-e78e1a6cbf4bafe25508d4921c718b79\" >\n\t\t\t<h1 class=\"fw-special-title\">OS4X Enterprise f\u00fcr hohe Anspr\u00fcche<\/h1>\n\t\n\t\n\t<\/div><div class=\"fw-list list-default  tf-sh-9f8d16b185b8f34ffa94987e5fe6e327 \" >\n\t<ul>\n\t\t\n\t\t\t\n\t\t\t\t<li>\n\t\t\t\t\tAndere Sendeprotokolle: Neben OFTP2 werden auch andere Sendeprotokolle, wie FTP, WebDAV, SFTP etc. unterst\u00fctzt. Sie k\u00f6nnen sogar eigene Protokolle anbinden.\n\t\t\t\t\t\t\t\t\t<\/li>\n\n\t\t\t\n\t\t\t\t<li>\n\t\t\t\t\tOptionale lokale Dekompression: OS4X Webaccess bietet die M\u00f6glichkeit, abgeholte Daten automatisch als Archiv zu erkennen und (auf optionale Nachfrage hin) zu entpacken. Unterst\u00fctzte Dateitypen sind ZIP, TAR, gzip, ge-gzippte TAR-Archive sowie RAR. Aktuelle Office-Dokumente (die technisch gesehen ZIP-Archive sind) werden \u00fcber deren Endung erkannt und nicht entpackt.\n\t\t\t\t\t\t\t\t\t<\/li>\n\n\t\t\t\n\t\t\t\t<li>\n\t\t\t\t\tUnlimitierter Dateiupload: OS4X Webaccess unterst\u00fctzt die aktuellsten HTML5-Technologien, womit sich Dateien gr\u00f6\u00dfer 2GB hochladen lassen. OS4X Webaccess bietet diese M\u00f6glichkeit dynamisch dort an, wo sie verf\u00fcgbar ist.\n\t\t\t\t\t\t\t\t\t<\/li>\n\n\t\t\t\t\t\t<\/ul>\n<\/div>\t\t<\/div>\n\t<\/div>\n<\/div><\/div>\n\n<div class=\"fw-row\">\n\t<div id=\"column-69e44cc385bb8\" class=\"fw-col-sm-12 tf-sh-74aa3d24afc391c7e89cfef95034f158  fw-animated-element\" data-animation-type=\"fadeInUp\" data-animation-delay=\"200\">\n\t<div class=\"fw-wrap-col-inner clearfix  \"   >\n\t\t\t\t<div class=\"fw-col-inner\">\n\t\t\t<div class=\"fw-heading fw-heading-left  tf-sh-a60cef7cb9e8cf9ad6508414794cd74c\" >\n\t\t\t<h1 class=\"fw-special-title\">Welches OS4X?<\/h1>\n\t\n\t\n\t<\/div><div class=\"fw-text-box tf-sh-5936a8b2c53a7e464abb1091d2e3552f \" >\n\t<div class=\"fw-text-inner\">\n\t\t<p class=\"bodytext\"><b>OS4X<\/b>\u00a0gibt es in verschiedenen Ausf\u00fchrungen, je nach dem welche Anforderungen Sie an die Konfigurationsm\u00f6glichkeiten stellen. Beginnend vom zuverl\u00e4ssigen OFTP2 Managed File Transfer inkl. automatisierter Prozesse, werden diese \u00fcber weitere Funktionalit\u00e4ten, Plugins und Interfaces angereichert. Finden Sie heraus welche\u00a0<b>OS4X<\/b>-Ausf\u00fchrung die richtige L\u00f6sung f\u00fcr Sie ist. Updates sind jederzeit m\u00f6glich!<\/p>\n<p>&nbsp;<\/p>\n<p><a title=\"Produkte\" href=\"https:\/\/www.os4x.com\/produkte\/\">Lesen Sie mehr...<\/a><\/p>\n\t<\/div>\n<\/div>\t\t<\/div>\n\t<\/div>\n<\/div><\/div>\n\n\t<\/div>\n\t<\/section>\n","protected":false},"excerpt":{"rendered":"<p>Warum OS4X? OS4X ist eines der ersten beiden weltweit durch Odette zertifizierten OFTP2-Systeme (schlie\u00dflich mussten wir als erste gegen jemand anderen testen). Wir sind aktives Mitglied der OFTP2 Experts Arbeitsgruppe. Es gibt zahlreiche Gr\u00fcnde, warum Sie OS4X als Ihr OFTP2-System w\u00e4hlen sollten: Es funktioniert einfach: Sie k\u00f6nnen ein lauff\u00e4higes OFTP2-System erwarten. Entgegen aller Erfahrungen die [&hellip;]<\/p>\n","protected":false},"author":1,"featured_media":0,"parent":0,"menu_order":0,"comment_status":"closed","ping_status":"closed","template":"visual-builder-template.php","meta":{"footnotes":""},"class_list":["post-467","page","type-page","status-publish","hentry"],"aioseo_notices":[],"post_mailing_queue_ids":[],"_links":{"self":[{"href":"https:\/\/www.os4x.com\/de\/wp-json\/wp\/v2\/pages\/467","targetHints":{"allow":["GET"]}}],"collection":[{"href":"https:\/\/www.os4x.com\/de\/wp-json\/wp\/v2\/pages"}],"about":[{"href":"https:\/\/www.os4x.com\/de\/wp-json\/wp\/v2\/types\/page"}],"author":[{"embeddable":true,"href":"https:\/\/www.os4x.com\/de\/wp-json\/wp\/v2\/users\/1"}],"replies":[{"embeddable":true,"href":"https:\/\/www.os4x.com\/de\/wp-json\/wp\/v2\/comments?post=467"}],"version-history":[{"count":5,"href":"https:\/\/www.os4x.com\/de\/wp-json\/wp\/v2\/pages\/467\/revisions"}],"predecessor-version":[{"id":474,"href":"https:\/\/www.os4x.com\/de\/wp-json\/wp\/v2\/pages\/467\/revisions\/474"}],"wp:attachment":[{"href":"https:\/\/www.os4x.com\/de\/wp-json\/wp\/v2\/media?parent=467"}],"curies":[{"name":"wp","href":"https:\/\/api.w.org\/{rel}","templated":true}]}}