{"id":457,"date":"2020-04-06T14:30:07","date_gmt":"2020-04-06T12:30:07","guid":{"rendered":"https:\/\/www.os4x.com\/?page_id=457"},"modified":"2020-04-06T14:37:52","modified_gmt":"2020-04-06T12:37:52","slug":"warum-oftp2","status":"publish","type":"page","link":"https:\/\/www.os4x.com\/de\/warum-oftp2\/","title":{"rendered":"Warum OFTP2?"},"content":{"rendered":"<section   class=\"fw-main-row  auto  fw-section-position-back\"    >\n\t\t\t<div class=\"fw-container\" >\n\t\t<div class=\"fw-row\">\n\t<div id=\"column-69e5981e433a8\" class=\"fw-col-sm-12 tf-sh-a3e56044860a179979505558a2f4c557\" >\n\t<div class=\"fw-wrap-col-inner clearfix  \"   >\n\t\t\t\t<div class=\"fw-col-inner\">\n\t\t\t<div class=\"fw-heading fw-heading-left  tf-sh-0a0fa0f1010e5286da4ea4db054f3517\" >\n\t\t\t<h1 class=\"fw-special-title\">Warum OFTP2?<\/h1>\n\t\n\t\n\t<\/div><div class=\"fw-text-box tf-sh-fbe1e16cddd18c78558fe0f30c8f75cd \" >\n\t<div class=\"fw-text-inner\">\n\t\t<p class=\"bodytext\"><img loading=\"lazy\" decoding=\"async\" class=\"size-full wp-image-458 alignright\" src=\"https:\/\/www.os4x.com\/wp-content\/uploads\/2020\/04\/csm_oftp_logo_official_bdf689e909.png\" alt=\"\" width=\"200\" height=\"73\" \/>OFTP2 bietet eine Menge Features die andere \u00dcbertragungsprotokolle nicht anbieten. Einige hiervon sind:<\/p>\n\t<\/div>\n<\/div><div class=\"fw-list list-default  tf-sh-2d8e8343afd50f278e88ecacf6e77ddd \" >\n\t<ul>\n\t\t\n\t\t\t\n\t\t\t\t<li>\n\t\t\t\t\tWiederaufnahe nach Abbruch: Nach einem Transferabbruch kann die \u00dcbertragung an der Stelle wieder aufgenommen werden, an der sie zuletzt abgebrochen ist.\n\t\t\t\t\t\t\t\t\t<\/li>\n\n\t\t\t\n\t\t\t\t<li>\n\t\t\t\t\tSicherheit: OFTP2 bietet eine Menge Sicherheitsoptionen, die von sonst keinem anderen Protokoll so angeboten werden. Zus\u00e4tzlich zur Leitungsverschl\u00fcsselung (SSL\/TLS) bietet das Protokoll eine bidirektionale sichere Authentifikation, Datei-Verschl\u00fcsselung und -Signierung, eine integrierte Kompressionsmethode und signierte Ende-zu-Ende-Best\u00e4tigungen. Beide Kommunikationspartner m\u00fcssen sich gegenseitig einrichten, um eine Kommunikation zu erm\u00f6glichen.\n\t\t\t\t\t\t\t\t\t<\/li>\n\n\t\t\t\n\t\t\t\t<li>\n\t\t\t\t\tDateigr\u00f6\u00dfe: \u00dcbertragene Dateien k\u00f6nnen eine maximal Gr\u00f6\u00dfe von 88 PetaBytes (PB) haben, was umgerechnet eine enorme Menge von 90.949 TeraByte (TB) oder 93.132.257 GigaBytes (GB) ist.\n\t\t\t\t\t\t\t\t\t<\/li>\n\n\t\t\t\n\t\t\t\t<li>\n\t\t\t\t\tEnde-zu-Ende-Best\u00e4tigung: Der Empf\u00e4nger einer Datei sendet dem Absender eine Best\u00e4tigung (mglw. asynchron), um darzulegen dass die Datei lokal verarbeitet werden konnte. Diese Best\u00e4tigung kann signiert sein, sodass Sie rechtskr\u00e4ftig ist.\n\t\t\t\t\t\t\t\t\t<\/li>\n\n\t\t\t\n\t\t\t\t<li>\n\t\t\t\t\tDateiadressierung: Quell- und Ziel-IDs zeigen an, welche Datei von wem an wen gesendet werden. Gleiches gilt f\u00fcr Ende-zu-Ende-Best\u00e4tigungen.\n\t\t\t\t\t\t\t\t\t<\/li>\n\n\t\t\t\n\t\t\t\t<li>\n\t\t\t\t\tBatch-Modus: OFTP2 ist entwickelt f\u00fcr den reibungslosen Transfer im Hintergrund, sodass der Transfer zu 100% automatisiert und nicht-interaktiv ablaufen kann.\n\t\t\t\t\t\t\t\t\t<\/li>\n\n\t\t\t\n\t\t\t\t<li>\n\t\t\t\t\tBidirektionale Kommunikationsunterst\u00fctzung: Beide Endpunkte einer OFTP2-Verbindung k\u00f6nnen in einer Sitzung sowohl Dateien senden als auch empfangen, sowie Informationen bidirektional austauschen. Somit k\u00f6nnen Sie z.B. Dateien zur Abholung bereitstellen (zur Reduktion von Transferkosten) oder Ihren Kommunikationspartner abfragen, ob Daten zur Abholung bereitliegen.\n\t\t\t\t\t\t\t\t\t<\/li>\n\n\t\t\t\n\t\t\t\t<li>\n\t\t\t\t\tAbw\u00e4rtskompatibilit\u00e4t: OFTP2 wurde so entworfen, dass es abw\u00e4rtskompatibel zu OFTP1 ist. Somit haben Sie die M\u00f6glichkeit sowohl das neue als auch alte Protokoll in einem Produkt zu nutzen.\n\t\t\t\t\t\t\t\t\t<\/li>\n\n\t\t\t\t\t\t<\/ul>\n<\/div><div class=\"fw-text-box tf-sh-54d38acc6dd87f720696b588103c0e65 \" >\n\t<div class=\"fw-text-inner\">\n\t\t<div id=\"c32\" class=\"csc-default\">\n<p class=\"bodytext\">Durch dieses reichhaltige Funktionsangebot ist OFTP2 aktiv im Einsatz tausender professioneller Kommunikationspartner, die auf diesen de-facto Standard setzen. Da OFTP2 datenunabh\u00e4ngig ist k\u00f6nnen Sie damit alle Datentypen transferieren, wie z.B. gro\u00dfe CAD-Daten, aber auch kleine EDI-Dateien und andere.<\/p>\n<\/div>\n\t<\/div>\n<\/div>\t\t<\/div>\n\t<\/div>\n<\/div><\/div>\n\n<div class=\"fw-row\">\n\t<div id=\"column-69e5981e439ae\" class=\"fw-col-sm-12 tf-sh-001b3cad5f9919e9e6ee3c17e53aaf8d\" >\n\t<div class=\"fw-wrap-col-inner clearfix  \"   >\n\t\t\t\t<div class=\"fw-col-inner\">\n\t\t\t<div class=\"fw-heading fw-heading-left  tf-sh-80f09f3c3260915c5ad1de3a6af39257\" >\n\t\t\t<h1 class=\"fw-special-title\">Warum OS4X?<\/h1>\n\t\n\t\n\t<\/div><div class=\"fw-text-box tf-sh-04141ae45dc8a6a92a10699b69e82e3c \" >\n\t<div class=\"fw-text-inner\">\n\t\t<p class=\"align-left\"><a href=\"warum-os4x\"><img loading=\"lazy\" decoding=\"async\" class=\"alignright wp-image-81 size-full\" src=\"https:\/\/www.os4x.com\/wp-content\/uploads\/2020\/03\/os4x_logo_official.png\" alt=\"\" width=\"300\" height=\"188\" \/><\/a>Unser Premium-OFTP2-Produkt\u00a0<b>OS4X<\/b>\u00a0bietet einen reichhaltigen Umfang an einzigartigen Funktionen.\u00a0<b>OS4X<\/b>\u00a0bietet eine Vielzahl von Konfigurationsm\u00f6glichkeiten und l\u00e4sst sich so optimal an Ihre Anforderungen anpassen. Profitieren Sie von unserer \u00fcberragenden Technologie, basierend auf bester Programmier- und Designkunst, organisiert in einem sehr agilen Unternehmen, das Ihnen die Unterst\u00fctzung bietet, die Sie ben\u00f6tigen. Finden Sie heraus, warum\u00a0<b>OS4X<\/b>\u00a0die perfekte L\u00f6sung f\u00fcr Sie ist!<\/p>\n<p>&nbsp;<\/p>\n<p><a title=\"Warum OS4X?\" href=\"https:\/\/www.os4x.com\/warum-os4x\/\">Lesen Sie mehr...<\/a><\/p>\n\t<\/div>\n<\/div>\t\t<\/div>\n\t<\/div>\n<\/div><\/div>\n\n\t<\/div>\n\t<\/section>\n","protected":false},"excerpt":{"rendered":"<p>Warum OFTP2? OFTP2 bietet eine Menge Features die andere \u00dcbertragungsprotokolle nicht anbieten. Einige hiervon sind: Wiederaufnahe nach Abbruch: Nach einem Transferabbruch kann die \u00dcbertragung an der Stelle wieder aufgenommen werden, an der sie zuletzt abgebrochen ist. Sicherheit: OFTP2 bietet eine Menge Sicherheitsoptionen, die von sonst keinem anderen Protokoll so angeboten werden. Zus\u00e4tzlich zur Leitungsverschl\u00fcsselung (SSL\/TLS) [&hellip;]<\/p>\n","protected":false},"author":1,"featured_media":458,"parent":0,"menu_order":0,"comment_status":"closed","ping_status":"closed","template":"visual-builder-template.php","meta":{"footnotes":""},"class_list":["post-457","page","type-page","status-publish","has-post-thumbnail","hentry"],"aioseo_notices":[],"post_mailing_queue_ids":[],"_links":{"self":[{"href":"https:\/\/www.os4x.com\/de\/wp-json\/wp\/v2\/pages\/457","targetHints":{"allow":["GET"]}}],"collection":[{"href":"https:\/\/www.os4x.com\/de\/wp-json\/wp\/v2\/pages"}],"about":[{"href":"https:\/\/www.os4x.com\/de\/wp-json\/wp\/v2\/types\/page"}],"author":[{"embeddable":true,"href":"https:\/\/www.os4x.com\/de\/wp-json\/wp\/v2\/users\/1"}],"replies":[{"embeddable":true,"href":"https:\/\/www.os4x.com\/de\/wp-json\/wp\/v2\/comments?post=457"}],"version-history":[{"count":9,"href":"https:\/\/www.os4x.com\/de\/wp-json\/wp\/v2\/pages\/457\/revisions"}],"predecessor-version":[{"id":471,"href":"https:\/\/www.os4x.com\/de\/wp-json\/wp\/v2\/pages\/457\/revisions\/471"}],"wp:featuredmedia":[{"embeddable":true,"href":"https:\/\/www.os4x.com\/de\/wp-json\/wp\/v2\/media\/458"}],"wp:attachment":[{"href":"https:\/\/www.os4x.com\/de\/wp-json\/wp\/v2\/media?parent=457"}],"curies":[{"name":"wp","href":"https:\/\/api.w.org\/{rel}","templated":true}]}}