{"id":428,"date":"2020-04-03T15:49:37","date_gmt":"2020-04-03T13:49:37","guid":{"rendered":"https:\/\/www.os4x.com\/?page_id=428"},"modified":"2022-02-07T16:25:18","modified_gmt":"2022-02-07T15:25:18","slug":"betriebssystem-aktualisierung","status":"publish","type":"page","link":"https:\/\/www.os4x.com\/de\/support\/betriebssystem-aktualisierung\/","title":{"rendered":"Betriebssystem-Aktualisierung"},"content":{"rendered":"<section   class=\"fw-main-row  auto  fw-section-position-back\"    >\n\t\t\t<div class=\"fw-container\" >\n\t\t<div class=\"fw-row\">\n\t<div id=\"column-69e623b18e03b\" class=\"fw-col-sm-12 tf-sh-01aae8b03630b610ecb403f6d000c283  fw-animated-element\" data-animation-type=\"fadeInLeft\" data-animation-delay=\"200\">\n\t<div class=\"fw-wrap-col-inner clearfix  \"   >\n\t\t\t\t<div class=\"fw-col-inner\">\n\t\t\t<div class=\"fw-heading fw-heading-left  tf-sh-5a7b4faf52df9bcee93c4a73ab5a835f\" >\n\t\t\t<h1 class=\"fw-special-title\">Unterst\u00fctzung bei Betriebssystem-Aktualisierung<\/h1>\n\t\n\t\n\t<\/div><div class=\"fw-text-box tf-sh-52b323ad71095fcaf6a0b29f348ba1f9 \" >\n\t<div class=\"fw-text-inner\">\n\t\t<div id=\"c1286\" class=\"csc-default\">\n<p class=\"bodytext\">Ihr Betriebssystem, auf dem OS4X l\u00e4uft, aktuell zu halten ist eine wichtige Aufgabe, um bestehende Fehler zu korrigieren und Sicherheitsl\u00fccken zu schlie\u00dfen. OS4X basiert auf einigen externen Abh\u00e4ngigkeiten, wie z.B. dem Datenbankserver (MySQL, MariaDB) oder dem Webserver (Apache, NGINX), daher ist eine laufende Betriebssystemaktualisierung wichtig.<\/p>\n<\/div>\n\t<\/div>\n<\/div>\t\t<\/div>\n\t<\/div>\n<\/div><\/div>\n\n<div class=\"fw-row\">\n\t<div id=\"column-69e623b18e1ef\" class=\"fw-col-sm-12 tf-sh-9a97532f46b127b4f75c9c0c88ca558b  fw-animated-element\" data-animation-type=\"fadeInRight\" data-animation-delay=\"200\">\n\t<div class=\"fw-wrap-col-inner clearfix  \"   >\n\t\t\t\t<div class=\"fw-col-inner\">\n\t\t\t<div class=\"fw-heading fw-heading-left  tf-sh-2616a5c06d50d8ba54550977ba2df3b6\" >\n\t\t\t<h2 class=\"fw-special-title\">Lassen Sie die Profis die Arbeit machen<\/h2>\n\t\n\t\n\t<\/div><div class=\"fw-text-box tf-sh-ab8542c71394d3e6caa73905f08047cc \" >\n\t<div class=\"fw-text-inner\">\n\t\t<div id=\"c1287\" class=\"csc-default csc-space-before-50\">\n<p class=\"bodytext\">Wir haben Jahre an Erfahrung bei dieser T\u00e4tigkeit. Wir kennen alle Fallstricke, die w\u00e4hrend einer Betriebssystem-Aktualisierung auftreten k\u00f6nnen und kennen die passende L\u00f6sung. Unsere Erfahrung ist Ihr Vorteil, da Sie nicht alle Details f\u00fcr diesen Vorgang kennen m\u00fcssen.\u00a0<a class=\"internal-link\" title=\"Supportbestellung\" href=\"https:\/\/www.os4x.com\/support\/supportbestellung\/\">Bestellen Sie einfach ein Supportkontingent f\u00fcr Ihr Betriebssystem-Update<\/a>. Typischerweise ben\u00f6tigen wir f\u00fcr diesen Vorgang ca. eine Stunde an Arbeitsaufwand. W\u00e4hrend dieser Aktion k\u00f6nnen wir auch gleich noch Ihre OS4X-Installation aktualisieren und auf typische Konfigurationsprobleme reagieren, die Ihnen ggf. eine bessere Performance oder Systemstabilit\u00e4t bringt.<\/p>\n<\/div>\n\t<\/div>\n<\/div>\t\t<\/div>\n\t<\/div>\n<\/div><\/div>\n\n<div class=\"fw-row\">\n\t<div id=\"column-69e623b18e341\" class=\"fw-col-sm-12 tf-sh-83c080fe6c90fe6cfb096130ca7772fd  fw-animated-element\" data-animation-type=\"fadeInLeft\" data-animation-delay=\"200\">\n\t<div class=\"fw-wrap-col-inner clearfix  \"   >\n\t\t\t\t<div class=\"fw-col-inner\">\n\t\t\t<div class=\"fw-heading fw-heading-left  tf-sh-a622573083696e363212c6a3e2a87403\" >\n\t\t\t<h2 class=\"fw-special-title\">Ist das nicht riskant?<\/h2>\n\t\n\t\n\t<\/div><div class=\"fw-text-box tf-sh-1c421b4b7b6463a4568dbf3a6fa4e2ea \" >\n\t<div class=\"fw-text-inner\">\n\t\t<div id=\"c1288\" class=\"csc-default csc-space-before-50\">\n<p class=\"bodytext\">Viel riskanter w\u00e4re es, ein Update\u00a0<b>nicht<\/b> durchzuf\u00fchren! Bevor wir mit dem Upgrade beginnen, wird bei virtualisierten Systemen ein Snapshot erstellt. Bei Hardware-basierten Installationen m\u00fcssen Sie vor dem Update ein Backup durchf\u00fchren. F\u00fcr den Installationsprozess definieren Sie einfach ein Zeitfenster von einer Stunde, zu der sie von extern via OFTP2 nicht erreichbar sind (abh\u00e4ngig von Ihrer Internet-Geschwindigkeit). Falls das Update aus welchem Grund auch immer fehlschlagen sollte k\u00f6nnen wir zu dem Zeitpunkt des Snapshots zur\u00fcckkehren. Seien Sie aber versichert: bis dato haben wir noch kein Thema gehabt, das wir nicht l\u00f6sen konnten. Wir haben eine 100%-Erfolgsrate!<\/p>\n<\/div>\n\t<\/div>\n<\/div>\t\t<\/div>\n\t<\/div>\n<\/div><\/div>\n\n<div class=\"fw-row\">\n\t<div id=\"column-69e623b18e4bd\" class=\"fw-col-sm-12 tf-sh-f8762966c15208bb7944eecb8b019101  fw-animated-element\" data-animation-type=\"fadeInRight\" data-animation-delay=\"200\">\n\t<div class=\"fw-wrap-col-inner clearfix  \"   >\n\t\t\t\t<div class=\"fw-col-inner\">\n\t\t\t<div class=\"fw-heading fw-heading-left  tf-sh-9c807051002b3081582c02b6d8ed1c24\" >\n\t\t\t<h2 class=\"fw-special-title\">Voraussetzungen<\/h2>\n\t\n\t\n\t<\/div><div class=\"fw-text-box tf-sh-83f32144ea4e3cb4a21cd90978564f83 \" >\n\t<div class=\"fw-text-inner\">\n\t\t<p class=\"bodytext\">Zusammenfassend ben\u00f6tigen wir f\u00fcr ein Update:<\/p>\n\t<\/div>\n<\/div><div class=\"fw-list list-default  tf-sh-0131fdbb705dddbb953d898ef5b20bba \" >\n\t<ul>\n\t\t\n\t\t\t\n\t\t\t\t<li>\n\t\t\t\t\tEin Debian-basiertes Betriebssystem (Debian selbst wie OS4Xvirtual, Ubuntu etc.)\n\t\t\t\t\t\t\t\t\t<\/li>\n\n\t\t\t\n\t\t\t\t<li>\n\t\t\t\t\tEine Internet-Verbindung f\u00fcr die Durchf\u00fchrung des Updates.\n\t\t\t\t\t\t\t\t\t<\/li>\n\n\t\t\t\n\t\t\t\t<li>\n\t\t\t\t\tAdministrativen Zugang zu der Maschine und zur Virtualisierungsumgebung.\n\t\t\t\t\t\t\t\t\t<\/li>\n\n\t\t\t\n\t\t\t\t<li>\n\t\t\t\t\tTeamviewer oder SSH-Zugriff zu Ihrem System (oder andere Desktop-Sharing-Systeme wie Skype, Teams etc.)\n\t\t\t\t\t\t\t\t\t<\/li>\n\n\t\t\t\n\t\t\t\t<li>\n\t\t\t\t\tEin technischer Ansprechpartner (z.B. telefonisch oder per Chat) bei auftretenden Fragen.\n\t\t\t\t\t\t\t\t\t<\/li>\n\n\t\t\t\n\t\t\t\t<li>\n\t\t\t\t\tEin Zeitfenster von ca. einer Stunde, geplant typischerweise eine Woche vor Durchf\u00fchrung. Diese Stunde ist dann Ihre geplante Downtime, zu der Sie nicht erreichbar sind.\n\t\t\t\t\t\t\t\t\t<\/li>\n\n\t\t\t\t\t\t<\/ul>\n<\/div>\t\t<\/div>\n\t<\/div>\n<\/div><\/div>\n\n\t<\/div>\n\t<\/section>\n","protected":false},"excerpt":{"rendered":"<p>Unterst\u00fctzung bei Betriebssystem-Aktualisierung Ihr Betriebssystem, auf dem OS4X l\u00e4uft, aktuell zu halten ist eine wichtige Aufgabe, um bestehende Fehler zu korrigieren und Sicherheitsl\u00fccken zu schlie\u00dfen. OS4X basiert auf einigen externen Abh\u00e4ngigkeiten, wie z.B. dem Datenbankserver (MySQL, MariaDB) oder dem Webserver (Apache, NGINX), daher ist eine laufende Betriebssystemaktualisierung wichtig. Lassen Sie die Profis die Arbeit machen [&hellip;]<\/p>\n","protected":false},"author":1,"featured_media":0,"parent":27,"menu_order":0,"comment_status":"closed","ping_status":"closed","template":"visual-builder-template.php","meta":{"footnotes":""},"class_list":["post-428","page","type-page","status-publish","hentry"],"aioseo_notices":[],"post_mailing_queue_ids":[],"_links":{"self":[{"href":"https:\/\/www.os4x.com\/de\/wp-json\/wp\/v2\/pages\/428","targetHints":{"allow":["GET"]}}],"collection":[{"href":"https:\/\/www.os4x.com\/de\/wp-json\/wp\/v2\/pages"}],"about":[{"href":"https:\/\/www.os4x.com\/de\/wp-json\/wp\/v2\/types\/page"}],"author":[{"embeddable":true,"href":"https:\/\/www.os4x.com\/de\/wp-json\/wp\/v2\/users\/1"}],"replies":[{"embeddable":true,"href":"https:\/\/www.os4x.com\/de\/wp-json\/wp\/v2\/comments?post=428"}],"version-history":[{"count":7,"href":"https:\/\/www.os4x.com\/de\/wp-json\/wp\/v2\/pages\/428\/revisions"}],"predecessor-version":[{"id":1061,"href":"https:\/\/www.os4x.com\/de\/wp-json\/wp\/v2\/pages\/428\/revisions\/1061"}],"up":[{"embeddable":true,"href":"https:\/\/www.os4x.com\/de\/wp-json\/wp\/v2\/pages\/27"}],"wp:attachment":[{"href":"https:\/\/www.os4x.com\/de\/wp-json\/wp\/v2\/media?parent=428"}],"curies":[{"name":"wp","href":"https:\/\/api.w.org\/{rel}","templated":true}]}}