{"id":27,"date":"2020-03-20T14:49:04","date_gmt":"2020-03-20T13:49:04","guid":{"rendered":"https:\/\/www.os4x.com\/?page_id=27"},"modified":"2020-04-06T13:18:01","modified_gmt":"2020-04-06T11:18:01","slug":"support","status":"publish","type":"page","link":"https:\/\/www.os4x.com\/de\/support\/","title":{"rendered":"Support"},"content":{"rendered":"<section   class=\"fw-main-row  auto  fw-section-position-back\"    >\n\t\t\t<div class=\"fw-container\" >\n\t\t<div class=\"fw-row\">\n\t<div id=\"column-69e60a1d7855f\" class=\"fw-col-sm-12 tf-sh-0652799ed1cb6c7adc9874d8ded2fcf0\" >\n\t<div class=\"fw-wrap-col-inner clearfix  \"   >\n\t\t\t\t<div class=\"fw-col-inner\">\n\t\t\t<div class=\"fw-heading fw-heading-left  tf-sh-91f582dd4361451ac6e9dd418ab1a6a4\" >\n\t\t\t<h1 class=\"fw-special-title\">Support<\/h1>\n\t\n\t\n\t<\/div><div class=\"fw-text-box tf-sh-69444e81fe94dbecd8bfa6976f3d7dce \" >\n\t<div class=\"fw-text-inner\">\n\t\t<p>Auf den folgenden Seiten erhalten Sie Zugriff auf alle Supportoptionen unserer Produkte. Diese sind:<\/p>\n\t<\/div>\n<\/div>\t\t<\/div>\n\t<\/div>\n<\/div><\/div>\n\n<div class=\"fw-row\">\n\t<div id=\"column-69e60a1d787a1\" class=\"fw-col-sm-12 tf-sh-6fdc6275e927ec2d88a95e98b5fe3be6  fw-animated-element\" data-animation-type=\"fadeInUp\" data-animation-delay=\"200\">\n\t<div class=\"fw-wrap-col-inner clearfix  \"   >\n\t\t\t\t<div class=\"fw-col-inner\">\n\t\t\t<div class=\"fw-text-box tf-sh-ae92ba21f997673c7199614e794b64d9 \" >\n\t<div class=\"fw-text-inner\">\n\t\t<p><a title=\"Notfall-Lizenz\" href=\"https:\/\/www.os4x.com\/support\/notfall-lizenz\/\">Notfall-Lizenz<\/a>:\u00a0Wir sind stolz Ihnen eine M\u00f6glichkeit bieten zu k\u00f6nnen, mit der Sie sofort eine OS4X-Lizenz (g\u00fcltig f\u00fcr 14 Tage) erhalten k\u00f6nnen. Mit dieser Lizenz sind Sie sofort startbereit und k\u00f6nnen mit OS4X produktiv arbeiten!<\/p>\n\t<\/div>\n<\/div>\t\t<\/div>\n\t<\/div>\n<\/div><\/div>\n\n<div class=\"fw-row\">\n\t<div id=\"column-69e60a1d788c7\" class=\"fw-col-sm-12 tf-sh-a59cc01d93569f05d3077d8a60fa9b20  fw-animated-element\" data-animation-type=\"fadeInUp\" data-animation-delay=\"200\">\n\t<div class=\"fw-wrap-col-inner clearfix  \"   >\n\t\t\t\t<div class=\"fw-col-inner\">\n\t\t\t<div class=\"fw-text-box tf-sh-3bce18e78cddf733b933447da767b06a \" >\n\t<div class=\"fw-text-inner\">\n\t\t<p><a title=\"Supportbestellung\" href=\"https:\/\/www.os4x.com\/support\/supportbestellung\/\">Supportbestellung<\/a>:\u00a0Im Fall eines Fehlers k\u00f6nnen Sie unseren Premium-Support beauftragen, der mit definierten Reaktionszeiten Ihr Problem l\u00f6sen wird. Wir helfen Ihnen somit schnellstm\u00f6glich, Ihr Problem zu l\u00f6sen.<\/p>\n\t<\/div>\n<\/div>\t\t<\/div>\n\t<\/div>\n<\/div><\/div>\n\n<div class=\"fw-row\">\n\t<div id=\"column-69e60a1d78988\" class=\"fw-col-sm-12 tf-sh-27497e69b176e52bb1afdd34d2c284b3  fw-animated-element\" data-animation-type=\"fadeInUp\" data-animation-delay=\"200\">\n\t<div class=\"fw-wrap-col-inner clearfix  \"   >\n\t\t\t\t<div class=\"fw-col-inner\">\n\t\t\t<div class=\"fw-text-box tf-sh-e458fc62677965f84e00e31a8e9045b0 \" >\n\t<div class=\"fw-text-inner\">\n\t\t<p><a title=\"Betriebssystem-Aktualisierung\" href=\"https:\/\/www.os4x.com\/support\/betriebssystem-aktualisierung\/\">Betriebssystem-Aktualisierung<\/a>: Wir begleiten Sie \u00fcber unser eigenes Produkt hinaus und betreuen gerne auch das darunterliegende Betriebssystem.<\/p>\n\t<\/div>\n<\/div>\t\t<\/div>\n\t<\/div>\n<\/div><\/div>\n\n<div class=\"fw-row\">\n\t<div id=\"column-69e60a1d78a5e\" class=\"fw-col-sm-12 tf-sh-f3a8d33dfa9581f5a11dd13fcffc8389  fw-animated-element\" data-animation-type=\"fadeInUp\" data-animation-delay=\"200\">\n\t<div class=\"fw-wrap-col-inner clearfix  \"   >\n\t\t\t\t<div class=\"fw-col-inner\">\n\t\t\t<div class=\"fw-text-box tf-sh-48a09cc14c898fbe99567b133e11f685 \" >\n\t<div class=\"fw-text-inner\">\n\t\t<p><a href=\"https:\/\/www.os4x.com\/de\/support\/ticket-system.html\" target=\"_blank\" rel=\"noopener\">Ticket-System<\/a>: Unser Ticket-System steht Ihnen jederzeit zur Verf\u00fcgung um neue Tickets zu erstellen oder den aktuellen Status eines Tickets zu verfolgen.<\/p>\n\t<\/div>\n<\/div>\t\t<\/div>\n\t<\/div>\n<\/div><\/div>\n\n<div class=\"fw-row\">\n\t<div id=\"column-69e60a1d78b07\" class=\"fw-col-sm-12 tf-sh-b49c123c57a4589bad89c565241a71b1  fw-animated-element\" data-animation-type=\"fadeInUp\" data-animation-delay=\"200\">\n\t<div class=\"fw-wrap-col-inner clearfix  \"   >\n\t\t\t\t<div class=\"fw-col-inner\">\n\t\t\t<div class=\"fw-text-box tf-sh-a67a2a96104753ba65c0077b9b718760 \" >\n\t<div class=\"fw-text-inner\">\n\t\t<p><a href=\"https:\/\/wiki.os4x.com\/\" target=\"_blank\" rel=\"noopener\">Dokumentation<\/a>: Unsere ausf\u00fchrliche und st\u00e4ndig aktualisierte Onlinedokumentation enth\u00e4lt alle Informationen die Sie ben\u00f6tigen, um Ihre OS4X-Installation zu konfigurieren und zu verwalten.<\/p>\n\t<\/div>\n<\/div>\t\t<\/div>\n\t<\/div>\n<\/div><\/div>\n\n\t<\/div>\n\t<\/section>\n","protected":false},"excerpt":{"rendered":"<p>Support Auf den folgenden Seiten erhalten Sie Zugriff auf alle Supportoptionen unserer Produkte. Diese sind: Notfall-Lizenz:\u00a0Wir sind stolz Ihnen eine M\u00f6glichkeit bieten zu k\u00f6nnen, mit der Sie sofort eine OS4X-Lizenz (g\u00fcltig f\u00fcr 14 Tage) erhalten k\u00f6nnen. Mit dieser Lizenz sind Sie sofort startbereit und k\u00f6nnen mit OS4X produktiv arbeiten! Supportbestellung:\u00a0Im Fall eines Fehlers k\u00f6nnen Sie [&hellip;]<\/p>\n","protected":false},"author":1,"featured_media":0,"parent":0,"menu_order":0,"comment_status":"closed","ping_status":"closed","template":"visual-builder-template.php","meta":{"footnotes":""},"class_list":["post-27","page","type-page","status-publish","hentry"],"aioseo_notices":[],"post_mailing_queue_ids":[],"_links":{"self":[{"href":"https:\/\/www.os4x.com\/de\/wp-json\/wp\/v2\/pages\/27","targetHints":{"allow":["GET"]}}],"collection":[{"href":"https:\/\/www.os4x.com\/de\/wp-json\/wp\/v2\/pages"}],"about":[{"href":"https:\/\/www.os4x.com\/de\/wp-json\/wp\/v2\/types\/page"}],"author":[{"embeddable":true,"href":"https:\/\/www.os4x.com\/de\/wp-json\/wp\/v2\/users\/1"}],"replies":[{"embeddable":true,"href":"https:\/\/www.os4x.com\/de\/wp-json\/wp\/v2\/comments?post=27"}],"version-history":[{"count":9,"href":"https:\/\/www.os4x.com\/de\/wp-json\/wp\/v2\/pages\/27\/revisions"}],"predecessor-version":[{"id":452,"href":"https:\/\/www.os4x.com\/de\/wp-json\/wp\/v2\/pages\/27\/revisions\/452"}],"wp:attachment":[{"href":"https:\/\/www.os4x.com\/de\/wp-json\/wp\/v2\/media?parent=27"}],"curies":[{"name":"wp","href":"https:\/\/api.w.org\/{rel}","templated":true}]}}