{"id":190,"date":"2020-03-26T14:07:30","date_gmt":"2020-03-26T13:07:30","guid":{"rendered":"https:\/\/www.os4x.com\/?page_id=190"},"modified":"2020-04-07T08:59:25","modified_gmt":"2020-04-07T06:59:25","slug":"os4x-edi-konverter","status":"publish","type":"page","link":"https:\/\/www.os4x.com\/de\/produkte\/os4x-edi-konverter\/","title":{"rendered":"OS4X EDI-Konverter"},"content":{"rendered":"<section   class=\"fw-main-row  auto  fw-section-position-back\"    >\n\t\t\t<div class=\"fw-container\" >\n\t\t<div class=\"fw-row\">\n\t<div id=\"column-69d782d4903f2\" class=\"fw-col-sm-12 tf-sh-ec979ef8d75aa24a5d735ffddafcfac3\" >\n\t<div class=\"fw-wrap-col-inner clearfix  \"   >\n\t\t\t\t<div class=\"fw-col-inner\">\n\t\t\t<div class=\"fw-heading fw-heading-left  tf-sh-72c7c58e347bfaaa69abc7c0e6154a46\" >\n\t\t\t<h1 class=\"fw-special-title\">OS4X EDI-Konverter<\/h1>\n\t\n\t\n\t<\/div><div class=\"fw-heading fw-heading-left  tf-sh-345240b6a68b9188bd8e8b12e3cb9174\" >\n\t\t\t<h2 class=\"fw-special-title\">Sobald Sie EDI-Dateien von einem Format in ein anderes konvertieren m\u00fcssen, haben wir die L\u00f6sung f\u00fcr Sie: das OS4X online EDI-Konverter Plugin.<\/h2>\n\t\n\t\n\t<\/div><div class=\"fw-text-box tf-sh-6f73856c1fdb4814eb674a49c411af75 \" >\n\t<div class=\"fw-text-inner\">\n\t\t<p><img loading=\"lazy\" decoding=\"async\" class=\"alignleft size-medium wp-image-99\" src=\"https:\/\/www.os4x.com\/wp-content\/uploads\/2020\/03\/EDI-converter_new-300x300.png\" alt=\"\" width=\"300\" height=\"300\" srcset=\"https:\/\/www.os4x.com\/wp-content\/uploads\/2020\/03\/EDI-converter_new-300x300.png 300w, https:\/\/www.os4x.com\/wp-content\/uploads\/2020\/03\/EDI-converter_new-150x150.png 150w, https:\/\/www.os4x.com\/wp-content\/uploads\/2020\/03\/EDI-converter_new-768x768.png 768w, https:\/\/www.os4x.com\/wp-content\/uploads\/2020\/03\/EDI-converter_new-800x800.png 800w, https:\/\/www.os4x.com\/wp-content\/uploads\/2020\/03\/EDI-converter_new.png 1024w\" sizes=\"auto, (max-width: 300px) 100vw, 300px\" \/>F\u00fcr OS4X Enterprise bieten wir eine kosteneffektive L\u00f6sung zur Anbindung eines Online-EDI-Konverters an, die in der Lage ist jedes m\u00f6gliche Quellformat in jedes beliebige Zielformat zu konvertieren. Abh\u00e4ngig von Ihren Anforderungen \u00fcbersetzt der Konverter Ihre EDI-Nachrichten von jedem zu jedem beliebigen Format entsprechend Ihrer Spezifikation.<br \/>EDIFACT zu VDA-Format? ANSI X.12 zu PDF? Excel zu DELFOR? Egal welche Konvertierung Sie ben\u00f6tigen, wird das OS4X online EDI-Konverter-Plugin Ihre Anforderung umsetzen. Verl\u00e4sslich, schnell, stabil, performant.<br \/>Sobald Sie \u00c4nderungen am Konverter ben\u00f6tigen, k\u00f6nnen Sie jederzeit \u00c4nderungen bestellen ohne Einfluss auf andere Konverter zu nehmen. So bestehen keine Abh\u00e4ngigkeiten gegen\u00fcber anderen Konvertern oder Systemen.<\/p>\n<p>Zwei Modi sind verf\u00fcgbar:<\/p>\n\t<\/div>\n<\/div><div class=\"fw-list list-default  tf-sh-82abdb99285de637bab46d8da6eef178 \" >\n\t<ul>\n\t\t\n\t\t\t\n\t\t\t\t<li>\n\t\t\t\t\tKonvertieren Sie von jedem beliebigen Quell- in jedes Zielformat, direkt und ohne Umwege.\n\t\t\t\t\t\t\t\t\t<\/li>\n\n\t\t\t\n\t\t\t\t<li>\n\t\t\t\t\tKonvertieren Sie von jedem beliebigen  Format in ein Meta-Format; konvertieren Sie vom Meta-Format in jedes beliebige Ziel-Format. Dieser Modus ist besonders interessant sobald Sie viele Quell- in viele Ziel-Formate konvertieren m\u00fcssen.\n\t\t\t\t\t\t\t\t\t<\/li>\n\n\t\t\t\t\t\t<\/ul>\n<\/div>\t\t<\/div>\n\t<\/div>\n<\/div><\/div>\n\n<div class=\"fw-row\">\n\t<div id=\"column-69d782d4906a3\" class=\"fw-col-sm-12 tf-sh-b250b8a140154ce1ba59ef1649c542ee\" >\n\t<div class=\"fw-wrap-col-inner clearfix  \"   >\n\t\t\t\t<div class=\"fw-col-inner\">\n\t\t\t<div class=\"fw-heading fw-heading-left  tf-sh-ef791da614d1304cc5d331244d9e2d60\" >\n\t\t\t<h2 class=\"fw-special-title\">Hauptmerkmale<\/h2>\n\t\n\t\n\t<\/div><div class=\"fw-list list-default  tf-sh-1eb352a9043286fbe6e8ca9703f870cf \" >\n\t<ul>\n\t\t\n\t\t\t\n\t\t\t\t<li>\n\t\t\t\t\tNahtlose Integration als OS4X Enterprise-Plugin.\n\t\t\t\t\t\t\t\t\t<\/li>\n\n\t\t\t\n\t\t\t\t<li>\n\t\t\t\t\tM\u00e4chtige Konvertierungsm\u00f6glichkeit gem\u00e4\u00df Ihrer Spezifikation.\n\t\t\t\t\t\t\t\t\t<\/li>\n\n\t\t\t\n\t\t\t\t<li>\n\t\t\t\t\tZertifizierte \u00dcbertragungsprotokolle und Rechenzentrumsdienstleistungen nach ISO\/IEC 27001.\n\t\t\t\t\t\t\t\t\t<\/li>\n\n\t\t\t\n\t\t\t\t<li>\n\t\t\t\t\tHochverf\u00fcgbare L\u00f6sung.\n\t\t\t\t\t\t\t\t\t<\/li>\n\n\t\t\t\n\t\t\t\t<li>\n\t\t\t\t\tGesicherte Kommunikation \u00fcber HTTPS mit Ihrem bestehenden OFTP2-Zertifikat, abgesichert f\u00fcr sowohl Client als auch Server.\n\t\t\t\t\t\t\t\t\t<\/li>\n\n\t\t\t\n\t\t\t\t<li>\n\t\t\t\t\tKeine Bezahlung pro Dokument.\n\t\t\t\t\t\t\t\t\t<\/li>\n\n\t\t\t\n\t\t\t\t<li>\n\t\t\t\t\tBew\u00e4hrte L\u00f6sung mit derzeit 500 Millionen konvertierten Dokumenten pro Jahr.\n\t\t\t\t\t\t\t\t\t<\/li>\n\n\t\t\t\n\t\t\t\t<li>\n\t\t\t\t\tProfitieren Sie von optimierten Preisen als OS4X Enterpris-Kunde, sparen Sie bis zu 50% gegen\u00fcber Konkurrenzabgeboten!\n\t\t\t\t\t\t\t\t\t<\/li>\n\n\t\t\t\n\t\t\t\t<li>\n\t\t\t\t\tViel g\u00fcnstiger als Inhouse-L\u00f6sungen, da Lizenzkosten entfallen.\n\t\t\t\t\t\t\t\t\t<\/li>\n\n\t\t\t\t\t\t<\/ul>\n<\/div>\t\t<\/div>\n\t<\/div>\n<\/div><\/div>\n\n<div class=\"fw-row\">\n\t<div id=\"column-69d782d49081f\" class=\"fw-col-sm-12 tf-sh-c7faa22ffca23dbe608183205a89333c\" >\n\t<div class=\"fw-wrap-col-inner clearfix  \"   >\n\t\t\t\t<div class=\"fw-col-inner\">\n\t\t\t<div class=\"fw-heading fw-heading-left  tf-sh-e7a1b096fccf854c3b77feedec7f77aa\" >\n\t\t\t<h2 class=\"fw-special-title\">Interessiert?<\/h2>\n\t\n\t\n\t<\/div><div class=\"fw-text-box tf-sh-72dc8f6e479794d6644afe86f8d23641 \" >\n\t<div class=\"fw-text-inner\">\n\t\t<div id=\"contentWrapper\">\n<div id=\"content\">\n<div id=\"content_inner\">\n<div id=\"main\">\n<div id=\"c1171\" class=\"csc-default\">\n<p class=\"bodytext\"><a href=\"mailto:kontakt@c-works.de\">Kontaktieren Sie uns via Email<\/a>\u00a0um ein detailliertes Angebot zu erhalten.<\/p>\n<\/div>\n<\/div>\n<\/div>\n<\/div>\n<\/div>\n<div id=\"footer\">\n<div class=\"multibg\"><\/div>\n<\/div>\n\t<\/div>\n<\/div>\t\t<\/div>\n\t<\/div>\n<\/div><\/div>\n\n\t<\/div>\n\t<\/section>\n","protected":false},"excerpt":{"rendered":"<p>OS4X EDI-Konverter Sobald Sie EDI-Dateien von einem Format in ein anderes konvertieren m\u00fcssen, haben wir die L\u00f6sung f\u00fcr Sie: das OS4X online EDI-Konverter Plugin. F\u00fcr OS4X Enterprise bieten wir eine kosteneffektive L\u00f6sung zur Anbindung eines Online-EDI-Konverters an, die in der Lage ist jedes m\u00f6gliche Quellformat in jedes beliebige Zielformat zu konvertieren. Abh\u00e4ngig von Ihren Anforderungen [&hellip;]<\/p>\n","protected":false},"author":1,"featured_media":0,"parent":11,"menu_order":0,"comment_status":"closed","ping_status":"closed","template":"visual-builder-template.php","meta":{"footnotes":""},"class_list":["post-190","page","type-page","status-publish","hentry"],"aioseo_notices":[],"post_mailing_queue_ids":[],"_links":{"self":[{"href":"https:\/\/www.os4x.com\/de\/wp-json\/wp\/v2\/pages\/190","targetHints":{"allow":["GET"]}}],"collection":[{"href":"https:\/\/www.os4x.com\/de\/wp-json\/wp\/v2\/pages"}],"about":[{"href":"https:\/\/www.os4x.com\/de\/wp-json\/wp\/v2\/types\/page"}],"author":[{"embeddable":true,"href":"https:\/\/www.os4x.com\/de\/wp-json\/wp\/v2\/users\/1"}],"replies":[{"embeddable":true,"href":"https:\/\/www.os4x.com\/de\/wp-json\/wp\/v2\/comments?post=190"}],"version-history":[{"count":3,"href":"https:\/\/www.os4x.com\/de\/wp-json\/wp\/v2\/pages\/190\/revisions"}],"predecessor-version":[{"id":506,"href":"https:\/\/www.os4x.com\/de\/wp-json\/wp\/v2\/pages\/190\/revisions\/506"}],"up":[{"embeddable":true,"href":"https:\/\/www.os4x.com\/de\/wp-json\/wp\/v2\/pages\/11"}],"wp:attachment":[{"href":"https:\/\/www.os4x.com\/de\/wp-json\/wp\/v2\/media?parent=190"}],"curies":[{"name":"wp","href":"https:\/\/api.w.org\/{rel}","templated":true}]}}