{"id":180,"date":"2020-03-26T13:53:37","date_gmt":"2020-03-26T12:53:37","guid":{"rendered":"https:\/\/www.os4x.com\/?page_id=180"},"modified":"2025-12-02T10:24:09","modified_gmt":"2025-12-02T09:24:09","slug":"os4xvirtual","status":"publish","type":"page","link":"https:\/\/www.os4x.com\/de\/produkte\/os4xvirtual\/","title":{"rendered":"OS4Xvirtual"},"content":{"rendered":"<section   class=\"fw-main-row  auto  fw-section-position-back\"    >\n\t\t\t<div class=\"fw-container\" >\n\t\t<div class=\"fw-row\">\n\t<div id=\"column-69e47d60c4c09\" class=\"fw-col-sm-12 tf-sh-c922618dec27430b10aca35557558aea\" >\n\t<div class=\"fw-wrap-col-inner clearfix  \"   >\n\t\t\t\t<div class=\"fw-col-inner\">\n\t\t\t<div class=\"fw-heading fw-heading-left  tf-sh-2d4caf7fdd14d642a0e7466a3e9a7016\" >\n\t\t\t<h1 class=\"fw-special-title\">OS4Xvirtual<\/h1>\n\t\n\t\n\t<\/div><div class=\"fw-heading fw-heading-left  tf-sh-b10f45da6b60666e416157371b241377\" >\n\t\t\t<h2 class=\"fw-special-title\">F\u00fcr virtualisierte Umgebungen ist OS4X in einer vorinstallierten virtuellen Maschine verf\u00fcgbar, sofort einsatzbereit. Kostenlos!<\/h2>\n\t\n\t\n\t<\/div><div class=\"fw-text-box tf-sh-6258eb55f49df58347f86446b36dec8c \" >\n\t<div class=\"fw-text-inner\">\n\t\t<div id=\"c175\" class=\"csc-default csc-space-after-30\">\n<div class=\"csc-textpic csc-textpic-intext-left\">\n<div class=\"csc-textpic-text\">\n<p class=\"bodytext\"><img loading=\"lazy\" decoding=\"async\" class=\"alignleft size-medium wp-image-102\" src=\"https:\/\/www.os4x.com\/wp-content\/uploads\/2020\/03\/OS4Xvirtual_new-300x300.png\" alt=\"\" width=\"300\" height=\"300\" srcset=\"https:\/\/www.os4x.com\/wp-content\/uploads\/2020\/03\/OS4Xvirtual_new-300x300.png 300w, https:\/\/www.os4x.com\/wp-content\/uploads\/2020\/03\/OS4Xvirtual_new-150x150.png 150w, https:\/\/www.os4x.com\/wp-content\/uploads\/2020\/03\/OS4Xvirtual_new-768x768.png 768w, https:\/\/www.os4x.com\/wp-content\/uploads\/2020\/03\/OS4Xvirtual_new-800x800.png 800w, https:\/\/www.os4x.com\/wp-content\/uploads\/2020\/03\/OS4Xvirtual_new.png 1024w\" sizes=\"auto, (max-width: 300px) 100vw, 300px\" \/>Um mit OFTP2 schnellstm\u00f6glich beginnen zu k\u00f6nnen ist die virtuelle OS4X-Maschine zum kostenlosen Download verf\u00fcgbar. Sie bietet alle Funktionen die Sie ben\u00f6tigen mit allen Systemvoraussetzungen, sodass Sie kein unn\u00f6tige Zeit an der Systemkonfiguration verschwenden m\u00fcssen. Die virtuelle Maschine ist lauff\u00e4hig in vielen Virtualisierungsl\u00f6sungen nutzbar, wie z.B. VMWare Player, ESX(i) Server, oder auch nicht-VMWare-Produkte. So k\u00f6nnen Sie OS4X in Ihre Umgebung integrieren ohne in Hardwarekosten zu investieren.<\/p>\n<\/div>\n<\/div>\n<\/div>\n\t<\/div>\n<\/div>\t\t<\/div>\n\t<\/div>\n<\/div><\/div>\n\n<div class=\"fw-row\">\n\t<div id=\"column-69e47d60c4ea8\" class=\"fw-col-sm-12 tf-sh-221fe190e089fc6d0e24ab2e3bd60679\" >\n\t<div class=\"fw-wrap-col-inner clearfix  \"   >\n\t\t\t\t<div class=\"fw-col-inner\">\n\t\t\t<div class=\"fw-heading fw-heading-left  tf-sh-fc6470d867b44e3daa36f18e58566762\" >\n\t\t\t<h2 class=\"fw-special-title\">Zielgruppe<\/h2>\n\t\n\t\n\t<\/div><div class=\"fw-text-box tf-sh-95bc6ad1b6ce0e832491f1c9486bbe09 \" >\n\t<div class=\"fw-text-inner\">\n\t\t<p class=\"bodytext\">OS4Xvirtual ist eine sofort einsetzbare L\u00f6sung f\u00fcr alle Personenkreise, wie z.B.:<\/p>\n\t<\/div>\n<\/div><div class=\"fw-list list-default  tf-sh-82a74bc7f1508a3321500405a3f1fb84 \" >\n\t<ul>\n\t\t\n\t\t\t\n\t\t\t\t<li>\n\t\t\t\t\tKunden die eine OFTP2-L\u00f6sung sofort ben\u00f6tigen.\n\t\t\t\t\t\t\t\t\t<\/li>\n\n\t\t\t\n\t\t\t\t<li>\n\t\t\t\t\tTester, die verifizieren wollen wie sich OS4X in ihrer Umgebung verh\u00e4lt.\n\t\t\t\t\t\t\t\t\t<\/li>\n\n\t\t\t\n\t\t\t\t<li>\n\t\t\t\t\tSystemadministratoren, die den Wert und Nutzen Ihrer Virtualisierungsumgebung erh\u00f6hen wollen.\n\t\t\t\t\t\t\t\t\t<\/li>\n\n\t\t\t\n\t\t\t\t<li>\n\t\t\t\t\tKunden, die sich nicht um die Erf\u00fcllung der Systemvoraussetzungen k\u00fcmmern m\u00f6chten, da sie keine eigene Unix\/Linux-Installation haben.\n\t\t\t\t\t\t\t\t\t<\/li>\n\n\t\t\t\t\t\t<\/ul>\n<\/div>\t\t<\/div>\n\t<\/div>\n<\/div><\/div>\n\n<div class=\"fw-row\">\n\t<div id=\"column-69e47d60c5171\" class=\"fw-col-sm-12 tf-sh-1d3110f26b4123d705a780b0cb49bf21\" >\n\t<div class=\"fw-wrap-col-inner clearfix  \"   >\n\t\t\t\t<div class=\"fw-col-inner\">\n\t\t\t<div class=\"fw-heading fw-heading-left  tf-sh-c6330d0c5ecf7e50999c488fcce30205\" >\n\t\t\t<h2 class=\"fw-special-title\">Hauptmerkmale<\/h2>\n\t\n\t\n\t<\/div><div class=\"fw-text-box tf-sh-a8c8b29d2c9cea0c4cdb42ecfc2ca887 \" >\n\t<div class=\"fw-text-inner\">\n\t\t<p class=\"bodytext\">Die virtuelle Maschine bringt u.a. folgende Eigenschaften mit:<\/p>\n\t<\/div>\n<\/div><div class=\"fw-list list-default  tf-sh-9b4cafe93b0042ba0df71ec4f6ed4b79 \" >\n\t<ul>\n\t\t\n\t\t\t\n\t\t\t\t<li>\n\t\t\t\t\tStandard Debian 12-Installation mit aktuellen Updates.\n\t\t\t\t\t\t\t\t\t<\/li>\n\n\t\t\t\n\t\t\t\t<li>\n\t\t\t\t\tAlle Systemvoraussetzungen f\u00fcr OS4X sind erf\u00fcllt.\n\t\t\t\t\t\t\t\t\t<\/li>\n\n\t\t\t\n\t\t\t\t<li>\n\t\t\t\t\tAktuellste OS4X-Installation, sofort einsatzbereit mit dem Konfigurations-Wizard.\n\t\t\t\t\t\t\t\t\t<\/li>\n\n\t\t\t\t\t\t<\/ul>\n<\/div>\t\t<\/div>\n\t<\/div>\n<\/div><\/div>\n\n\t<\/div>\n\t<\/section>\n","protected":false},"excerpt":{"rendered":"<p>OS4Xvirtual F\u00fcr virtualisierte Umgebungen ist OS4X in einer vorinstallierten virtuellen Maschine verf\u00fcgbar, sofort einsatzbereit. Kostenlos! Um mit OFTP2 schnellstm\u00f6glich beginnen zu k\u00f6nnen ist die virtuelle OS4X-Maschine zum kostenlosen Download verf\u00fcgbar. Sie bietet alle Funktionen die Sie ben\u00f6tigen mit allen Systemvoraussetzungen, sodass Sie kein unn\u00f6tige Zeit an der Systemkonfiguration verschwenden m\u00fcssen. Die virtuelle Maschine ist lauff\u00e4hig [&hellip;]<\/p>\n","protected":false},"author":1,"featured_media":0,"parent":11,"menu_order":0,"comment_status":"closed","ping_status":"closed","template":"visual-builder-template.php","meta":{"footnotes":""},"class_list":["post-180","page","type-page","status-publish","hentry"],"aioseo_notices":[],"post_mailing_queue_ids":[],"_links":{"self":[{"href":"https:\/\/www.os4x.com\/de\/wp-json\/wp\/v2\/pages\/180","targetHints":{"allow":["GET"]}}],"collection":[{"href":"https:\/\/www.os4x.com\/de\/wp-json\/wp\/v2\/pages"}],"about":[{"href":"https:\/\/www.os4x.com\/de\/wp-json\/wp\/v2\/types\/page"}],"author":[{"embeddable":true,"href":"https:\/\/www.os4x.com\/de\/wp-json\/wp\/v2\/users\/1"}],"replies":[{"embeddable":true,"href":"https:\/\/www.os4x.com\/de\/wp-json\/wp\/v2\/comments?post=180"}],"version-history":[{"count":4,"href":"https:\/\/www.os4x.com\/de\/wp-json\/wp\/v2\/pages\/180\/revisions"}],"predecessor-version":[{"id":1386,"href":"https:\/\/www.os4x.com\/de\/wp-json\/wp\/v2\/pages\/180\/revisions\/1386"}],"up":[{"embeddable":true,"href":"https:\/\/www.os4x.com\/de\/wp-json\/wp\/v2\/pages\/11"}],"wp:attachment":[{"href":"https:\/\/www.os4x.com\/de\/wp-json\/wp\/v2\/media?parent=180"}],"curies":[{"name":"wp","href":"https:\/\/api.w.org\/{rel}","templated":true}]}}