{"id":1423,"date":"2026-03-03T10:36:34","date_gmt":"2026-03-03T09:36:34","guid":{"rendered":"https:\/\/www.os4x.com\/?page_id=1423"},"modified":"2026-03-05T10:45:36","modified_gmt":"2026-03-05T09:45:36","slug":"umfrage-zu-peppol-unterstuetzung-in-os4x","status":"publish","type":"page","link":"https:\/\/www.os4x.com\/de\/umfrage-zu-peppol-unterstuetzung-in-os4x\/","title":{"rendered":"Umfrage zu Peppol-Unterst\u00fctzung in OS4X"},"content":{"rendered":"<section   class=\"fw-main-row  auto  fw-section-position-back\"    >\n\t\t\t<div class=\"fw-container\" >\n\t\t<div class=\"fw-row\">\n\t<div id=\"column-69f4035ae8e04\" class=\"fw-col-sm-12 tf-sh-92786bb94b7a4023b031a2b4b987d7b7\" >\n\t<div class=\"fw-wrap-col-inner clearfix  \"   >\n\t\t\t\t<div class=\"fw-col-inner\">\n\t\t\t<div class=\"fw-heading fw-heading-left  tf-sh-fe152aba5beb20d3cdd3901eea342723\" >\n\t\t\t<h2 class=\"fw-special-title\">Peppol-Unterst\u00fctzung in OS4X<\/h2>\n\t\n\t\n\t<\/div>\t\t<\/div>\n\t<\/div>\n<\/div><\/div>\n\n<div class=\"fw-row\">\n\t<div id=\"column-69f4035ae8ff2\" class=\"fw-col-sm-12 tf-sh-77c9358274245232cb9e42444968e8c3\" >\n\t<div class=\"fw-wrap-col-inner clearfix  \"   >\n\t\t\t\t<div class=\"fw-col-inner\">\n\t\t\t<div class=\"fw-text-box tf-sh-025b59dea9b01105018beabb2ded76d1  fw-animated-element\"  data-animation-type=\"fadeInUp\" data-animation-delay=\"200\">\n\t<div class=\"fw-text-inner\">\n\t\t<p>Gemeinsam mit einem Gesch\u00e4ftspartner k\u00f6nnen wir Unterst\u00fctzung f\u00fcr den Datenaustausch im Peppol-Netzwerk (typischerweise genutzt f\u00fcr elektronische Rechnungen) in OS4X integrieren. Diese Umfrage dient der Abfrage, ob eine solche Unterst\u00fctzung f\u00fcr Sie sinnvoll ist, bei einem positiven Ergebnis w\u00fcrden wir die Integration in eine zuk\u00fcnftige OS4X-Release integrieren.<\/p>\n\t<\/div>\n<\/div>\t\t<\/div>\n\t<\/div>\n<\/div><\/div>\n\n<div class=\"fw-row\">\n\t<div id=\"column-69f4035ae9191\" class=\"fw-col-sm-12 tf-sh-92786bb94b7a4023b031a2b4b987d7b7\" >\n\t<div class=\"fw-wrap-col-inner clearfix  \"   >\n\t\t\t\t<div class=\"fw-col-inner\">\n\t\t\t<div class=\"fw-contact-form tf-sh-1779f73d2b6f6ec5e3ccf136b8891690 \" data-redirect-page=\"\">\n\t<div class=\"fw-row wrap-forms wrap-contact-forms\">\n\t\t<form data-fw-form-id=\"fw_form\" method=\"post\" action=\"https:\/\/www.os4x.com\/de\/wp-json\/wp\/v2\/pages\/1423\" class=\"fw_form_fw_form\" data-fw-ext-forms-type=\"contact-forms\"  ><input type=\"hidden\" name=\"fwf\" value=\"fw_form\" \/><input type=\"hidden\" id=\"_nonce_ebda83111b07a77f241fb0432ca8de98\" name=\"_nonce_ebda83111b07a77f241fb0432ca8de98\" value=\"0a0f2ae318\" \/><input type=\"hidden\" name=\"_wp_http_referer\" value=\"\/de\/wp-json\/wp\/v2\/pages\/1423\" \/><input type=\"hidden\" name=\"fw_ext_forms_form_type\" value=\"contact-forms\" \/><input type=\"hidden\" name=\"fw_ext_forms_form_id\" value=\"1779f73d2b6f6ec5e3ccf136b8891690\" \/><div class=\"fw-row\"><\/div><div class=\"fw-row\">\t<div class=\"fw-col-xs-12 fw-col-sm-6 form-builder-item\">\n\t\t<div class=\"field-select\">\n\t\t\t\t\t\t\t<label for=\"id-1\">Sind Sie an einer solchen Unterst\u00fctzung interessiert?\t\t\t\t\t<sup>*<\/sup>\t\t\t\t<\/label>\n\t\t\t\t\t\t<select class=\"select-field\" name=\"select_270d284\" id=\"id-1\"  >\n\t\t\t\t\t\t\t\t\t<option value=\"Ja\"  >Ja<\/option>\n\t\t\t\t\t\t\t\t\t<option value=\"Nein\"  >Nein<\/option>\n\t\t\t\t\t\t\t<\/select>\n\t\t\t\t\t<\/div>\n\t<\/div>\n<div class=\"fw-col-xs-12 fw-col-sm-6 form-builder-item\">\n\t<div class=\"field-text\">\n\t\t\t\t\t<label for=\"id-2\">Ihre Email-Adresse\t\t\t\t\t\t\t<\/label>\n\t\t\t\t<input type=\"text\" name=\"email_5dbdb93\" placeholder=\"\" value=\"\" id=\"id-2\" >\n\t\t\t\t\t<p><em>Geben Sie optional Ihre Email-Adresse an, um mehr Informationen zu der Integration von Peppol in OS4X zu erfahren.<\/em><\/p>\n\t\t\t<\/div>\n<\/div><\/div><div class=\"fw-row\"><div class=\"fw-col-xs-12 fw-col-sm-6 form-builder-item\">\n\t<div class=\"field-textarea\">\n\t\t\t\t\t<label for=\"id-3\">Kommentar\t\t\t\t\t\t\t<\/label>\n\t\t\t\t<textarea name=\"textarea_1602544\" placeholder=\"\" id=\"id-3\" ><\/textarea>\n\t\t\t\t\t<p><em>Falls Sie uns noch etwas mitteilen m\u00f6chten, k\u00f6nnen Sie uns einen Kommentar hinterlassen.<\/em><\/p>\n\t\t\t<\/div>\n<\/div><div class=\"fw-col-xs-12 fw-col-sm-6 form-builder-item\">\n\t<div class=\"field-recaptcha\">\n\t\t<label>Recaptcha<\/label>\n\t\t<input type=\"hidden\" name=\"recaptcha_c4975d3\">\n\t\t<div class=\"form-builder-item-recaptcha\" ><\/div>\n\t<\/div>\n<\/div><\/div><div class=\"fw-row\"><\/div><div class=\"fw-row\">\n\t\t\t<div class=\"fw-col-sm-12 field-submit text-left\">\n\t\t\t<button type=\"submit\" class=\"fw-btn  fw-btn-md fw-btn-1\" style=\"\">\n\t\t\t\t<span>\n\t\t\t\t\t\t\t\t\t\t\t<i class=\"pull-left-icon fa fa-comments-o\" style=\"font-size:12px;\"><\/i>Absenden\t\t\t\t\t\t\t\t\t<\/span>\n\t\t\t<\/button>\n\t\t<\/div>\n\t<\/div><\/form>\t<\/div>\n<\/div>\t\t<\/div>\n\t<\/div>\n<\/div><\/div>\n\n\t<\/div>\n\t<\/section>\n","protected":false},"excerpt":{"rendered":"<p>Peppol-Unterst\u00fctzung in OS4X Gemeinsam mit einem Gesch\u00e4ftspartner k\u00f6nnen wir Unterst\u00fctzung f\u00fcr den Datenaustausch im Peppol-Netzwerk (typischerweise genutzt f\u00fcr elektronische Rechnungen) in OS4X integrieren. Diese Umfrage dient der Abfrage, ob eine solche Unterst\u00fctzung f\u00fcr Sie sinnvoll ist, bei einem positiven Ergebnis w\u00fcrden wir die Integration in eine zuk\u00fcnftige OS4X-Release integrieren. Sind Sie an einer solchen Unterst\u00fctzung [&hellip;]<\/p>\n","protected":false},"author":1,"featured_media":0,"parent":0,"menu_order":0,"comment_status":"closed","ping_status":"closed","template":"visual-builder-template.php","meta":{"footnotes":""},"class_list":["post-1423","page","type-page","status-publish","hentry"],"aioseo_notices":[],"post_mailing_queue_ids":[],"_links":{"self":[{"href":"https:\/\/www.os4x.com\/de\/wp-json\/wp\/v2\/pages\/1423","targetHints":{"allow":["GET"]}}],"collection":[{"href":"https:\/\/www.os4x.com\/de\/wp-json\/wp\/v2\/pages"}],"about":[{"href":"https:\/\/www.os4x.com\/de\/wp-json\/wp\/v2\/types\/page"}],"author":[{"embeddable":true,"href":"https:\/\/www.os4x.com\/de\/wp-json\/wp\/v2\/users\/1"}],"replies":[{"embeddable":true,"href":"https:\/\/www.os4x.com\/de\/wp-json\/wp\/v2\/comments?post=1423"}],"version-history":[{"count":11,"href":"https:\/\/www.os4x.com\/de\/wp-json\/wp\/v2\/pages\/1423\/revisions"}],"predecessor-version":[{"id":1435,"href":"https:\/\/www.os4x.com\/de\/wp-json\/wp\/v2\/pages\/1423\/revisions\/1435"}],"wp:attachment":[{"href":"https:\/\/www.os4x.com\/de\/wp-json\/wp\/v2\/media?parent=1423"}],"curies":[{"name":"wp","href":"https:\/\/api.w.org\/{rel}","templated":true}]}}