{"id":11,"date":"2020-03-20T14:46:38","date_gmt":"2020-03-20T13:46:38","guid":{"rendered":"https:\/\/www.os4x.com\/?page_id=11"},"modified":"2020-04-06T16:27:18","modified_gmt":"2020-04-06T14:27:18","slug":"produkte","status":"publish","type":"page","link":"https:\/\/www.os4x.com\/de\/produkte\/","title":{"rendered":"Produkte"},"content":{"rendered":"<section   class=\"fw-main-row  auto  fw-section-position-back\"    >\n\t\t\t<div class=\"fw-container\" >\n\t\t<div class=\"fw-row\">\n\t<div id=\"column-69e47e3c480da\" class=\"fw-col-sm-12 tf-sh-47c2b60b4ca5375c9e3b1617230b0de9\" >\n\t<div class=\"fw-wrap-col-inner clearfix  \"   >\n\t\t\t\t<div class=\"fw-col-inner\">\n\t\t\t<div class=\"fw-heading fw-heading-left  tf-sh-f144d513b321af6e1f8ed09ec673606e\" >\n\t\t\t<h2 class=\"fw-special-title\">Produkte<\/h2>\n\t\n\t\n\t<\/div><div class=\"fw-text-box tf-sh-0bfc48525c7edbcb2e3dfc38d1a62cb3 \" >\n\t<div class=\"fw-text-inner\">\n\t\t<div id=\"c13\" class=\"csc-default\">\n<div class=\"csc-textpic-text\">\n<p class=\"bodytext\">OS4X ist in mehreren Ausf\u00fchrungen verf\u00fcgbar und ist indidivuell konfigurierbar in Ihrem Umfeld einsetzbar.<\/p>\n<\/div>\n<\/div>\n\t<\/div>\n<\/div>\t\t<\/div>\n\t<\/div>\n<\/div><\/div>\n\n<div class=\"fw-row\">\n\t<div id=\"column-69e47e3c482bd\" class=\"fw-col-sm-12 tf-sh-621828a9578427082ce3e30db014ea7b  fw-animated-element\" data-animation-type=\"fadeInLeft\" data-animation-delay=\"200\">\n\t<div class=\"fw-wrap-col-inner clearfix  \"   >\n\t\t\t\t<div class=\"fw-col-inner\">\n\t\t\t<div class=\"fw-heading fw-heading-left  tf-sh-58b8b6bf718040ee370081e2b47a8393\" >\n\t\t\t<h2 class=\"fw-special-title\">OS4X Core<\/h2>\n\t\n\t\n\t<\/div><div class=\"fw-text-box tf-sh-6e6144aa346d267c3dfa246e99947a33 \" >\n\t<div class=\"fw-text-inner\">\n\t\t<div id=\"c240\" class=\"csc-default csc-space-after-30\">\n<div class=\"csc-textpic csc-textpic-intext-left-nowrap\">\n<div class=\"csc-textpic-text\">\n<p class=\"bodytext\"><a title=\"OS4X Core\" href=\"https:\/\/www.os4x.com\/produkte\/os4x-core\/\"><img loading=\"lazy\" decoding=\"async\" class=\"alignleft size-medium wp-image-97\" src=\"https:\/\/www.os4x.com\/wp-content\/uploads\/2020\/03\/Core_new2-300x300.png\" alt=\"\" width=\"300\" height=\"300\" srcset=\"https:\/\/www.os4x.com\/wp-content\/uploads\/2020\/03\/Core_new2-300x300.png 300w, https:\/\/www.os4x.com\/wp-content\/uploads\/2020\/03\/Core_new2-150x150.png 150w, https:\/\/www.os4x.com\/wp-content\/uploads\/2020\/03\/Core_new2-768x768.png 768w, https:\/\/www.os4x.com\/wp-content\/uploads\/2020\/03\/Core_new2-800x800.png 800w, https:\/\/www.os4x.com\/wp-content\/uploads\/2020\/03\/Core_new2.png 1024w\" sizes=\"auto, (max-width: 300px) 100vw, 300px\" \/><\/a>Als L\u00f6sung f\u00fcr den automatisierten dateibasierten Austausch bietet <a title=\"OS4X Core\" href=\"https:\/\/www.os4x.com\/produkte\/os4x-core\/\">OS4X Core<\/a> ein reichhaltiges Angebot, wie z.B die integrierte Zertifikatsverwaltung, Automatismen wie den Verzeichnis-Scanner, die Poll-Queue und andere administrativ interessante Mechanismen. Die Administration erfolgt \u00fcber ein ansprechendes dynamisches HTML5-Webinterface, das ein Desktop-Applikation-\u00e4hnliches Verhalten hat. In dieser Weboberfl\u00e4che k\u00f6nnen Sie Partner einrichten, Protokolle einsehen, Konfigurationsparameter verifizieren und \u00e4ndern, Automatismen einrichten und vieles andere.<\/p>\n<\/div>\n<\/div>\n<\/div>\n\t<\/div>\n<\/div>\t\t<\/div>\n\t<\/div>\n<\/div><\/div>\n\n<div class=\"fw-row\">\n\t<div id=\"column-69e47e3c483e7\" class=\"fw-col-sm-12 tf-sh-acdb05de7d52d739505986df67489043  fw-animated-element\" data-animation-type=\"fadeInRight\" data-animation-delay=\"200\">\n\t<div class=\"fw-wrap-col-inner clearfix  \"   >\n\t\t\t\t<div class=\"fw-col-inner\">\n\t\t\t<div class=\"fw-heading fw-heading-right  tf-sh-a99829f2de68f670429d637285717463\" >\n\t\t\t<h2 class=\"fw-special-title\">OS4X Enterprise<\/h2>\n\t\n\t\n\t<\/div><div class=\"fw-text-box tf-sh-0159d20be605e53efc8f91b97a7892da \" >\n\t<div class=\"fw-text-inner\">\n\t\t<p><a title=\"OS4X Enterprise\" href=\"https:\/\/www.os4x.com\/produkte\/os4x-enterprise\/\"><img loading=\"lazy\" decoding=\"async\" class=\"size-medium wp-image-98 alignright\" src=\"https:\/\/www.os4x.com\/wp-content\/uploads\/2020\/03\/Enterprise_new2-300x300.png\" alt=\"\" width=\"300\" height=\"300\" srcset=\"https:\/\/www.os4x.com\/wp-content\/uploads\/2020\/03\/Enterprise_new2-300x300.png 300w, https:\/\/www.os4x.com\/wp-content\/uploads\/2020\/03\/Enterprise_new2-150x150.png 150w, https:\/\/www.os4x.com\/wp-content\/uploads\/2020\/03\/Enterprise_new2-768x768.png 768w, https:\/\/www.os4x.com\/wp-content\/uploads\/2020\/03\/Enterprise_new2-800x800.png 800w, https:\/\/www.os4x.com\/wp-content\/uploads\/2020\/03\/Enterprise_new2.png 1024w\" sizes=\"auto, (max-width: 300px) 100vw, 300px\" \/><\/a><a title=\"OS4X Enterprise\" href=\"https:\/\/www.os4x.com\/produkte\/os4x-enterprise\/\">OS4X Enterprise<\/a> bietet eine Menge weiterer interessanter Plugins, wie die (De-)Kompression von Daten via ZIP, TAR, gzip und anderen Formaten. Die Integration von ComSecure (f\u00fcr den sicheren Datenaustausch mit VW\/Audi) ist komplett in OS4X integriert und verwaltbar, Sie ben\u00f6tigen somit keine eigene Vorschalt-L\u00f6sung. Email-Benachrichtigungen sowie PDF-Datentransfer-Informationen, welche inhaltlich angepasst\u00a0 und automatisiert per Mail versendet werden k\u00f6nnen, runden das Angebot ab. Die Liste der ausf\u00fchrbaren Plugins ist nicht limitiert, sodass Sie eigene Plugins zur Umsetzung hausinterner L\u00f6sungen selbst implementieren k\u00f6nnen.<br \/><b>Alle Merkmale von OS4X Core sind enthalten!<\/b><\/p>\n\t<\/div>\n<\/div>\t\t<\/div>\n\t<\/div>\n<\/div><\/div>\n\n<div class=\"fw-row\">\n\t<div id=\"column-69e47e3c484fb\" class=\"fw-col-sm-12 tf-sh-c28ab874e1d1df34d1b6020d870499ad  fw-animated-element\" data-animation-type=\"fadeInLeft\" data-animation-delay=\"200\">\n\t<div class=\"fw-wrap-col-inner clearfix  \"   >\n\t\t\t\t<div class=\"fw-col-inner\">\n\t\t\t<div class=\"fw-heading fw-heading-left  tf-sh-bc6882417be27f366db7cdaf587a27b4\" >\n\t\t\t<h2 class=\"fw-special-title\">OS4X OFTP2 SmartProxy<\/h2>\n\t\n\t\n\t<\/div><div class=\"fw-text-box tf-sh-b5f0579e840544c4bf41cbf374e08bfd \" >\n\t<div class=\"fw-text-inner\">\n\t\t<p><a title=\"OS4X OFTP2 SmartProxy\" href=\"https:\/\/www.os4x.com\/produkte\/os4x-oftp2-smartproxy\/\"><img loading=\"lazy\" decoding=\"async\" class=\"alignleft size-medium wp-image-103\" src=\"https:\/\/www.os4x.com\/wp-content\/uploads\/2020\/03\/SmartProxy_new-300x300.png\" alt=\"\" width=\"300\" height=\"300\" srcset=\"https:\/\/www.os4x.com\/wp-content\/uploads\/2020\/03\/SmartProxy_new-300x300.png 300w, https:\/\/www.os4x.com\/wp-content\/uploads\/2020\/03\/SmartProxy_new-150x150.png 150w, https:\/\/www.os4x.com\/wp-content\/uploads\/2020\/03\/SmartProxy_new-768x768.png 768w, https:\/\/www.os4x.com\/wp-content\/uploads\/2020\/03\/SmartProxy_new-800x800.png 800w, https:\/\/www.os4x.com\/wp-content\/uploads\/2020\/03\/SmartProxy_new.png 1024w\" sizes=\"auto, (max-width: 300px) 100vw, 300px\" \/><\/a>Der <a title=\"OS4X OFTP2 SmartProxy\" href=\"https:\/\/www.os4x.com\/produkte\/os4x-oftp2-smartproxy\/\">OS4X OFTP2 SmartProxy<\/a> erlaubt die Kommunikation \u00fcber OFTP2 in einer professionellen Netzwerkumgebung \u00fcber eine DMZ. Sicherheitsoptionen erlauben die offene Kommunikation von innen (der Applikationszone) in die \u00e4u\u00dfere Zone, aber nicht umgekehrt. Mit dem OS4X OFTP2 SmartProxy k\u00f6nenn Sie eingehende OFTP2-Verbindungen sicher umsetzen, indem Sie die Session verifizieren, sogar einzelne OFTP2-Pakete k\u00f6nnen Sie auf Validit\u00e4t hin analysieren lassen. Client-Verbindungen k\u00f6nnen \u00fcber Partner-Informationen abgeglichen werden, die im Client-Zertifikat \u00fcbergeben werden. Eine Unterst\u00fctzung f\u00fcr OFTP1.x ist explizit konfigurierbar, so k\u00f6nnen Sie diesen Proxy f\u00fcr beide Protokolle nutzen. Die Konfiguration erfolgt bequem \u00fcber das OS4X-Webinterface.<\/p>\n\t<\/div>\n<\/div>\t\t<\/div>\n\t<\/div>\n<\/div><\/div>\n\n<div class=\"fw-row\">\n\t<div id=\"column-69e47e3c4860e\" class=\"fw-col-sm-12 tf-sh-5fa91530732d615ad64b4d9c88084583  fw-animated-element\" data-animation-type=\"fadeInRight\" data-animation-delay=\"200\">\n\t<div class=\"fw-wrap-col-inner clearfix  \"   >\n\t\t\t\t<div class=\"fw-col-inner\">\n\t\t\t<div class=\"fw-heading fw-heading-right  tf-sh-82c42661432f73409f9c944c47cf8bf2\" >\n\t\t\t<h2 class=\"fw-special-title\">OS4Xvirtual<\/h2>\n\t\n\t\n\t<\/div><div class=\"fw-text-box tf-sh-eb244369c6661f8d4fdf5f3f175a33d7 \" >\n\t<div class=\"fw-text-inner\">\n\t\t<p><a title=\"OS4Xvirtual\" href=\"https:\/\/www.os4x.com\/produkte\/os4xvirtual\/\"><img loading=\"lazy\" decoding=\"async\" class=\"size-medium wp-image-102 alignright\" src=\"https:\/\/www.os4x.com\/wp-content\/uploads\/2020\/03\/OS4Xvirtual_new-300x300.png\" alt=\"\" width=\"300\" height=\"300\" srcset=\"https:\/\/www.os4x.com\/wp-content\/uploads\/2020\/03\/OS4Xvirtual_new-300x300.png 300w, https:\/\/www.os4x.com\/wp-content\/uploads\/2020\/03\/OS4Xvirtual_new-150x150.png 150w, https:\/\/www.os4x.com\/wp-content\/uploads\/2020\/03\/OS4Xvirtual_new-768x768.png 768w, https:\/\/www.os4x.com\/wp-content\/uploads\/2020\/03\/OS4Xvirtual_new-800x800.png 800w, https:\/\/www.os4x.com\/wp-content\/uploads\/2020\/03\/OS4Xvirtual_new.png 1024w\" sizes=\"auto, (max-width: 300px) 100vw, 300px\" \/><\/a>Mit der\u00a0<b>kostenlosen<\/b>\u00a0<a title=\"OS4Xvirtual\" href=\"https:\/\/www.os4x.com\/produkte\/os4xvirtual\/\">OS4Xvirtual-Appliance<\/a> k\u00f6nnen Sie sofort mit OS4X beginnen! Laden Sie sich die virtuelle Maschine herunter, die eine immer aktuell gehaltene OS4X-Version beinhaltet. Ein Installations-Wizard hilft Ihnen bei der Einrichtung, alle Interaktionen werden bequem \u00fcber eine Weboberfl\u00e4che durchgef\u00fchrt. Somit m\u00fcssen Sie nicht wissen, wo welche Konfigurationsdateien kompliziert zu \u00e4ndern sind.<br \/>Die ISDN-Anbindung ist \u00fcber die Nutzung von RemoteCAPI-Controllern m\u00f6glich.<\/p>\n\t<\/div>\n<\/div>\t\t<\/div>\n\t<\/div>\n<\/div><\/div>\n\n<div class=\"fw-row\">\n\t<div id=\"column-69e47e3c4873d\" class=\"fw-col-sm-12 tf-sh-bd1048ea2525651caabef9fc2a02803a  fw-animated-element\" data-animation-type=\"fadeInLeft\" data-animation-delay=\"200\">\n\t<div class=\"fw-wrap-col-inner clearfix  \"   >\n\t\t\t\t<div class=\"fw-col-inner\">\n\t\t\t<div class=\"fw-heading fw-heading-left  tf-sh-254849aeecfd6d883f96c4aea0681061\" >\n\t\t\t<h2 class=\"fw-special-title\">EDI-Converter<\/h2>\n\t\n\t\n\t<\/div><div class=\"fw-text-box tf-sh-c1495d749ddfc0681bd2562dd01264c9 \" >\n\t<div class=\"fw-text-inner\">\n\t\t<p><a title=\"OS4X EDI-Konverter\" href=\"https:\/\/www.os4x.com\/produkte\/os4x-edi-konverter\/\"><img loading=\"lazy\" decoding=\"async\" class=\"alignleft size-medium wp-image-99\" src=\"https:\/\/www.os4x.com\/wp-content\/uploads\/2020\/03\/EDI-converter_new-300x300.png\" alt=\"\" width=\"300\" height=\"300\" srcset=\"https:\/\/www.os4x.com\/wp-content\/uploads\/2020\/03\/EDI-converter_new-300x300.png 300w, https:\/\/www.os4x.com\/wp-content\/uploads\/2020\/03\/EDI-converter_new-150x150.png 150w, https:\/\/www.os4x.com\/wp-content\/uploads\/2020\/03\/EDI-converter_new-768x768.png 768w, https:\/\/www.os4x.com\/wp-content\/uploads\/2020\/03\/EDI-converter_new-800x800.png 800w, https:\/\/www.os4x.com\/wp-content\/uploads\/2020\/03\/EDI-converter_new.png 1024w\" sizes=\"auto, (max-width: 300px) 100vw, 300px\" \/><\/a>Falls Sie eine L\u00f6sung ben\u00f6tigen um beliebige EDI-Formate zu wandeln, haben wir eine erprobte und robuste L\u00f6sung f\u00fcr Sie parat: den <a title=\"OS4X EDI-Konverter\" href=\"https:\/\/www.os4x.com\/produkte\/os4x-edi-konverter\/\">OS4X EDI-Converter<\/a>.<\/p>\n\t<\/div>\n<\/div>\t\t<\/div>\n\t<\/div>\n<\/div><\/div>\n\n<div class=\"fw-row\">\n\t<div id=\"column-69e47e3c48831\" class=\"fw-col-sm-12 tf-sh-b0224c495bec567d4a9ad18b8582616b  fw-animated-element\" data-animation-type=\"fadeInRight\" data-animation-delay=\"200\">\n\t<div class=\"fw-wrap-col-inner clearfix  \"   >\n\t\t\t\t<div class=\"fw-col-inner\">\n\t\t\t<div class=\"fw-heading fw-heading-right  tf-sh-9c44d83bfb1af3637aee2cdbeea950ae\" >\n\t\t\t<h2 class=\"fw-special-title\">OS4X Portal<\/h2>\n\t\n\t\n\t<\/div><div class=\"fw-text-box tf-sh-3ccc46f8aadf9470efcf03cef41c2956 \" >\n\t<div class=\"fw-text-inner\">\n\t\t<p><a title=\"OS4X Portal\" href=\"https:\/\/www.os4x.com\/produkte\/os4x-portal\/\"><img loading=\"lazy\" decoding=\"async\" class=\"size-medium wp-image-100 alignright\" src=\"https:\/\/www.os4x.com\/wp-content\/uploads\/2020\/03\/OS4X_Portal-300x300.png\" alt=\"\" width=\"300\" height=\"300\" srcset=\"https:\/\/www.os4x.com\/wp-content\/uploads\/2020\/03\/OS4X_Portal-300x300.png 300w, https:\/\/www.os4x.com\/wp-content\/uploads\/2020\/03\/OS4X_Portal-150x150.png 150w, https:\/\/www.os4x.com\/wp-content\/uploads\/2020\/03\/OS4X_Portal-768x768.png 768w, https:\/\/www.os4x.com\/wp-content\/uploads\/2020\/03\/OS4X_Portal-800x800.png 800w, https:\/\/www.os4x.com\/wp-content\/uploads\/2020\/03\/OS4X_Portal.png 1024w\" sizes=\"auto, (max-width: 300px) 100vw, 300px\" \/><\/a>Mit <a title=\"OS4X Portal\" href=\"https:\/\/www.os4x.com\/produkte\/os4x-portal\/\">OS4X Portal<\/a> sind Sie in der Lage, automatisierten Datenaustausch mit Ihren Partnern durchzuf\u00fchren, komplett protokolliert, dokumentiert, automatisiert und angepasst an Ihre Business-Prozesse. OS4X Portal bietet eine weite Palette an Funktionalit\u00e4ten f\u00fcr den sicheren Datenaustausch zwischen internen und externen Netzwerkzonen.<\/p>\n\t<\/div>\n<\/div>\t\t<\/div>\n\t<\/div>\n<\/div><\/div>\n\n<div class=\"fw-row\">\n\t<div id=\"column-69e47e3c48936\" class=\"fw-col-sm-12 tf-sh-26717472a68a4b5c132f6a8d452af62d  fw-animated-element\" data-animation-type=\"fadeInLeft\" data-animation-delay=\"200\">\n\t<div class=\"fw-wrap-col-inner clearfix  \"   >\n\t\t\t\t<div class=\"fw-col-inner\">\n\t\t\t<div class=\"fw-heading fw-heading-left  tf-sh-2abf231b602b9e33252b1668713be3a6\" >\n\t\t\t<h2 class=\"fw-special-title\">OFTPi<\/h2>\n\t\n\t\n\t<\/div><div class=\"fw-text-box tf-sh-966f5018055b9c995ca79249f9cc67d4 \" >\n\t<div class=\"fw-text-inner\">\n\t\t<p><a title=\"OFTPi\" href=\"https:\/\/www.os4x.com\/produkte\/oftpi\/\"><img loading=\"lazy\" decoding=\"async\" class=\"alignleft size-medium wp-image-101\" src=\"https:\/\/www.os4x.com\/wp-content\/uploads\/2020\/03\/OS4Xpi-300x300.png\" alt=\"\" width=\"300\" height=\"300\" srcset=\"https:\/\/www.os4x.com\/wp-content\/uploads\/2020\/03\/OS4Xpi-300x300.png 300w, https:\/\/www.os4x.com\/wp-content\/uploads\/2020\/03\/OS4Xpi-150x150.png 150w, https:\/\/www.os4x.com\/wp-content\/uploads\/2020\/03\/OS4Xpi-768x768.png 768w, https:\/\/www.os4x.com\/wp-content\/uploads\/2020\/03\/OS4Xpi-800x800.png 800w, https:\/\/www.os4x.com\/wp-content\/uploads\/2020\/03\/OS4Xpi.png 1024w\" sizes=\"auto, (max-width: 300px) 100vw, 300px\" \/><\/a>Mit <a title=\"OFTPi\" href=\"https:\/\/www.os4x.com\/produkte\/oftpi\/\">OFTPi<\/a> k\u00f6nnen Sie OS4X auf einem Raspberry Pi in Ihre Systemumgebung mit voller Funktionalit\u00e4t, bestem Komfort und geringem Preis integrieren.<\/p>\n\t<\/div>\n<\/div>\t\t<\/div>\n\t<\/div>\n<\/div><\/div>\n\n<div class=\"fw-row\">\n\t<div id=\"column-69e47e3c48a3c\" class=\"fw-col-sm-12 tf-sh-4b747e8d905e8f68cc86d91970cff631  fw-animated-element\" data-animation-type=\"fadeInRight\" data-animation-delay=\"200\">\n\t<div class=\"fw-wrap-col-inner clearfix  \"   >\n\t\t\t\t<div class=\"fw-col-inner\">\n\t\t\t<div class=\"fw-heading fw-heading-right  tf-sh-aebed647619f5e4c09b06fef9058d042\" >\n\t\t\t<h2 class=\"fw-special-title\">OS4X Docker<\/h2>\n\t\n\t\n\t<\/div><div class=\"fw-text-box tf-sh-b6e43956bc80fdf80a31836d6369926d \" >\n\t<div class=\"fw-text-inner\">\n\t\t<p><img loading=\"lazy\" decoding=\"async\" class=\"alignright wp-image-497 size-medium\" src=\"https:\/\/www.os4x.com\/wp-content\/uploads\/2020\/04\/OS4X_Docker-300x300.png\" alt=\"\" width=\"300\" height=\"300\" srcset=\"https:\/\/www.os4x.com\/wp-content\/uploads\/2020\/04\/OS4X_Docker-300x300.png 300w, https:\/\/www.os4x.com\/wp-content\/uploads\/2020\/04\/OS4X_Docker.png 1024w, https:\/\/www.os4x.com\/wp-content\/uploads\/2020\/04\/OS4X_Docker-150x150.png 150w, https:\/\/www.os4x.com\/wp-content\/uploads\/2020\/04\/OS4X_Docker-768x768.png 768w, https:\/\/www.os4x.com\/wp-content\/uploads\/2020\/04\/OS4X_Docker-800x800.png 800w\" sizes=\"auto, (max-width: 300px) 100vw, 300px\" \/>Docker bietet eine einzigartige Microservice-Infrastruktur, die als ressourcenschonende Grundlage f\u00fcr eine stabile Umgebung dient, in der <a href=\"https:\/\/hub.docker.com\/r\/oftp2\/os4x\" target=\"_blank\" rel=\"noopener\">OS4X OFTP2 als Service<\/a> anbietet. Vorteile wie Ausfallsicherheit, dynamische Zuweisung von Ressourcen, externe Datenhaltung etc. machen OS4X Docker zu einer optimalen L\u00f6sung f\u00fcr Microservice-orientierte Kunden.<\/p>\n\t<\/div>\n<\/div>\t\t<\/div>\n\t<\/div>\n<\/div><\/div>\n\n\t<\/div>\n\t<\/section>\n","protected":false},"excerpt":{"rendered":"<p>Produkte OS4X ist in mehreren Ausf\u00fchrungen verf\u00fcgbar und ist indidivuell konfigurierbar in Ihrem Umfeld einsetzbar. OS4X Core Als L\u00f6sung f\u00fcr den automatisierten dateibasierten Austausch bietet OS4X Core ein reichhaltiges Angebot, wie z.B die integrierte Zertifikatsverwaltung, Automatismen wie den Verzeichnis-Scanner, die Poll-Queue und andere administrativ interessante Mechanismen. Die Administration erfolgt \u00fcber ein ansprechendes dynamisches HTML5-Webinterface, das [&hellip;]<\/p>\n","protected":false},"author":1,"featured_media":0,"parent":0,"menu_order":0,"comment_status":"closed","ping_status":"closed","template":"visual-builder-template.php","meta":{"footnotes":""},"class_list":["post-11","page","type-page","status-publish","hentry"],"aioseo_notices":[],"post_mailing_queue_ids":[],"_links":{"self":[{"href":"https:\/\/www.os4x.com\/de\/wp-json\/wp\/v2\/pages\/11","targetHints":{"allow":["GET"]}}],"collection":[{"href":"https:\/\/www.os4x.com\/de\/wp-json\/wp\/v2\/pages"}],"about":[{"href":"https:\/\/www.os4x.com\/de\/wp-json\/wp\/v2\/types\/page"}],"author":[{"embeddable":true,"href":"https:\/\/www.os4x.com\/de\/wp-json\/wp\/v2\/users\/1"}],"replies":[{"embeddable":true,"href":"https:\/\/www.os4x.com\/de\/wp-json\/wp\/v2\/comments?post=11"}],"version-history":[{"count":34,"href":"https:\/\/www.os4x.com\/de\/wp-json\/wp\/v2\/pages\/11\/revisions"}],"predecessor-version":[{"id":501,"href":"https:\/\/www.os4x.com\/de\/wp-json\/wp\/v2\/pages\/11\/revisions\/501"}],"wp:attachment":[{"href":"https:\/\/www.os4x.com\/de\/wp-json\/wp\/v2\/media?parent=11"}],"curies":[{"name":"wp","href":"https:\/\/api.w.org\/{rel}","templated":true}]}}